{"id":62,"date":"2019-02-03T17:34:52","date_gmt":"2019-02-03T17:34:52","guid":{"rendered":"https:\/\/clubdepoesia.com\/fernandovegagomez\/?page_id=62"},"modified":"2019-02-03T17:47:19","modified_gmt":"2019-02-03T17:47:19","slug":"poesia","status":"publish","type":"page","link":"https:\/\/clubdepoesia.com\/fernandovegagomez\/poesia\/","title":{"rendered":"Poes\u00eda"},"content":{"rendered":"<div class=\"wpb-content-wrapper\">[vc_row][vc_column extend=&#8221;false&#8221;][vc_column_text css=&#8221;.vc_custom_1549214433788{margin-top: -30000px !important;}&#8221;]\n<h1><strong><em><u>Poes\u00eda del libro ALAS PARA VER, OJOS PARA VOLAR de FERNANDO VEGA G\u00d3MEZ. El escritor nos da una muestra tras publicar un libro.<\/u><\/em><\/strong><\/h1>\n<h2><strong><em><u><img fetchpriority=\"high\" decoding=\"async\" class=\"alignleft size-full wp-image-30\" src=\"https:\/\/clubdepoesia.com\/fernandovegagomez\/files\/2019\/02\/0_Portada_Alasparaverojosparavolar-1.jpg\" alt=\"Alas para ver ojos para volar\" width=\"559\" height=\"794\" srcset=\"https:\/\/clubdepoesia.com\/fernandovegagomez\/files\/2019\/02\/0_Portada_Alasparaverojosparavolar-1.jpg 559w, https:\/\/clubdepoesia.com\/fernandovegagomez\/files\/2019\/02\/0_Portada_Alasparaverojosparavolar-1-211x300.jpg 211w\" sizes=\"(max-width: 559px) 100vw, 559px\" \/>Poes\u00eda del libro ALAS PARA VER, OJOS PARA VOLAR de FERNANDO VEGA G\u00d3MEZ El poeta nos da una muestra tras publicar un libro.<\/u><\/em><\/strong><\/h2>\n<h3><strong><em><u>Poes\u00eda del libro ALAS PARA VER, OJOS PARA VOLAR de FERNANDO VEGA G\u00d3MEZ El autor nos da una muestra tras publicar un libro.<\/u><\/em><\/strong><\/h3>\n<h4><strong><em><u>Poes\u00eda del libro ALAS PARA VER, OJOS PARA VOLAR de FERNANDO VEGA G\u00d3MEZ El autor nos da una muestra tras publicar un libro.<\/u><\/em><\/strong><\/h4>\n<h5><strong><em><u>Poes\u00eda del libro ALAS PARA VER, OJOS PARA VOLAR de FERNANDO VEGA G\u00d3MEZ El autor nos da una muestra tras publicar un libro.<\/u><\/em><\/strong><\/h5>\n[\/vc_column_text][\/vc_column][\/vc_row][vc_row][vc_column extend=&#8221;false&#8221;]<div class='gambit_parallax_row' data-bg-align='' data-direction='fixed' data-opacity='100' data-velocity='-0.3' data-mobile-enabled='' data-bg-height='1067' data-bg-width='1600' data-bg-image='https:\/\/clubdepoesia.com\/fernandovegagomez\/files\/2019\/02\/693rrbitaai.jpg' data-bg-repeat='false' data-id='' style='display: none'><\/div><div class=\"gambit_fullheight_row\" data-content-location=\"center\" style=\"display: none\"><\/div>[\/vc_column][\/vc_row][vc_row][vc_column extend=&#8221;false&#8221;][vc_column_text]\n<h1><a name=\"_Toc533792037\"><\/a><strong>I<\/strong><\/h1>\n<p>&nbsp;<\/p>\n<p>Anoche so\u00f1\u00e9 que ten\u00eda que traspasar unas murallas, eran tan altas y yo tan peque\u00f1o, que la mejor manera que encontr\u00e9 para atravesarlas fue sobre un avi\u00f3n de papel. Al entrar vi gigantes, intent\u00e9 luchar con ellos pero eran demasiado fuertes. A lo lejos vi como el sol era tapado por cientos de aviones de papel que ven\u00edan en mi ayuda.<\/p>\n<p>&nbsp;<\/p>\n<p>No recuerdo nada m\u00e1s de aquel sue\u00f1o, no recuerdo m\u00e1s de aquellos gigantes, solo s\u00e9 que si afrontas los problemas con ayuda, son menos problemas.<\/p>\n<p>&nbsp;<\/p>\n<p>&nbsp;<\/p>\n<span class='bctt-click-to-tweet'><span class='bctt-ctt-text'><a href='https:\/\/x.com\/intent\/tweet?url=https%3A%2F%2Fclubdepoesia.com%2Ffernandovegagomez%2Fpoesia%2F&#038;text=Poes%C3%ADa&#038;via=poesiaerestu&#038;related=poesiaerestu' target='_blank'rel=\"noopener noreferrer\">Poes\u00eda <\/a><\/span><a href='https:\/\/x.com\/intent\/tweet?url=https%3A%2F%2Fclubdepoesia.com%2Ffernandovegagomez%2Fpoesia%2F&#038;text=Poes%C3%ADa&#038;via=poesiaerestu&#038;related=poesiaerestu' target='_blank' class='bctt-ctt-btn'rel=\"noopener noreferrer\">Compartir en X<\/a><\/span>[\/vc_column_text][\/vc_column][\/vc_row][vc_row][vc_column extend=&#8221;false&#8221;]<div class='gambit_parallax_row' data-bg-align='' data-direction='fixed' data-opacity='100' data-velocity='-0.3' data-mobile-enabled='' data-bg-height='1068' data-bg-width='1600' data-bg-image='https:\/\/clubdepoesia.com\/fernandovegagomez\/files\/2019\/02\/derxi-rna2e.jpg' data-bg-repeat='false' data-id='' style='display: none'><\/div><div class=\"gambit_fullheight_row\" data-content-location=\"center\" style=\"display: none\"><\/div>[\/vc_column][\/vc_row][vc_row][vc_column extend=&#8221;false&#8221;][vc_column_text]\n<h1><a name=\"_Toc533792047\"><\/a><strong>XI<\/strong><\/h1>\n<p>&nbsp;<\/p>\n<p>Algunas personas creen que un cuerpo perfecto es aquel estereotipo marcado por una sociedad llena de prejuicios y obsesionada por la imagen.<\/p>\n<p>&nbsp;<\/p>\n<p>Pero el cuerpo perfecto, no es aquel que hace que se giren todos a mirarlo, sino aquel que hace que te gires t\u00fa. Ese cuerpo que te hace sentir aut\u00e9ntico.<\/p>\n<p>&nbsp;<\/p>\n<p>&nbsp;<\/p>\n<p>&nbsp;<\/p>\n<p>&nbsp;<\/p>\n<span class='bctt-click-to-tweet'><span class='bctt-ctt-text'><a href='https:\/\/x.com\/intent\/tweet?url=https%3A%2F%2Fclubdepoesia.com%2Ffernandovegagomez%2Fpoesia%2F&#038;text=XI%C2%A0del%20libro%20ALAS%20PARA%20VER%2C%20OJOS%20PARA%20VOLAR%20de%20FERNANDO%20VEGA%20G%C3%93MEZ&#038;via=poesiaerestu&#038;related=poesiaerestu' target='_blank'rel=\"noopener noreferrer\">XI&nbsp;del libro ALAS PARA VER, OJOS PARA VOLAR de FERNANDO VEGA G\u00d3MEZ <\/a><\/span><a href='https:\/\/x.com\/intent\/tweet?url=https%3A%2F%2Fclubdepoesia.com%2Ffernandovegagomez%2Fpoesia%2F&#038;text=XI%C2%A0del%20libro%20ALAS%20PARA%20VER%2C%20OJOS%20PARA%20VOLAR%20de%20FERNANDO%20VEGA%20G%C3%93MEZ&#038;via=poesiaerestu&#038;related=poesiaerestu' target='_blank' class='bctt-ctt-btn'rel=\"noopener noreferrer\">Compartir en X<\/a><\/span>[\/vc_column_text][\/vc_column][\/vc_row][vc_row][vc_column extend=&#8221;false&#8221;]<div class='gambit_parallax_row' data-bg-align='' data-direction='fixed' data-opacity='100' data-velocity='-0.3' data-mobile-enabled='' data-bg-height='1200' data-bg-width='900' data-bg-image='https:\/\/clubdepoesia.com\/fernandovegagomez\/files\/2019\/02\/dz4ij3v4-x4.jpg' data-bg-repeat='false' data-id='' style='display: none'><\/div><div class=\"gambit_fullheight_row\" data-content-location=\"center\" style=\"display: none\"><\/div>[\/vc_column][\/vc_row][vc_row][vc_column extend=&#8221;false&#8221;][vc_column_text]\n<h1>&nbsp;<\/h1>\n<h1><a name=\"_Toc533792058\"><\/a><strong>XXII<\/strong><\/h1>\n<p>&nbsp;<\/p>\n<p>Ante m\u00ed se abre un camino,<\/p>\n<p>parece sencillo, solo tengo que andar.<\/p>\n<p>Pero como un buen amigo<\/p>\n<p>no siempre te dice lo que quieres escuchar.<\/p>\n<p>&nbsp;<\/p>\n<p>Pero observo, y tengo otros senderos,<\/p>\n<p>puede que sean algo m\u00e1s duros<\/p>\n<p>o puede que resulten sencillos<\/p>\n<p>pero solo lo sabr\u00e9, si camino por ellos.<\/p>\n<p>&nbsp;<\/p>\n<p>En ocasiones renunciar a lo conocido<\/p>\n<p>no nos lleva a peores situaciones<\/p>\n<p>solo a otro tipo de emociones<\/p>\n<p>o puede, que sea algo ya vivido.<\/p>\n<p>&nbsp;<\/p>\n<span class='bctt-click-to-tweet'><span class='bctt-ctt-text'><a href='https:\/\/x.com\/intent\/tweet?url=https%3A%2F%2Fclubdepoesia.com%2Ffernandovegagomez%2Fpoesia%2F&#038;text=XXII%C2%A0de%20ALAS%20PARA%20VER%2C%20OJOS%20PARA%20VOLAR%20de%20FERNANDO%20VEGA%20G%C3%93MEZ&#038;via=poesiaerestu&#038;related=poesiaerestu' target='_blank'rel=\"noopener noreferrer\">XXII&nbsp;de ALAS PARA VER, OJOS PARA VOLAR de FERNANDO VEGA G\u00d3MEZ <\/a><\/span><a href='https:\/\/x.com\/intent\/tweet?url=https%3A%2F%2Fclubdepoesia.com%2Ffernandovegagomez%2Fpoesia%2F&#038;text=XXII%C2%A0de%20ALAS%20PARA%20VER%2C%20OJOS%20PARA%20VOLAR%20de%20FERNANDO%20VEGA%20G%C3%93MEZ&#038;via=poesiaerestu&#038;related=poesiaerestu' target='_blank' class='bctt-ctt-btn'rel=\"noopener noreferrer\">Compartir en X<\/a><\/span>[\/vc_column_text][\/vc_column][\/vc_row][vc_row][vc_column extend=&#8221;false&#8221;]<div class='gambit_parallax_row' data-bg-align='' data-direction='fixed' data-opacity='100' data-velocity='-0.3' data-mobile-enabled='' data-bg-height='1200' data-bg-width='800' data-bg-image='https:\/\/clubdepoesia.com\/fernandovegagomez\/files\/2019\/02\/xko8hujvgga.jpg' data-bg-repeat='false' data-id='' style='display: none'><\/div><div class=\"gambit_fullheight_row\" data-content-location=\"center\" style=\"display: none\"><\/div>[\/vc_column][\/vc_row][vc_row][vc_column extend=&#8221;false&#8221;][vc_column_text]\n<h1><a name=\"_Toc533792080\"><\/a><strong>XLIV<\/strong><\/h1>\n<p>&nbsp;<\/p>\n<p>Escucha ese saxof\u00f3n, escucha como el aire fluye por el y sale en forma de nostalgia, alegr\u00eda, o qu\u00e9 s\u00e9 yo\u2026 escucha, solo escucha y cierra los ojos, dejar\u00e1s de o\u00edr para empezar a ver. Ver\u00e1s que la mujer de la segunda fila est\u00e1 llorando mientras oye esa melod\u00eda, no sabes si de alegr\u00eda o de tristeza. Lo que s\u00ed sabes, es que la pr\u00f3xima vez que escuches esa melod\u00eda, y cierres los ojos, la ver\u00e1s a ella. La ver\u00e1s llorando en la segunda fila y as\u00ed, formar\u00e1 parte de ti.<\/p>\n<h1>&nbsp;<\/h1>\n<span class='bctt-click-to-tweet'><span class='bctt-ctt-text'><a href='https:\/\/x.com\/intent\/tweet?url=https%3A%2F%2Fclubdepoesia.com%2Ffernandovegagomez%2Fpoesia%2F&#038;text=XLIV%C2%A0del%20libro%20ALAS%20PARA%20VER%2C%20OJOS%20PARA%20VOLAR%20de%20FERNANDO%20VEGA%20G%C3%93MEZ&#038;via=poesiaerestu&#038;related=poesiaerestu' target='_blank'rel=\"noopener noreferrer\">XLIV&nbsp;del libro ALAS PARA VER, OJOS PARA VOLAR de FERNANDO VEGA G\u00d3MEZ <\/a><\/span><a href='https:\/\/x.com\/intent\/tweet?url=https%3A%2F%2Fclubdepoesia.com%2Ffernandovegagomez%2Fpoesia%2F&#038;text=XLIV%C2%A0del%20libro%20ALAS%20PARA%20VER%2C%20OJOS%20PARA%20VOLAR%20de%20FERNANDO%20VEGA%20G%C3%93MEZ&#038;via=poesiaerestu&#038;related=poesiaerestu' target='_blank' class='bctt-ctt-btn'rel=\"noopener noreferrer\">Compartir en X<\/a><\/span>[\/vc_column_text][\/vc_column][\/vc_row][vc_row][vc_column extend=&#8221;false&#8221;]<div class='gambit_parallax_row' data-bg-align='' data-direction='fixed' data-opacity='100' data-velocity='-0.3' data-mobile-enabled='' data-bg-height='1067' data-bg-width='768' data-bg-image='https:\/\/clubdepoesia.com\/fernandovegagomez\/files\/2019\/02\/FondoDavinci-Mediano.jpg' data-bg-repeat='false' data-id='' style='display: none'><\/div><div class=\"gambit_fullheight_row\" data-content-location=\"center\" style=\"display: none\"><\/div>[vc_column_text]\n<p style=\"text-align: center;\"><a class=\"fasc-button fasc-size-xlarge fasc-type-glossy fasc-rounded-medium\" style=\"background-color: #33809e; color: #ffffff;\" href=\"https:\/\/librodepoesia.com\/producto\/el-retorno-juan-antonio-mota-navarro\/\">Comprar el libro<\/a><\/p>\n[\/vc_column_text][\/vc_column][\/vc_row][vc_row][vc_column extend=&#8221;false&#8221;][vc_column_text css=&#8221;.vc_custom_1549215104378{margin-top: -30000px !important;}&#8221;]\n<h1><strong><em><u>Poes\u00eda del libro ALAS PARA VER, OJOS PARA VOLAR de FERNANDO VEGA G\u00d3MEZ. El escritor nos da una muestra tras publicar un libro.<\/u><\/em><\/strong><\/h1>\n<h2><strong><em><u>Poes\u00eda del libro ALAS PARA VER, OJOS PARA VOLAR de FERNANDO VEGA G\u00d3MEZ El poeta nos da una muestra tras publicar un libro.<\/u><\/em><\/strong><\/h2>\n<h3><strong><em><u>Poes\u00eda del libro ALAS PARA VER, OJOS PARA VOLAR de FERNANDO VEGA G\u00d3MEZ El autor nos da una muestra tras publicar un libro.<\/u><\/em><\/strong><\/h3>\n<h4><strong><em><u>Poes\u00eda del libro ALAS PARA VER, OJOS PARA VOLAR de FERNANDO VEGA G\u00d3MEZ El autor nos da una muestra tras publicar un libro.<\/u><\/em><\/strong><\/h4>\n<h5><strong><em><u>Poes\u00eda del libro ALAS PARA VER, OJOS PARA VOLAR de FERNANDO VEGA G\u00d3MEZ El autor nos da una muestra tras publicar un libro.<\/u><\/em><\/strong><\/h5>\n[\/vc_column_text][\/vc_column][\/vc_row]\n<\/div>","protected":false},"excerpt":{"rendered":"<p>[vc_row][vc_column extend=&#8221;false&#8221;][vc_column_text css=&#8221;.vc_custom_1549214433788{margin-top: -30000px !important;}&#8221;] Poes\u00eda del libro ALAS PARA VER, OJOS PARA VOLAR de FERNANDO VEGA G\u00d3MEZ. El escritor nos da una muestra tras publicar un libro. Poes\u00eda del libro ALAS PARA VER, OJOS PARA VOLAR de FERNANDO VEGA G\u00d3MEZ El poeta nos da una muestra tras publicar un libro. Poes\u00eda del libro ALAS [&hellip;]<\/p>\n","protected":false},"author":24,"featured_media":0,"parent":0,"menu_order":3,"comment_status":"closed","ping_status":"closed","template":"","meta":{"footnotes":"","_links_to":"","_links_to_target":""},"class_list":["post-62","page","type-page","status-publish","hentry"],"_links":{"self":[{"href":"https:\/\/clubdepoesia.com\/fernandovegagomez\/wp-json\/wp\/v2\/pages\/62","targetHints":{"allow":["GET"]}}],"collection":[{"href":"https:\/\/clubdepoesia.com\/fernandovegagomez\/wp-json\/wp\/v2\/pages"}],"about":[{"href":"https:\/\/clubdepoesia.com\/fernandovegagomez\/wp-json\/wp\/v2\/types\/page"}],"author":[{"embeddable":true,"href":"https:\/\/clubdepoesia.com\/fernandovegagomez\/wp-json\/wp\/v2\/users\/24"}],"replies":[{"embeddable":true,"href":"https:\/\/clubdepoesia.com\/fernandovegagomez\/wp-json\/wp\/v2\/comments?post=62"}],"version-history":[{"count":0,"href":"https:\/\/clubdepoesia.com\/fernandovegagomez\/wp-json\/wp\/v2\/pages\/62\/revisions"}],"wp:attachment":[{"href":"https:\/\/clubdepoesia.com\/fernandovegagomez\/wp-json\/wp\/v2\/media?parent=62"}],"curies":[{"name":"wp","href":"https:\/\/api.w.org\/{rel}","templated":true}]}}