{"id":96,"date":"2018-10-14T08:46:46","date_gmt":"2018-10-14T08:46:46","guid":{"rendered":"https:\/\/clubdepoesia.com\/fernando-marin-calleja\/?page_id=96"},"modified":"2018-10-14T08:46:46","modified_gmt":"2018-10-14T08:46:46","slug":"entrevista","status":"publish","type":"page","link":"https:\/\/clubdepoesia.com\/fernando-marin-calleja\/entrevista\/","title":{"rendered":"Entrevista"},"content":{"rendered":"<h1><a href=\"https:\/\/poesiaerestu.com\/revista\/fernando-marin-calleja-traves-busqueda-rima-metrica-considero-que-mis-poemas-adquieren-mas-calidad-profundidad-complejidad\/\">Entrevista realizada para la Revista Poes\u00eda eres t\u00fa, publicada el 14\/10\/2018.<\/a><\/h1>\n<p>Fernando Mar\u00edn Calleja es el autor de <em>Ser dentro de ti<\/em>.<\/p>\n<p>&nbsp;<\/p>\n<p><em>\u201cPersonalmente, a trav\u00e9s de la b\u00fasqueda de la rima y la m\u00e9trica considero que mis poemas adquieren m\u00e1s calidad, profundidad y complejidad\u201d.<\/em><\/p>\n<p>&nbsp;<\/p>\n<p><strong>P.- \u00bfC\u00f3mo surgi\u00f3 escribir <em>Ser dentro de ti<\/em>?<\/strong><\/p>\n<p>&nbsp;<\/p>\n<p>R.- La escritura se convirti\u00f3 en un pasatiempo desde que, en mi adolescencia, me dej\u00e9 seducir por la literatura, pero a su vez esta supuso un reto intelectual y un desaf\u00edo personal, al intentar crear arte y belleza de la nada. Siguiendo con esta afici\u00f3n, y otorg\u00e1ndole un enfoque absolutamente pragm\u00e1tico y alejado del romanticismo de mi poes\u00eda, me propuse crear un bien tangible del cual pudiesen enorgullecerse todas las personas que me quieren. Adem\u00e1s de ello, cohabitaron otros dos motivos que provocaron su consecuci\u00f3n; uno personal, la convicci\u00f3n de poder escribir un poemario con la calidad m\u00ednima para merecer ser le\u00eddo, y otra amorosa, homenajear al amor con que me quisieron.<\/p>\n<p>&nbsp;<\/p>\n<p><em>Ser dentro de ti<\/em> fue escrito durante seis meses, comenzando en oto\u00f1o de 2016, con un estilo com\u00fan a todas sus composiciones que trata de mostrar el sentimiento amoroso desde el prisma m\u00e1s puro del romanticismo; el que trasciende lo terrenal.<\/p>\n<p>&nbsp;<\/p>\n<p><strong>P.- <em>Ser dentro de ti<\/em> est\u00e1 escrito en cuartetos con rima y m\u00e9trica. \u00bfCrees que es importante para la poes\u00eda la rima y la m\u00e9trica?<\/strong><\/p>\n<p>&nbsp;<\/p>\n<p>R.- Absolutamente. No concibo la poes\u00eda, y dudo que mi percepci\u00f3n var\u00ede nunca (risas), sin una estructura que otorgue a las palabras de cadencia, ritmo y musicalidad. Considero que a trav\u00e9s de ella, y s\u00f3lo con ella, se cohesiona la composici\u00f3n, haci\u00e9ndola consistente, s\u00f3lida y coral. Personalmente, a trav\u00e9s de la b\u00fasqueda de la rima y la m\u00e9trica considero que mis poemas adquieren m\u00e1s calidad, profundidad y complejidad.<\/p>\n<p>&nbsp;<\/p>\n<p>Pero, soy consciente que desde comienzos del siglo XXI ha emergido con fuerza, y ha conseguido asentarse, un estilo totalmente opuesto a mi concepci\u00f3n de la poes\u00eda: sin estructura, rima, ni cadencia de lectura y, del cual, no me siento part\u00edcipe (risas).<\/p>\n<p>&nbsp;<\/p>\n<p><strong>P.- Uno de los temas m\u00e1s importantes de la poes\u00eda es el amor, en tu poes\u00eda lo tratas dirigi\u00e9ndote a una segunda persona. \u00bfTratas el amor es ausencia de este o como un recuerdo de haber amado?<\/strong><\/p>\n<p>&nbsp;<\/p>\n<p>R.-<em> Ser dentro de ti<\/em> est\u00e1 concebido como el m\u00e1s puro y altruista homenaje al amor que me profesaron, y a la persona que lo materializ\u00f3. Aunque, por supuesto, soy consciente que \u00e9ste no posee ni la calidad ni la magnitud para siquiera aproximarse a lo recibido.<\/p>\n<p>&nbsp;<\/p>\n<p>Al igual que entiendo la poes\u00eda como una composici\u00f3n con estructura y rima, en cuanto a la tem\u00e1tica no puedo separarla del sentimiento amoroso. A lo largo de los a\u00f1os el amor ha compartido protagonismo con: la muerte, la a\u00f1oranza, el desamor y la m\u00edstica como temas principales, pero considero que el amor es la base que sustenta la poes\u00eda como estilo literario.<\/p>\n<p>&nbsp;<\/p>\n<p><strong>P.- En el poema que encabeza el libro A tu sombra dices: \u201cVivir\u00e1 mi mano dentro de la negrura \/ oculto bajo un pseud\u00f3nimo de poeta \/ por siempre bajo una sombra oscura \/ de acolchado nicho&#8230; y cipr\u00e9s silueta.\u201d. \u00bfEs la poes\u00eda un medio de expresi\u00f3n de lo que no nos atrevemos a decir fuera del papel?<\/strong><\/p>\n<p>&nbsp;<\/p>\n<p>R.- Tradicionalmente a los hombres la sociedad nos ha educado para no mostrar debilidad, y la poes\u00eda puede ser entendida como muestra de flaqueza o fragilidad. No considero que sea mi caso, puesto que a trav\u00e9s del lenguaje po\u00e9tico \u00fanicamente busco nuevas formas de expresar, plasmar, consagrar y aportar matices al sentimiento amoroso.<\/p>\n<p>&nbsp;<\/p>\n<p><strong>P.- Aparte del amor, el paso del tiempo y la muerte forman parte de esa descripci\u00f3n que haces del amor. \u00bfEs amar quiz\u00e1s morir un poco o quiz\u00e1s sentir la muerte de algo?<\/strong><\/p>\n<p>&nbsp;<\/p>\n<p>R.- Amar es morir desde la perspectiva que traspasas una parte de ti hacia otra persona. Efectivamente, el paso del tiempo y la muerte son protagonistas de algunas de las composiciones, pero siempre relacionadas y desde un prisma amoroso; como medio por el que transcurre la vida y como sentimiento que trasciende a la muerte (a la postrera). El poemario fue concebido, y as\u00ed quisiera que fuese entendido, como un homenaje al amor, por lo que ni la muerte ni el paso del tiempo son tratados como conceptos negativos.<\/p>\n<p>&nbsp;<\/p>\n<p><strong>P.- \u00bfCu\u00e1les son tus autores favoritos o los que m\u00e1s te han inspirado a la hora de escribir poes\u00eda?<\/strong><\/p>\n<p>&nbsp;<\/p>\n<p>R.- Al leer <em>Ser dentro de ti <\/em>es sencillo relacionar estilo y tem\u00e1tica con la poes\u00eda del siglo de oro espa\u00f1ol. Bosc\u00e1n, Garcilaso, Quevedo, Lope de Vega, s\u00f3lo por nombrar a algunos de ellos, llevaron la poes\u00eda a un nivel cultural, art\u00edstico y conceptual que los ha convertido en eternos. Sin embargo, soy muy consciente de la barrera (invisible) que separa a una sociedad que no est\u00e1 habituada a leer poes\u00eda con estos autores. Por eso propongo leer la poes\u00eda de <em>Ser dentro de ti<\/em> como paso previo a la suya: m\u00e1s sencilla, asequible y con lenguaje modernizado (risas).<\/p>\n<p>&nbsp;<\/p>\n<p><strong>P.- \u00bfTe has planteado escribir un libro con un tema diferente al amor? \u00bfHabr\u00e1 otro libro despu\u00e9s de <em>Ser dentro de ti<\/em>?<\/strong><\/p>\n<p>&nbsp;<\/p>\n<p>R.- Una vez concluido y revisado el poemario, a comienzos de 2017, tuve la sensaci\u00f3n de haberme vaciado y haber agotado mi escasa inspiraci\u00f3n po\u00e9tica y mis exiguos recursos literarios (risas). De hecho, desde entonces no he vuelto a escribir ni con la devoci\u00f3n ni con la frecuencia que culminaron en la publicaci\u00f3n de <em>Ser dentro de ti<\/em>. Si sensaci\u00f3n actual es que no volver\u00e9 a escribir ning\u00fan otro poemario pero, de hacerlo, te aseguro que versar\u00e1 sobre la misma tem\u00e1tica. No sabr\u00eda hacerlo de otra forma, ni concibo la poes\u00eda sin brindarla al amor, en cualesquiera de sus concepciones: m\u00edstico, pasional o espiritual.<\/p>\n","protected":false},"excerpt":{"rendered":"<p>Entrevista realizada para la Revista Poes\u00eda eres t\u00fa, publicada el 14\/10\/2018. Fernando Mar\u00edn Calleja es el autor de Ser dentro de ti. &nbsp; \u201cPersonalmente, a trav\u00e9s de la b\u00fasqueda de la rima y la m\u00e9trica considero que mis poemas adquieren m\u00e1s calidad, profundidad y complejidad\u201d. &nbsp; P.- \u00bfC\u00f3mo surgi\u00f3 escribir Ser dentro de ti? &nbsp; [&hellip;]<\/p>\n","protected":false},"author":24,"featured_media":0,"parent":0,"menu_order":5,"comment_status":"closed","ping_status":"closed","template":"","meta":{"footnotes":"","_links_to":"","_links_to_target":""},"class_list":["post-96","page","type-page","status-publish","hentry"],"_links":{"self":[{"href":"https:\/\/clubdepoesia.com\/fernando-marin-calleja\/wp-json\/wp\/v2\/pages\/96","targetHints":{"allow":["GET"]}}],"collection":[{"href":"https:\/\/clubdepoesia.com\/fernando-marin-calleja\/wp-json\/wp\/v2\/pages"}],"about":[{"href":"https:\/\/clubdepoesia.com\/fernando-marin-calleja\/wp-json\/wp\/v2\/types\/page"}],"author":[{"embeddable":true,"href":"https:\/\/clubdepoesia.com\/fernando-marin-calleja\/wp-json\/wp\/v2\/users\/24"}],"replies":[{"embeddable":true,"href":"https:\/\/clubdepoesia.com\/fernando-marin-calleja\/wp-json\/wp\/v2\/comments?post=96"}],"version-history":[{"count":0,"href":"https:\/\/clubdepoesia.com\/fernando-marin-calleja\/wp-json\/wp\/v2\/pages\/96\/revisions"}],"wp:attachment":[{"href":"https:\/\/clubdepoesia.com\/fernando-marin-calleja\/wp-json\/wp\/v2\/media?parent=96"}],"curies":[{"name":"wp","href":"https:\/\/api.w.org\/{rel}","templated":true}]}}