{"id":52,"date":"2019-01-13T07:45:22","date_gmt":"2019-01-13T07:45:22","guid":{"rendered":"https:\/\/clubdepoesia.com\/ericarbonescastellvi\/?page_id=52"},"modified":"2019-01-13T10:23:48","modified_gmt":"2019-01-13T10:23:48","slug":"poesia-del-libro-retorica-de-taberna","status":"publish","type":"page","link":"https:\/\/clubdepoesia.com\/ericarbonescastellvi\/poesia-del-libro-retorica-de-taberna\/","title":{"rendered":"Poes\u00eda del libro Ret\u00f3rica de taberna"},"content":{"rendered":"<div class=\"wpb-content-wrapper\">[vc_row][vc_column extend=&#8221;false&#8221;][vc_column_text css=&#8221;.vc_custom_1547364776117{margin-top: -30000px !important;}&#8221;]\n<h1><strong><em><u>Poes\u00eda del libro RET\u00d3RICA DE TABERNA de ERIC ARBON\u00c9S CASTELLV\u00cd. El escritor nos da una muestra tras publicar un libro.<\/u><\/em><\/strong><\/h1>\n<h2><strong><em><u><img fetchpriority=\"high\" decoding=\"async\" class=\"alignleft size-medium wp-image-4\" src=\"https:\/\/clubdepoesia.com\/ericarbonescastellvi\/files\/2019\/01\/0_Portada_RetoricadeTaberna-211x300.jpg\" alt=\"Retorica de taberna\" width=\"211\" height=\"300\" srcset=\"https:\/\/clubdepoesia.com\/ericarbonescastellvi\/files\/2019\/01\/0_Portada_RetoricadeTaberna-211x300.jpg 211w, https:\/\/clubdepoesia.com\/ericarbonescastellvi\/files\/2019\/01\/0_Portada_RetoricadeTaberna.jpg 559w\" sizes=\"(max-width: 211px) 100vw, 211px\" \/>Poes\u00eda del libro RET\u00d3RICA DE TABERNA de ERIC ARBON\u00c9S CASTELLV\u00cd El poeta nos da una muestra tras publicar un libro.<\/u><\/em><\/strong><\/h2>\n<h3><strong><em><u>Poes\u00eda del libro RET\u00d3RICA DE TABERNA de ERIC ARBON\u00c9S CASTELLV\u00cd El autor nos da una muestra tras publicar un libro.<\/u><\/em><\/strong><\/h3>\n<h4><strong><em><u>Poes\u00eda del libro RET\u00d3RICA DE TABERNA de ERIC ARBON\u00c9S CASTELLV\u00cd El autor nos da una muestra tras publicar un libro.<\/u><\/em><\/strong><\/h4>\n<h5><strong><em><u>Poes\u00eda del libro RET\u00d3RICA DE TABERNA de ERIC ARBON\u00c9S CASTELLV\u00cd El autor nos da una muestra tras publicar un libro.<\/u><\/em><\/strong><\/h5>\n[\/vc_column_text][\/vc_column][\/vc_row][vc_row][vc_column extend=&#8221;false&#8221;]<div class='gambit_parallax_row' data-bg-align='' data-direction='fixed' data-opacity='100' data-velocity='-0.3' data-mobile-enabled='' data-bg-height='892' data-bg-width='629' data-bg-image='https:\/\/clubdepoesia.com\/ericarbonescastellvi\/files\/2019\/01\/reotica_005.jpg' data-bg-repeat='false' data-id='' style='display: none'><\/div><div class=\"gambit_fullheight_row\" data-content-location=\"center\" style=\"display: none\"><\/div>[\/vc_column][\/vc_row][vc_row][vc_column extend=&#8221;false&#8221;][vc_column_text]\n<h1><a name=\"_Toc531716817\"><\/a>La cordura del trastorno<\/h1>\n<p>&nbsp;<\/p>\n<p>L\u00e1grimas, l\u00e1grimas<\/p>\n<p>goteo incesante,<\/p>\n<p>\u00bfcu\u00e1nto estar\u00e9 as\u00ed?<\/p>\n<p>Solo no estoy, tambi\u00e9n est\u00e1n ellos aqu\u00ed.<\/p>\n<p>&nbsp;<\/p>\n<p>Mi voz no posee voz<\/p>\n<p>pero la de ellos s\u00ed,<\/p>\n<p>juego macabro y atroz<\/p>\n<p>eterna mi estancia aqu\u00ed.<\/p>\n<p>&nbsp;<\/p>\n<p>Vuelven a la carga<\/p>\n<p>ya solo escupo,<\/p>\n<p>sin poder mi palabra<\/p>\n<p>en la guerra y sin escudo.<\/p>\n<p>&nbsp;<\/p>\n<p>\u00bfPor qu\u00e9 nunca libre como un ave?<\/p>\n<p>Porque qu\u00e9 m\u00e1s da que el perro ladre,<\/p>\n<p>si se\u00f1alarme fue un instante<\/p>\n<p>y el dolor eterno y constante.<\/p>\n<p>&nbsp;<\/p>\n<p>Es mi trastorno su fiel seguridad<\/p>\n<p>aunque desbocado como un r\u00edo, eso es naturalidad,<\/p>\n<p>pugnando por resistir<\/p>\n<p>el gastado cuero me hace servil.<\/p>\n<p>&nbsp;<\/p>\n<p>Por m\u00e1s que en remolino trate nadar.<\/p>\n<p>Fui yo quien mi barca destru\u00ed.<\/p>\n<p>Yo cuerdo para hablar,<\/p>\n<p>ellos locos de no o\u00edr.<\/p>\n<p>&nbsp;<\/p>\n<span class='bctt-click-to-tweet'><span class='bctt-ctt-text'><a href='https:\/\/x.com\/intent\/tweet?url=https%3A%2F%2Fclubdepoesia.com%2Fericarbonescastellvi%2Fpoesia-del-libro-retorica-de-taberna%2F&#038;text=La%20cordura%20del%20trastorno%C2%A0del%20libro%20RET%C3%93RICA%20DE%20TABERNA%20de%20ERIC%20ARBON%C3%89S%20CASTELLV%C3%8D&#038;via=poesiaerestu&#038;related=poesiaerestu' target='_blank'rel=\"noopener noreferrer\">La cordura del trastorno&nbsp;del libro RET\u00d3RICA DE TABERNA de ERIC ARBON\u00c9S CASTELLV\u00cd <\/a><\/span><a href='https:\/\/x.com\/intent\/tweet?url=https%3A%2F%2Fclubdepoesia.com%2Fericarbonescastellvi%2Fpoesia-del-libro-retorica-de-taberna%2F&#038;text=La%20cordura%20del%20trastorno%C2%A0del%20libro%20RET%C3%93RICA%20DE%20TABERNA%20de%20ERIC%20ARBON%C3%89S%20CASTELLV%C3%8D&#038;via=poesiaerestu&#038;related=poesiaerestu' target='_blank' class='bctt-ctt-btn'rel=\"noopener noreferrer\">Compartir en X<\/a><\/span>[\/vc_column_text][\/vc_column][\/vc_row][vc_row][vc_column extend=&#8221;false&#8221;]<div class='gambit_parallax_row' data-bg-align='' data-direction='fixed' data-opacity='100' data-velocity='-0.3' data-mobile-enabled='' data-bg-height='1626' data-bg-width='1126' data-bg-image='https:\/\/clubdepoesia.com\/ericarbonescastellvi\/files\/2019\/01\/Retorica2.jpg' data-bg-repeat='false' data-id='' style='display: none'><\/div><div class=\"gambit_fullheight_row\" data-content-location=\"center\" style=\"display: none\"><\/div>[\/vc_column][\/vc_row][vc_row][vc_column extend=&#8221;false&#8221;][vc_column_text]\n<h1><a name=\"_Toc531716818\"><\/a>Salvaje ignorancia<\/h1>\n<p>&nbsp;<\/p>\n<p>Entre la fr\u00eda y negra noche<\/p>\n<p>unos ojos observan,<\/p>\n<p>ni un susurro cruza la arbolada<\/p>\n<p>el calor de su respirar y nada.<\/p>\n<p>&nbsp;<\/p>\n<p>Tu terror a las tinieblas<\/p>\n<p>su h\u00e1bitat tranquilo,<\/p>\n<p>te presentan tan malvado<\/p>\n<p>para el miedo de sus hijos.<\/p>\n<p>&nbsp;<\/p>\n<p>Danzando entre montes agrestes<\/p>\n<p>creando su equilibrio,<\/p>\n<p>te quiero ver libre<\/p>\n<p>siempre tan huidizo.<\/p>\n<p>&nbsp;<\/p>\n<p>Nunca m\u00e1s mal que el que es preciso,<\/p>\n<p>mi estirpe que te escribe busca tu cabeza<\/p>\n<p>rodando monte abajo con la lengua fuera.<\/p>\n<p>&nbsp;<\/p>\n<p>No grites a la luna debo pedirte, contente esta noche,<\/p>\n<p>tu amor solitario por s\u00ed solo se describe.<\/p>\n<p>Solo te pido que corras mientras se hunde tu mundo.<\/p>\n<p>&nbsp;<\/p>\n<p>Haz que corra la voz,<\/p>\n<p>amotinaros de una vez,<\/p>\n<p>no temas, pues somos nosotros<\/p>\n<p>quienes debemos temer.<\/p>\n<p>&nbsp;<\/p>\n<span class='bctt-click-to-tweet'><span class='bctt-ctt-text'><a href='https:\/\/x.com\/intent\/tweet?url=https%3A%2F%2Fclubdepoesia.com%2Fericarbonescastellvi%2Fpoesia-del-libro-retorica-de-taberna%2F&#038;text=Salvaje%20ignorancia%C2%A0del%20libro%20RET%C3%93RICA%20DE%20TABERNA%20de%20ERIC%20ARBON%C3%89S%20CASTELLV%C3%8D&#038;via=poesiaerestu&#038;related=poesiaerestu' target='_blank'rel=\"noopener noreferrer\">Salvaje ignorancia&nbsp;del libro RET\u00d3RICA DE TABERNA de ERIC ARBON\u00c9S CASTELLV\u00cd <\/a><\/span><a href='https:\/\/x.com\/intent\/tweet?url=https%3A%2F%2Fclubdepoesia.com%2Fericarbonescastellvi%2Fpoesia-del-libro-retorica-de-taberna%2F&#038;text=Salvaje%20ignorancia%C2%A0del%20libro%20RET%C3%93RICA%20DE%20TABERNA%20de%20ERIC%20ARBON%C3%89S%20CASTELLV%C3%8D&#038;via=poesiaerestu&#038;related=poesiaerestu' target='_blank' class='bctt-ctt-btn'rel=\"noopener noreferrer\">Compartir en X<\/a><\/span>[\/vc_column_text][\/vc_column][\/vc_row][vc_row][vc_column extend=&#8221;false&#8221;]<div class='gambit_parallax_row' data-bg-align='' data-direction='fixed' data-opacity='100' data-velocity='-0.3' data-mobile-enabled='' data-bg-height='2048' data-bg-width='1567' data-bg-image='https:\/\/clubdepoesia.com\/ericarbonescastellvi\/files\/2019\/01\/Retorica3.jpg' data-bg-repeat='false' data-id='' style='display: none'><\/div><div class=\"gambit_fullheight_row\" data-content-location=\"center\" style=\"display: none\"><\/div>[\/vc_column][\/vc_row][vc_row][vc_column extend=&#8221;false&#8221;][vc_column_text]\n<h1><a name=\"_Toc531716819\"><\/a>Peces gordos<\/h1>\n<p>&nbsp;<\/p>\n<p>Lo que m\u00e1s odio de ti,<\/p>\n<p>tu semilla de codicia y avaricia<\/p>\n<p>plantada con suma violencia,<\/p>\n<p>pero m\u00e1s fuerte la del sigilo.<\/p>\n<p>&nbsp;<\/p>\n<p>Anhelos del deslumbrar en esta vida<\/p>\n<p>para pudrirte sin nada en la otra,<\/p>\n<p>alimentando un est\u00f3mago insaciable,<\/p>\n<p>maldita comodidad, seguimos nadando en un estanque.<\/p>\n<p>&nbsp;<\/p>\n<p>Comiendo de sus sobras<\/p>\n<p>pudriendo nuestro ser,<\/p>\n<p>cambiando los rumbos siempre<\/p>\n<p>bajo su parecer.<\/p>\n<p>&nbsp;<\/p>\n<p>El sigilo manda en esta danza macabra,<\/p>\n<p>\u00bfde qu\u00e9 parte est\u00e1s?<\/p>\n<p>Si ninguna est\u00e1 sana.<\/p>\n<p>&nbsp;<\/p>\n<p>Sus sombras eclipsan la luz que nos da la vida,<\/p>\n<p>la muerte al fin,<\/p>\n<p>ser\u00e1 la \u00fanica salida.<\/p>\n<p>&nbsp;<\/p>\n<p>Si en las sombras es donde se cobijan,<\/p>\n<p>pagar\u00e1n por lo hecho,<\/p>\n<p>las alima\u00f1as tambi\u00e9n gritan.<\/p>\n<p>&nbsp;<\/p>\n<span class='bctt-click-to-tweet'><span class='bctt-ctt-text'><a href='https:\/\/x.com\/intent\/tweet?url=https%3A%2F%2Fclubdepoesia.com%2Fericarbonescastellvi%2Fpoesia-del-libro-retorica-de-taberna%2F&#038;text=Peces%20gordos%20de%20RET%C3%93RICA%20DE%20TABERNA%20de%20ERIC%20ARBON%C3%89S%20CASTELLV%C3%8D&#038;via=poesiaerestu&#038;related=poesiaerestu' target='_blank'rel=\"noopener noreferrer\">Peces gordos de RET\u00d3RICA DE TABERNA de ERIC ARBON\u00c9S CASTELLV\u00cd <\/a><\/span><a href='https:\/\/x.com\/intent\/tweet?url=https%3A%2F%2Fclubdepoesia.com%2Fericarbonescastellvi%2Fpoesia-del-libro-retorica-de-taberna%2F&#038;text=Peces%20gordos%20de%20RET%C3%93RICA%20DE%20TABERNA%20de%20ERIC%20ARBON%C3%89S%20CASTELLV%C3%8D&#038;via=poesiaerestu&#038;related=poesiaerestu' target='_blank' class='bctt-ctt-btn'rel=\"noopener noreferrer\">Compartir en X<\/a><\/span>[\/vc_column_text][\/vc_column][\/vc_row][vc_row][vc_column extend=&#8221;false&#8221;]<div class='gambit_parallax_row' data-bg-align='' data-direction='fixed' data-opacity='100' data-velocity='-0.3' data-mobile-enabled='' data-bg-height='2048' data-bg-width='1581' data-bg-image='https:\/\/clubdepoesia.com\/ericarbonescastellvi\/files\/2019\/01\/Retorica4.jpg' data-bg-repeat='false' data-id='' style='display: none'><\/div><div class=\"gambit_fullheight_row\" data-content-location=\"center\" style=\"display: none\"><\/div>[\/vc_column][\/vc_row][vc_row][vc_column extend=&#8221;false&#8221;][vc_column_text]\n<h1>La revoluci\u00f3n del r\u00edo<\/h1>\n<p>&nbsp;<\/p>\n<p>\u00a1Yo lo vi!<\/p>\n<p>&nbsp;<\/p>\n<p>Vi aquella gota nacer<\/p>\n<p>una ma\u00f1ana de roc\u00edo,<\/p>\n<p>como las dem\u00e1s desoladas<\/p>\n<p>acatando tr\u00e1gico destino.<\/p>\n<p>&nbsp;<\/p>\n<p>Se abri\u00f3 paso entre las muchas<\/p>\n<p>buscando otro camino como pocas,<\/p>\n<p>no orgullosa gota de rosa<\/p>\n<p>sino rebelde de haya.<\/p>\n<p>&nbsp;<\/p>\n<p>Negando un futuro obvio<\/p>\n<p>luchando presente idealista,<\/p>\n<p>gritando no puedo sola<\/p>\n<p>pero juntas r\u00edos y marismas.<\/p>\n<p>&nbsp;<\/p>\n<p>Su voz fue el eco<\/p>\n<p>de la dura marcha,<\/p>\n<p>plant\u00f3 una idea nueva<\/p>\n<p>en el arcaico bosque de hayas.<\/p>\n<p>&nbsp;<\/p>\n<p>De buen principio<\/p>\n<p>temieron por sus vidas,<\/p>\n<p>aunque al verla inquebrantable<\/p>\n<p>se volvieron decididas.<\/p>\n<p>&nbsp;<\/p>\n<p>Segu\u00eda en lo m\u00e1s alto<\/p>\n<p>la eterna dama de blanco,<\/p>\n<p>el futuro sonre\u00eda<\/p>\n<p>descendiendo por el \u00e1rbol.<\/p>\n<p>No necesitaron hablar<\/p>\n<p>el movimiento lo llevaba escrito,<\/p>\n<p>ni la m\u00e1s t\u00edmida se ech\u00f3 atr\u00e1s,<\/p>\n<p>ni una duda, ni un mal respiro.<\/p>\n<p>&nbsp;<\/p>\n<p>Como gritos de cr\u00edas<\/p>\n<p>buscando a su madre,<\/p>\n<p>se fueron agolpando<\/p>\n<p>a la sombra del valle.<\/p>\n<p>&nbsp;<\/p>\n<p>Desde lo m\u00e1s alto<\/p>\n<p>madre roja ajusticiaba,<\/p>\n<p>ellas temerosas<\/p>\n<p>que idea se evaporara.<\/p>\n<p>&nbsp;<\/p>\n<p>Aguardar\u00e1n a nueva generaci\u00f3n,<\/p>\n<p>confiando en su juicio,<\/p>\n<p>creyendo en la determinaci\u00f3n<\/p>\n<p>que labr\u00f3 su camino.<\/p>\n<p>&nbsp;<\/p>\n<p>Y as\u00ed fueron bajando<\/p>\n<p>al descanso de la sombra,<\/p>\n<p>el silencio de la monta\u00f1a roto<\/p>\n<p>por el viento y las hojas.<\/p>\n<p>&nbsp;<\/p>\n<p>Solo las rocas susurraban<\/p>\n<p>el paso de las muchas,<\/p>\n<p>aun sabiendo fragilidad<\/p>\n<p>se adentraban en negras grietas.<\/p>\n<p>&nbsp;<\/p>\n<p>All\u00ed cautelosas<\/p>\n<p>con la euforia adormecida,<\/p>\n<p>lograron la gran uni\u00f3n<\/p>\n<p>todas ellas decididas.<\/p>\n<p>No eran muchas sino uno<\/p>\n<p>el r\u00edo de la libertad,<\/p>\n<p>del callar al explotar<\/p>\n<p>un sentimiento nada m\u00e1s.<\/p>\n<p>&nbsp;<\/p>\n<p>Un estruendo estremecedor<\/p>\n<p>agit\u00f3 ese triste valle,<\/p>\n<p>algo nuevo estaba ocurriendo<\/p>\n<p>y el origen rocas saben.<\/p>\n<p>&nbsp;<\/p>\n<p>Toda vida que albergaba ese lugar<\/p>\n<p>se hizo m\u00e1s fuerte,<\/p>\n<p>la riada se hizo paso<\/p>\n<p>en la inmensa explanada verde.<\/p>\n<p>&nbsp;<\/p>\n<p>Con la fuerza y la a\u00f1oranza<\/p>\n<p>del que abandona su hogar,<\/p>\n<p>exhaustas y felices<\/p>\n<p>ya divisaban el mar.<\/p>\n<p>&nbsp;<\/p>\n<p>Nada barraba el paso<\/p>\n<p>un rugido ensordec\u00eda,<\/p>\n<p>libertad y libertad<\/p>\n<p>solo t\u00fa, ansiada m\u00eda.<\/p>\n<h1>&nbsp;<\/h1>\n<span class='bctt-click-to-tweet'><span class='bctt-ctt-text'><a href='https:\/\/x.com\/intent\/tweet?url=https%3A%2F%2Fclubdepoesia.com%2Fericarbonescastellvi%2Fpoesia-del-libro-retorica-de-taberna%2F&#038;text=La%20revoluci%C3%B3n%20del%20r%C3%ADo%C2%A0del%20libro%20RET%C3%93RICA%20DE%20TABERNA%20de%20ERIC%20ARBON%C3%89S%20CASTELLV%C3%8D&#038;via=poesiaerestu&#038;related=poesiaerestu' target='_blank'rel=\"noopener noreferrer\">La revoluci\u00f3n del r\u00edo&nbsp;del libro RET\u00d3RICA DE TABERNA de ERIC ARBON\u00c9S CASTELLV\u00cd <\/a><\/span><a href='https:\/\/x.com\/intent\/tweet?url=https%3A%2F%2Fclubdepoesia.com%2Fericarbonescastellvi%2Fpoesia-del-libro-retorica-de-taberna%2F&#038;text=La%20revoluci%C3%B3n%20del%20r%C3%ADo%C2%A0del%20libro%20RET%C3%93RICA%20DE%20TABERNA%20de%20ERIC%20ARBON%C3%89S%20CASTELLV%C3%8D&#038;via=poesiaerestu&#038;related=poesiaerestu' target='_blank' class='bctt-ctt-btn'rel=\"noopener noreferrer\">Compartir en X<\/a><\/span>[\/vc_column_text][\/vc_column][\/vc_row][vc_row][vc_column extend=&#8221;false&#8221;]<div class='gambit_parallax_row' data-bg-align='' data-direction='fixed' data-opacity='100' data-velocity='-0.3' data-mobile-enabled='' data-bg-height='768' data-bg-width='768' data-bg-image='https:\/\/clubdepoesia.com\/ericarbonescastellvi\/files\/2019\/01\/Retorica2-SS_Square-Mediano.jpg' data-bg-repeat='false' data-id='' style='display: none'><\/div><div class=\"gambit_fullheight_row\" data-content-location=\"center\" style=\"display: none\"><\/div>[vc_column_text]\n<p style=\"text-align: center;\"><a class=\"fasc-button fasc-size-xlarge fasc-type-glossy fasc-rounded-medium\" style=\"background-color: #33809e; color: #ffffff;\" href=\"https:\/\/librodepoesia.com\/producto\/retorica-de-taberna-eric-arbones-castellvi\/\">Comprar el libro<\/a><\/p>\n[\/vc_column_text][\/vc_column][\/vc_row][vc_row][vc_column extend=&#8221;false&#8221;][vc_column_text css=&#8221;.vc_custom_1547365388252{margin-top: -30000px !important;}&#8221;]\n<h1><strong><em><u>Poes\u00eda del libro RET\u00d3RICA DE TABERNA de ERIC ARBON\u00c9S CASTELLV\u00cd. El escritor nos da una muestra tras publicar un libro.<\/u><\/em><\/strong><\/h1>\n<h2><strong><em><u><img fetchpriority=\"high\" decoding=\"async\" class=\"alignleft size-medium wp-image-4\" src=\"https:\/\/clubdepoesia.com\/ericarbonescastellvi\/files\/2019\/01\/0_Portada_RetoricadeTaberna-211x300.jpg\" alt=\"Retorica de taberna\" width=\"211\" height=\"300\" srcset=\"https:\/\/clubdepoesia.com\/ericarbonescastellvi\/files\/2019\/01\/0_Portada_RetoricadeTaberna-211x300.jpg 211w, https:\/\/clubdepoesia.com\/ericarbonescastellvi\/files\/2019\/01\/0_Portada_RetoricadeTaberna.jpg 559w\" sizes=\"(max-width: 211px) 100vw, 211px\" \/>Poes\u00eda del libro RET\u00d3RICA DE TABERNA de ERIC ARBON\u00c9S CASTELLV\u00cd El poeta nos da una muestra tras publicar un libro.<\/u><\/em><\/strong><\/h2>\n<h3><strong><em><u>Poes\u00eda del libro RET\u00d3RICA DE TABERNA de ERIC ARBON\u00c9S CASTELLV\u00cd El autor nos da una muestra tras publicar un libro.<\/u><\/em><\/strong><\/h3>\n<h4><strong><em><u>Poes\u00eda del libro RET\u00d3RICA DE TABERNA de ERIC ARBON\u00c9S CASTELLV\u00cd El autor nos da una muestra tras publicar un libro.<\/u><\/em><\/strong><\/h4>\n<h5><strong><em><u>Poes\u00eda del libro RET\u00d3RICA DE TABERNA de ERIC ARBON\u00c9S CASTELLV\u00cd El autor nos da una muestra tras publicar un libro.<\/u><\/em><\/strong><\/h5>\n[\/vc_column_text][\/vc_column][\/vc_row]\n<\/div>","protected":false},"excerpt":{"rendered":"<p>[vc_row][vc_column extend=&#8221;false&#8221;][vc_column_text css=&#8221;.vc_custom_1547364776117{margin-top: -30000px !important;}&#8221;] Poes\u00eda del libro RET\u00d3RICA DE TABERNA de ERIC ARBON\u00c9S CASTELLV\u00cd. El escritor nos da una muestra tras publicar un libro. Poes\u00eda del libro RET\u00d3RICA DE TABERNA de ERIC ARBON\u00c9S CASTELLV\u00cd El poeta nos da una muestra tras publicar un libro. Poes\u00eda del libro RET\u00d3RICA DE TABERNA de ERIC ARBON\u00c9S CASTELLV\u00cd [&hellip;]<\/p>\n","protected":false},"author":24,"featured_media":0,"parent":0,"menu_order":3,"comment_status":"closed","ping_status":"closed","template":"","meta":{"footnotes":"","_links_to":"","_links_to_target":""},"class_list":["post-52","page","type-page","status-publish","hentry"],"_links":{"self":[{"href":"https:\/\/clubdepoesia.com\/ericarbonescastellvi\/wp-json\/wp\/v2\/pages\/52","targetHints":{"allow":["GET"]}}],"collection":[{"href":"https:\/\/clubdepoesia.com\/ericarbonescastellvi\/wp-json\/wp\/v2\/pages"}],"about":[{"href":"https:\/\/clubdepoesia.com\/ericarbonescastellvi\/wp-json\/wp\/v2\/types\/page"}],"author":[{"embeddable":true,"href":"https:\/\/clubdepoesia.com\/ericarbonescastellvi\/wp-json\/wp\/v2\/users\/24"}],"replies":[{"embeddable":true,"href":"https:\/\/clubdepoesia.com\/ericarbonescastellvi\/wp-json\/wp\/v2\/comments?post=52"}],"version-history":[{"count":0,"href":"https:\/\/clubdepoesia.com\/ericarbonescastellvi\/wp-json\/wp\/v2\/pages\/52\/revisions"}],"wp:attachment":[{"href":"https:\/\/clubdepoesia.com\/ericarbonescastellvi\/wp-json\/wp\/v2\/media?parent=52"}],"curies":[{"name":"wp","href":"https:\/\/api.w.org\/{rel}","templated":true}]}}