{"id":54,"date":"2018-11-01T22:01:02","date_gmt":"2018-11-01T22:01:02","guid":{"rendered":"https:\/\/clubdepoesia.com\/enriquesandamilgarcia\/?page_id=54"},"modified":"2018-11-01T22:26:50","modified_gmt":"2018-11-01T22:26:50","slug":"poesia","status":"publish","type":"page","link":"https:\/\/clubdepoesia.com\/enriquesandamilgarcia\/poesia\/","title":{"rendered":"Poes\u00eda"},"content":{"rendered":"<div class=\"wpb-content-wrapper\">[vc_row][vc_column extend=&#8221;false&#8221;][vc_column_text css=&#8221;.vc_custom_1541108977889{margin-top: -30000px !important;}&#8221;]\n<h1><strong><em><u>Poes\u00eda del libro A LA SOMBRA DE MI HUMO de Enrique Sandamil Garc\u00eda. El escritor nos da una muestra tras publicar un libro.<\/u><\/em><\/strong><\/h1>\n<h2><strong><em><u><img fetchpriority=\"high\" decoding=\"async\" class=\"alignleft size-medium wp-image-50\" src=\"https:\/\/clubdepoesia.com\/enriquesandamilgarcia\/files\/2018\/11\/CubiertaLasombrademihumo3-211x300.jpg\" alt=\"\" width=\"211\" height=\"300\" srcset=\"https:\/\/clubdepoesia.com\/enriquesandamilgarcia\/files\/2018\/11\/CubiertaLasombrademihumo3-211x300.jpg 211w, https:\/\/clubdepoesia.com\/enriquesandamilgarcia\/files\/2018\/11\/CubiertaLasombrademihumo3.jpg 559w\" sizes=\"(max-width: 211px) 100vw, 211px\" \/>Poes\u00eda del libro A LA SOMBRA DE MI HUMO de Enrique Sandamil Garc\u00eda El poeta nos da una muestra tras publicar un libro.<\/u><\/em><\/strong><\/h2>\n<h3><strong><em><u>Poes\u00eda del libro A LA SOMBRA DE MI HUMO de Enrique Sandamil Garc\u00eda El autor nos da una muestra tras publicar un libro.<\/u><\/em><\/strong><\/h3>\n<h4><strong><em><u>Poes\u00eda del libro A LA SOMBRA DE MI HUMO de Enrique Sandamil Garc\u00eda El autor nos da una muestra tras publicar un libro.<\/u><\/em><\/strong><\/h4>\n<h5><strong><em><u>Poes\u00eda del libro A LA SOMBRA DE MI HUMO de Enrique Sandamil Garc\u00eda El autor nos da una muestra tras publicar un libro.<\/u><\/em><\/strong><\/h5>\n[\/vc_column_text][\/vc_column][\/vc_row][vc_row][vc_column extend=&#8221;false&#8221;]<div class='gambit_parallax_row' data-bg-align='' data-direction='fixed' data-opacity='100' data-velocity='-0.3' data-mobile-enabled='' data-bg-height='768' data-bg-width='513' data-bg-image='https:\/\/clubdepoesia.com\/enriquesandamilgarcia\/files\/2018\/11\/68.jpg' data-bg-repeat='false' data-id='' style='display: none'><\/div><div class=\"gambit_fullheight_row\" data-content-location=\"center\" style=\"display: none\"><\/div>[\/vc_column][\/vc_row][vc_row][vc_column extend=&#8221;false&#8221;][vc_column_text]\n<h1><a name=\"_Toc526416638\"><\/a><strong>I<\/strong><\/h1>\n<p>&nbsp;<\/p>\n<p>Abriendo el cuaderno lleno de ceniza.<\/p>\n<p>El reflejo del ventanal<\/p>\n<p>\u2014\u00bfQu\u00e9 cojones haces despierto?<\/p>\n<p>\u00bfQu\u00e9?, siempre es buen momento para discutir contigo\u2026<\/p>\n<p>y me sonr\u00ede el muy cabr\u00f3n.<\/p>\n<p>Y qu\u00e9 te cuento<\/p>\n<p>harto estoy de describirte las noches, pero los d\u00edas siguen siendo aburridos.<\/p>\n<p>Son como un viaje sin cruzar palabra alguna<\/p>\n<p>un volver de vagones vac\u00edos, un pasear por calles de historias incompletas<\/p>\n<p>como la propia.<\/p>\n<p>Una paz al cruzar el umbral<\/p>\n<p>con ese silencio oscuro que te abraza<\/p>\n<p>sin preguntar c\u00f3mo ha ido.<\/p>\n<p>qu\u00e9 te voy a contar que no sepas, cabr\u00f3n.<\/p>\n<p>&nbsp;<\/p>\n<p>&nbsp;<\/p>\n<span class='bctt-click-to-tweet'><span class='bctt-ctt-text'><a href='https:\/\/x.com\/intent\/tweet?url=https%3A%2F%2Fclubdepoesia.com%2Fenriquesandamilgarcia%2Fpoesia%2F&#038;text=I.%C2%A0Abriendo%20el%20cuaderno%20lleno%20de%20ceniza%C2%A0del%20libro%20A%20LA%20SOMBRA%20DE%20MI%20HUMO%20de%20Enrique%20Sandamil%20Garc%C3%ADa&#038;via=poesiaerestu&#038;related=poesiaerestu' target='_blank'rel=\"noopener noreferrer\">I.&nbsp;Abriendo el cuaderno lleno de ceniza&nbsp;del libro A LA SOMBRA DE MI HUMO de Enrique Sandamil Garc\u00eda <\/a><\/span><a href='https:\/\/x.com\/intent\/tweet?url=https%3A%2F%2Fclubdepoesia.com%2Fenriquesandamilgarcia%2Fpoesia%2F&#038;text=I.%C2%A0Abriendo%20el%20cuaderno%20lleno%20de%20ceniza%C2%A0del%20libro%20A%20LA%20SOMBRA%20DE%20MI%20HUMO%20de%20Enrique%20Sandamil%20Garc%C3%ADa&#038;via=poesiaerestu&#038;related=poesiaerestu' target='_blank' class='bctt-ctt-btn'rel=\"noopener noreferrer\">Compartir en X<\/a><\/span>[\/vc_column_text][\/vc_column][\/vc_row][vc_row][vc_column extend=&#8221;false&#8221;]<div class='gambit_parallax_row' data-bg-align='' data-direction='fixed' data-opacity='100' data-velocity='-0.3' data-mobile-enabled='' data-bg-height='768' data-bg-width='1152' data-bg-image='https:\/\/clubdepoesia.com\/enriquesandamilgarcia\/files\/2018\/11\/82.jpg' data-bg-repeat='false' data-id='' style='display: none'><\/div><div class=\"gambit_fullheight_row\" data-content-location=\"center\" style=\"display: none\"><\/div>[\/vc_column][\/vc_row][vc_row][vc_column extend=&#8221;false&#8221;][vc_column_text]\n<h1><a name=\"_Toc526416641\"><\/a><strong>IV<\/strong><\/h1>\n<p>&nbsp;<\/p>\n<p>De esos d\u00edas de largas miradas en espejos.<\/p>\n<p>De esos sin palabras, sin sonidos, sin hambre.<\/p>\n<p>Las renuncias pasadas que suben a tus hombros,<\/p>\n<p>diablos\u2026 incluso las acoges con cari\u00f1o.<\/p>\n<p>Lo incre\u00edble de ayer, deja paso a lo importante por hacer.<\/p>\n<p>Las horas te comen, los pies pesan demasiado,<\/p>\n<p>y las notas han dejado de animar.<\/p>\n<p>La ducha se convierte en el mejor refugio,<\/p>\n<p>38\u00ba grados de paz y minutos eternos.<\/p>\n<p>\u00bfD\u00f3nde est\u00e1 el fuego?,<\/p>\n<p>quiero sentarme a creerme un poco m\u00e1s grande de lo que soy,<\/p>\n<p>que la noche sea larga y me arrope.<\/p>\n<p>Soy enorme, soy infinito.<\/p>\n<p>Estoy hecho de mis mejores errores.<\/p>\n<p>&nbsp;<\/p>\n<p>&nbsp;<\/p>\n<span class='bctt-click-to-tweet'><span class='bctt-ctt-text'><a href='https:\/\/x.com\/intent\/tweet?url=https%3A%2F%2Fclubdepoesia.com%2Fenriquesandamilgarcia%2Fpoesia%2F&#038;text=IV%20del%20libro%20A%20LA%20SOMBRA%20DE%20MI%20HUMO%20de%20Enrique%20Sandamil%20Garc%C3%ADa&#038;via=poesiaerestu&#038;related=poesiaerestu' target='_blank'rel=\"noopener noreferrer\">IV del libro A LA SOMBRA DE MI HUMO de Enrique Sandamil Garc\u00eda <\/a><\/span><a href='https:\/\/x.com\/intent\/tweet?url=https%3A%2F%2Fclubdepoesia.com%2Fenriquesandamilgarcia%2Fpoesia%2F&#038;text=IV%20del%20libro%20A%20LA%20SOMBRA%20DE%20MI%20HUMO%20de%20Enrique%20Sandamil%20Garc%C3%ADa&#038;via=poesiaerestu&#038;related=poesiaerestu' target='_blank' class='bctt-ctt-btn'rel=\"noopener noreferrer\">Compartir en X<\/a><\/span>[\/vc_column_text][\/vc_column][\/vc_row][vc_row][vc_column extend=&#8221;false&#8221;]<div class='gambit_parallax_row' data-bg-align='' data-direction='fixed' data-opacity='100' data-velocity='-0.3' data-mobile-enabled='' data-bg-height='667' data-bg-width='1000' data-bg-image='https:\/\/clubdepoesia.com\/enriquesandamilgarcia\/files\/2018\/11\/6-Web.jpg' data-bg-repeat='false' data-id='' style='display: none'><\/div><div class=\"gambit_fullheight_row\" data-content-location=\"center\" style=\"display: none\"><\/div>[\/vc_column][\/vc_row][vc_row][vc_column extend=&#8221;false&#8221;][vc_column_text]\n<h1><a name=\"_Toc526416647\"><\/a><strong>X<\/strong><\/h1>\n<p>&nbsp;<\/p>\n<p>El cigarro de cancelar sabe tan bien como el de despu\u00e9s,<\/p>\n<p>es terriblemente bello.<\/p>\n<p>El jazz mi mejor medicina.<\/p>\n<p>Entre l\u00edneas y solos anda el juego.<\/p>\n<p>No s\u00e9 si el colch\u00f3n ser\u00e1 tan considerado,<\/p>\n<p>es un poco cabr\u00f3n<\/p>\n<p>me retuerce con fuerza de madrugada<\/p>\n<p>me trae con fuerza su recuerdo, no tiene compasi\u00f3n.<\/p>\n<p>&nbsp;<\/p>\n<p>Ac\u00e9rcame de nuevo ese licor<\/p>\n<p>todav\u00eda estoy respirando.<\/p>\n<p>Que suene de nuevo ese solo<\/p>\n<p>si ella viene&#8230; que me encuentre esperando.<\/p>\n<p>&nbsp;<\/p>\n<span class='bctt-click-to-tweet'><span class='bctt-ctt-text'><a href='https:\/\/x.com\/intent\/tweet?url=https%3A%2F%2Fclubdepoesia.com%2Fenriquesandamilgarcia%2Fpoesia%2F&#038;text=X%20de%20A%20LA%20SOMBRA%20DE%20MI%20HUMO%20de%20Enrique%20Sandamil%20Garc%C3%ADa&#038;via=poesiaerestu&#038;related=poesiaerestu' target='_blank'rel=\"noopener noreferrer\">X de A LA SOMBRA DE MI HUMO de Enrique Sandamil Garc\u00eda <\/a><\/span><a href='https:\/\/x.com\/intent\/tweet?url=https%3A%2F%2Fclubdepoesia.com%2Fenriquesandamilgarcia%2Fpoesia%2F&#038;text=X%20de%20A%20LA%20SOMBRA%20DE%20MI%20HUMO%20de%20Enrique%20Sandamil%20Garc%C3%ADa&#038;via=poesiaerestu&#038;related=poesiaerestu' target='_blank' class='bctt-ctt-btn'rel=\"noopener noreferrer\">Compartir en X<\/a><\/span>[\/vc_column_text][\/vc_column][\/vc_row][vc_row][vc_column extend=&#8221;false&#8221;]<div class='gambit_parallax_row' data-bg-align='' data-direction='fixed' data-opacity='100' data-velocity='-0.3' data-mobile-enabled='' data-bg-height='768' data-bg-width='1156' data-bg-image='https:\/\/clubdepoesia.com\/enriquesandamilgarcia\/files\/2018\/11\/28-Large_web.jpg' data-bg-repeat='false' data-id='' style='display: none'><\/div><div class=\"gambit_fullheight_row\" data-content-location=\"center\" style=\"display: none\"><\/div>[\/vc_column][\/vc_row][vc_row][vc_column extend=&#8221;false&#8221;][vc_column_text]\n<h1><a name=\"_Toc526416655\"><\/a><strong>XVIII<\/strong><\/h1>\n<p>&nbsp;<\/p>\n<p>Mientras busco los \u00faltimos c\u00e9ntimos en la cartera,<\/p>\n<p>me pongo a escribirla.<\/p>\n<p>Espanto el humo y sujeto el papel,<\/p>\n<p>aparco los proyectos y me poso resoplando.<\/p>\n<p>Alzo la mirada y contemplo las luces de enfrente.<\/p>\n<p>\u2014Ah\u00ed no hay historias muchacho, vuelve a mirar.<\/p>\n<p>Recuerdo a la chica de la parada<\/p>\n<p>en una sola mirada, me hizo callar,<\/p>\n<p>puso distancia con media sonrisa.<\/p>\n<p>\u2014Hoy no es tu d\u00eda muchacho, vuelve a mirar.<\/p>\n<p>\u00bfMe caz\u00f3 los temblores?<\/p>\n<p>\u00bfAcoso fue el caminar?<\/p>\n<p>Quiz\u00e1s un saludo habr\u00eda sido un buen negocio<\/p>\n<p>pero esos ojos no hablaron m\u00e1s.<\/p>\n<p>\u2014D\u00e9jalo muchacho, hoy no encontrar\u00e1s.<\/p>\n<p>Supongo que la buscar\u00e9 en el mismo sitio<\/p>\n<p>y puede que ma\u00f1ana lo vuelva a intentar.<\/p>\n<p>\u2014Apaga la luz ya muchacho y deja de resoplar<\/p>\n<p>no todos los d\u00edas hay historias que contar.<\/p>\n<h1>&nbsp;<\/h1>\n<span class='bctt-click-to-tweet'><span class='bctt-ctt-text'><a href='https:\/\/x.com\/intent\/tweet?url=https%3A%2F%2Fclubdepoesia.com%2Fenriquesandamilgarcia%2Fpoesia%2F&#038;text=XVIII%C2%A0del%20libro%20A%20LA%20SOMBRA%20DE%20MI%20HUMO%20de%20Enrique%20Sandamil%20Garc%C3%ADa&#038;via=poesiaerestu&#038;related=poesiaerestu' target='_blank'rel=\"noopener noreferrer\">XVIII&nbsp;del libro A LA SOMBRA DE MI HUMO de Enrique Sandamil Garc\u00eda <\/a><\/span><a href='https:\/\/x.com\/intent\/tweet?url=https%3A%2F%2Fclubdepoesia.com%2Fenriquesandamilgarcia%2Fpoesia%2F&#038;text=XVIII%C2%A0del%20libro%20A%20LA%20SOMBRA%20DE%20MI%20HUMO%20de%20Enrique%20Sandamil%20Garc%C3%ADa&#038;via=poesiaerestu&#038;related=poesiaerestu' target='_blank' class='bctt-ctt-btn'rel=\"noopener noreferrer\">Compartir en X<\/a><\/span>[\/vc_column_text][\/vc_column][\/vc_row][vc_row][vc_column extend=&#8221;false&#8221;]<div class='gambit_parallax_row' data-bg-align='' data-direction='fixed' data-opacity='100' data-velocity='-0.3' data-mobile-enabled='' data-bg-height='768' data-bg-width='768' data-bg-image='https:\/\/clubdepoesia.com\/enriquesandamilgarcia\/files\/2018\/11\/IMG_20180818_181302_235_Sketh-Mediano.jpg' data-bg-repeat='false' data-id='' style='display: none'><\/div><div class=\"gambit_fullheight_row\" data-content-location=\"center\" style=\"display: none\"><\/div>[vc_column_text]\n<p style=\"text-align: center;\"><a class=\"fasc-button fasc-size-xlarge fasc-type-glossy fasc-rounded-medium\" style=\"background-color: #33809e; color: #ffffff;\" href=\"https:\/\/librodepoesia.com\/producto\/a-la-sombra-de-mi-humo-enrique-sandamil-garcia\/\">Comprar el libro<\/a><\/p>\n[\/vc_column_text][\/vc_column][\/vc_row][vc_row][vc_column extend=&#8221;false&#8221;][vc_column_text css=&#8221;.vc_custom_1541108977889{margin-top: -30000px !important;}&#8221;]\n<h1><strong><em><u>Poes\u00eda del libro A LA SOMBRA DE MI HUMO de Enrique Sandamil Garc\u00eda. El escritor nos da una muestra tras publicar un libro.<\/u><\/em><\/strong><\/h1>\n<h2><strong><em><u><img fetchpriority=\"high\" decoding=\"async\" class=\"alignleft size-medium wp-image-50\" src=\"https:\/\/clubdepoesia.com\/enriquesandamilgarcia\/files\/2018\/11\/CubiertaLasombrademihumo3-211x300.jpg\" alt=\"\" width=\"211\" height=\"300\" srcset=\"https:\/\/clubdepoesia.com\/enriquesandamilgarcia\/files\/2018\/11\/CubiertaLasombrademihumo3-211x300.jpg 211w, https:\/\/clubdepoesia.com\/enriquesandamilgarcia\/files\/2018\/11\/CubiertaLasombrademihumo3.jpg 559w\" sizes=\"(max-width: 211px) 100vw, 211px\" \/>Poes\u00eda del libro A LA SOMBRA DE MI HUMO de Enrique Sandamil Garc\u00eda El poeta nos da una muestra tras publicar un libro.<\/u><\/em><\/strong><\/h2>\n<h3><strong><em><u>Poes\u00eda del libro A LA SOMBRA DE MI HUMO de Enrique Sandamil Garc\u00eda El autor nos da una muestra tras publicar un libro.<\/u><\/em><\/strong><\/h3>\n<h4><strong><em><u>Poes\u00eda del libro A LA SOMBRA DE MI HUMO de Enrique Sandamil Garc\u00eda El autor nos da una muestra tras publicar un libro.<\/u><\/em><\/strong><\/h4>\n<h5><strong><em><u>Poes\u00eda del libro A LA SOMBRA DE MI HUMO de Enrique Sandamil Garc\u00eda El autor nos da una muestra tras publicar un libro.<\/u><\/em><\/strong><\/h5>\n[\/vc_column_text][\/vc_column][\/vc_row]\n<\/div>","protected":false},"excerpt":{"rendered":"<p>[vc_row][vc_column extend=&#8221;false&#8221;][vc_column_text css=&#8221;.vc_custom_1541108977889{margin-top: -30000px !important;}&#8221;] Poes\u00eda del libro A LA SOMBRA DE MI HUMO de Enrique Sandamil Garc\u00eda. El escritor nos da una muestra tras publicar un libro. Poes\u00eda del libro A LA SOMBRA DE MI HUMO de Enrique Sandamil Garc\u00eda El poeta nos da una muestra tras publicar un libro. Poes\u00eda del libro A [&hellip;]<\/p>\n","protected":false},"author":24,"featured_media":0,"parent":0,"menu_order":3,"comment_status":"closed","ping_status":"closed","template":"","meta":{"footnotes":"","_links_to":"","_links_to_target":""},"class_list":["post-54","page","type-page","status-publish","hentry"],"_links":{"self":[{"href":"https:\/\/clubdepoesia.com\/enriquesandamilgarcia\/wp-json\/wp\/v2\/pages\/54","targetHints":{"allow":["GET"]}}],"collection":[{"href":"https:\/\/clubdepoesia.com\/enriquesandamilgarcia\/wp-json\/wp\/v2\/pages"}],"about":[{"href":"https:\/\/clubdepoesia.com\/enriquesandamilgarcia\/wp-json\/wp\/v2\/types\/page"}],"author":[{"embeddable":true,"href":"https:\/\/clubdepoesia.com\/enriquesandamilgarcia\/wp-json\/wp\/v2\/users\/24"}],"replies":[{"embeddable":true,"href":"https:\/\/clubdepoesia.com\/enriquesandamilgarcia\/wp-json\/wp\/v2\/comments?post=54"}],"version-history":[{"count":0,"href":"https:\/\/clubdepoesia.com\/enriquesandamilgarcia\/wp-json\/wp\/v2\/pages\/54\/revisions"}],"wp:attachment":[{"href":"https:\/\/clubdepoesia.com\/enriquesandamilgarcia\/wp-json\/wp\/v2\/media?parent=54"}],"curies":[{"name":"wp","href":"https:\/\/api.w.org\/{rel}","templated":true}]}}