{"id":57,"date":"2018-11-11T21:51:32","date_gmt":"2018-11-11T21:51:32","guid":{"rendered":"https:\/\/clubdepoesia.com\/elenalunaalmeda\/?page_id=57"},"modified":"2018-11-11T22:47:58","modified_gmt":"2018-11-11T22:47:58","slug":"poesia","status":"publish","type":"page","link":"https:\/\/clubdepoesia.com\/elenalunaalmeda\/poesia\/","title":{"rendered":"Poes\u00eda"},"content":{"rendered":"<div class=\"wpb-content-wrapper\">[vc_row][vc_column extend=&#8221;false&#8221;][vc_column_text css=&#8221;.vc_custom_1541972679710{margin-top: -30000px !important;}&#8221;]\n<h1><strong><em><u>Poes\u00eda del libro IMPARABLE de ELENA LUNA ALMEDA. El escritor nos da una muestra tras publicar un libro.<\/u><\/em><\/strong><\/h1>\n<h2><strong><em><u><img fetchpriority=\"high\" decoding=\"async\" class=\"alignleft size-medium wp-image-4\" src=\"https:\/\/clubdepoesia.com\/elenalunaalmeda\/files\/2018\/11\/0_PortadaImparable-211x300.jpg\" alt=\"IMPARABLE. Elena Luna Almeda\" width=\"211\" height=\"300\" srcset=\"https:\/\/clubdepoesia.com\/elenalunaalmeda\/files\/2018\/11\/0_PortadaImparable-211x300.jpg 211w, https:\/\/clubdepoesia.com\/elenalunaalmeda\/files\/2018\/11\/0_PortadaImparable.jpg 559w\" sizes=\"(max-width: 211px) 100vw, 211px\" \/>Poes\u00eda del libro IMPARABLE de ELENA LUNA ALMEDA El poeta nos da una muestra tras publicar un libro.<\/u><\/em><\/strong><\/h2>\n<h3><strong><em><u>Poes\u00eda del libro IMPARABLE de ELENA LUNA ALMEDA El autor nos da una muestra tras publicar un libro.<\/u><\/em><\/strong><\/h3>\n<h4><strong><em><u>Poes\u00eda del libro IMPARABLE de ELENA LUNA ALMEDA El autor nos da una muestra tras publicar un libro.<\/u><\/em><\/strong><\/h4>\n<h5><strong><em><u>Poes\u00eda del libro IMPARABLE de ELENA LUNA ALMEDA El autor nos da una muestra tras publicar un libro.<\/u><\/em><\/strong><\/h5>\n[\/vc_column_text][\/vc_column][\/vc_row][vc_row][vc_column extend=&#8221;false&#8221;]<div class='gambit_parallax_row' data-bg-align='' data-direction='fixed' data-opacity='100' data-velocity='-0.3' data-mobile-enabled='' data-bg-height='1571' data-bg-width='2356' data-bg-image='https:\/\/clubdepoesia.com\/elenalunaalmeda\/files\/2018\/11\/Fotolia_200387391_L.jpg' data-bg-repeat='false' data-id='' style='display: none'><\/div><div class=\"gambit_fullheight_row\" data-content-location=\"center\" style=\"display: none\"><\/div>[\/vc_column][\/vc_row][vc_row][vc_column extend=&#8221;false&#8221;][vc_column_text]\n<h1><a name=\"_Toc526756198\"><\/a><strong>I<\/strong><\/h1>\n<p><strong>&nbsp;<\/strong><\/p>\n<p>\u00bfQui\u00e9n da m\u00e1s?<\/p>\n<p>\u00bfT\u00fa?<\/p>\n<p>\u00bfO quiz\u00e1s yo?<\/p>\n<p>Est\u00e1 claro.<\/p>\n<p>&nbsp;<\/p>\n<p>Yo lo apostaba todo por ti,<\/p>\n<p>mientras t\u00fa,<\/p>\n<p>cuando parec\u00eda que ven\u00edas,<\/p>\n<p>girabas r\u00e1pidamente.<\/p>\n<p>&nbsp;<\/p>\n<p>Tan r\u00e1pido como llegaste,<\/p>\n<p>tan r\u00e1pido como te fuiste.<\/p>\n<p>&nbsp;<\/p>\n<p>&nbsp;<\/p>\n<span class='bctt-click-to-tweet'><span class='bctt-ctt-text'><a href='https:\/\/x.com\/intent\/tweet?url=https%3A%2F%2Fclubdepoesia.com%2Felenalunaalmeda%2Fpoesia%2F&#038;text=I%C2%A0del%20libro%20IMPARABLE%20de%20ELENA%20LUNA%20ALMEDA&#038;via=poesiaerestu&#038;related=poesiaerestu' target='_blank'rel=\"noopener noreferrer\">I&nbsp;del libro IMPARABLE de ELENA LUNA ALMEDA <\/a><\/span><a href='https:\/\/x.com\/intent\/tweet?url=https%3A%2F%2Fclubdepoesia.com%2Felenalunaalmeda%2Fpoesia%2F&#038;text=I%C2%A0del%20libro%20IMPARABLE%20de%20ELENA%20LUNA%20ALMEDA&#038;via=poesiaerestu&#038;related=poesiaerestu' target='_blank' class='bctt-ctt-btn'rel=\"noopener noreferrer\">Compartir en X<\/a><\/span>[\/vc_column_text][\/vc_column][\/vc_row][vc_row][vc_column extend=&#8221;false&#8221;]<div class='gambit_parallax_row' data-bg-align='' data-direction='fixed' data-opacity='100' data-velocity='-0.3' data-mobile-enabled='' data-bg-height='2280' data-bg-width='3421' data-bg-image='https:\/\/clubdepoesia.com\/elenalunaalmeda\/files\/2018\/11\/Fotolia_59241365_XL.jpg' data-bg-repeat='false' data-id='' style='display: none'><\/div><div class=\"gambit_fullheight_row\" data-content-location=\"center\" style=\"display: none\"><\/div>[\/vc_column][\/vc_row][vc_row][vc_column extend=&#8221;false&#8221;][vc_column_text]\n<h1><a name=\"_Toc526756206\"><\/a><strong>XXV<\/strong><\/h1>\n<p>&nbsp;<\/p>\n<p>Ojal\u00e1 te inundaran<\/p>\n<p>las ganas de querer,<\/p>\n<p>en vez de<\/p>\n<p>querer ganar.<\/p>\n<p>&nbsp;<\/p>\n<p>Ojal\u00e1 me quisieras<\/p>\n<p>a besos,<\/p>\n<p>en lugar de<\/p>\n<p>a veces.<\/p>\n<p>&nbsp;<\/p>\n<p>Ojal\u00e1 mirara tus ojos<\/p>\n<p>y pudiera verte.<\/p>\n<p>&nbsp;<\/p>\n<p>Ojal\u00e1 el tiempo<\/p>\n<p>no hubiese pasado<\/p>\n<p>por tu coraz\u00f3n<\/p>\n<p>arrasando con todo<\/p>\n<p>lo que una vez hubo.<\/p>\n<p>&nbsp;<\/p>\n<p>Ojal\u00e1 que la vida<\/p>\n<p>nos d\u00e9 otra oportunidad,<\/p>\n<p>porque<\/p>\n<p>ojal\u00e1<\/p>\n<p>que (nos) vaya bien.<\/p>\n<p>&nbsp;<\/p>\n<p>&nbsp;<\/p>\n<span class='bctt-click-to-tweet'><span class='bctt-ctt-text'><a href='https:\/\/x.com\/intent\/tweet?url=https%3A%2F%2Fclubdepoesia.com%2Felenalunaalmeda%2Fpoesia%2F&#038;text=XXV%20del%20libro%20IMPARABLE%20de%20ELENA%20LUNA%20ALMEDA&#038;via=poesiaerestu&#038;related=poesiaerestu' target='_blank'rel=\"noopener noreferrer\">XXV del libro IMPARABLE de ELENA LUNA ALMEDA <\/a><\/span><a href='https:\/\/x.com\/intent\/tweet?url=https%3A%2F%2Fclubdepoesia.com%2Felenalunaalmeda%2Fpoesia%2F&#038;text=XXV%20del%20libro%20IMPARABLE%20de%20ELENA%20LUNA%20ALMEDA&#038;via=poesiaerestu&#038;related=poesiaerestu' target='_blank' class='bctt-ctt-btn'rel=\"noopener noreferrer\">Compartir en X<\/a><\/span>[\/vc_column_text][\/vc_column][\/vc_row][vc_row][vc_column extend=&#8221;false&#8221;]<div class='gambit_parallax_row' data-bg-align='' data-direction='fixed' data-opacity='100' data-velocity='-0.3' data-mobile-enabled='' data-bg-height='1479' data-bg-width='2502' data-bg-image='https:\/\/clubdepoesia.com\/elenalunaalmeda\/files\/2018\/11\/Fotolia_180724926_L.jpg' data-bg-repeat='false' data-id='' style='display: none'><\/div><div class=\"gambit_fullheight_row\" data-content-location=\"center\" style=\"display: none\"><\/div>[\/vc_column][\/vc_row][vc_row][vc_column extend=&#8221;false&#8221;][vc_column_text]\n<h1><a name=\"_Toc526756214\"><\/a><strong>X<\/strong><\/h1>\n<p>&nbsp;<\/p>\n<p>Atraves\u00f3 mi pecho<\/p>\n<p>y sali\u00f3 por mi espalda,<\/p>\n<p>dejando una cicatriz<\/p>\n<p>en forma de X<\/p>\n<p>marc\u00e1ndome de por vida.<\/p>\n<p>&nbsp;<\/p>\n<p>No s\u00e9 cu\u00e1ndo entr\u00f3,<\/p>\n<p>pero sent\u00ed bastante su salida.<\/p>\n<p>&nbsp;<\/p>\n<p>Pas\u00f3 por el centro del coraz\u00f3n,<\/p>\n<p>sin ladearse lo m\u00e1s m\u00ednimo,<\/p>\n<p>haciendo que todo lo que hab\u00eda dentro<\/p>\n<p>saltase por los aires.<\/p>\n<p>Justo donde estaba yo<\/p>\n<p>antes de que esa bala<\/p>\n<p>apareciera en mi vida;<\/p>\n<p>en el aire.<\/p>\n<p>&nbsp;<\/p>\n<span class='bctt-click-to-tweet'><span class='bctt-ctt-text'><a href='https:\/\/x.com\/intent\/tweet?url=https%3A%2F%2Fclubdepoesia.com%2Felenalunaalmeda%2Fpoesia%2F&#038;text=X%20de%20IMPARABLE%20de%20ELENA%20LUNA%20ALMEDA&#038;via=poesiaerestu&#038;related=poesiaerestu' target='_blank'rel=\"noopener noreferrer\">X de IMPARABLE de ELENA LUNA ALMEDA <\/a><\/span><a href='https:\/\/x.com\/intent\/tweet?url=https%3A%2F%2Fclubdepoesia.com%2Felenalunaalmeda%2Fpoesia%2F&#038;text=X%20de%20IMPARABLE%20de%20ELENA%20LUNA%20ALMEDA&#038;via=poesiaerestu&#038;related=poesiaerestu' target='_blank' class='bctt-ctt-btn'rel=\"noopener noreferrer\">Compartir en X<\/a><\/span>[\/vc_column_text][\/vc_column][\/vc_row][vc_row][vc_column extend=&#8221;false&#8221;]<div class='gambit_parallax_row' data-bg-align='' data-direction='fixed' data-opacity='100' data-velocity='-0.3' data-mobile-enabled='' data-bg-height='600' data-bg-width='800' data-bg-image='https:\/\/clubdepoesia.com\/elenalunaalmeda\/files\/2018\/11\/Fotolia_3831207_S.jpg' data-bg-repeat='false' data-id='' style='display: none'><\/div><div class=\"gambit_fullheight_row\" data-content-location=\"center\" style=\"display: none\"><\/div>[\/vc_column][\/vc_row][vc_row][vc_column extend=&#8221;false&#8221;][vc_column_text]\n<h1><a name=\"_Toc526756243\"><\/a><strong>CORAZ\u00d3N AZUL<\/strong><\/h1>\n<p>&nbsp;<\/p>\n<p>En el pie derecho,<\/p>\n<p>para dar pasos firmes.<\/p>\n<p>Que si la pierna falla<\/p>\n<p>t\u00fa seas mi bast\u00f3n;<\/p>\n<p>&nbsp;<\/p>\n<p>&nbsp;<\/p>\n<p>mi apoyo constante<\/p>\n<p>como hasta ahora.<\/p>\n<p>&nbsp;<\/p>\n<p>Eres la cuerda<\/p>\n<p>para saltar de un puente;<\/p>\n<p>el paraca\u00eddas<\/p>\n<p>cuando me tiro de un avi\u00f3n.<\/p>\n<p>La parte l\u00f3gica<\/p>\n<p>de todas mis locuras.<\/p>\n<p>&nbsp;<\/p>\n<p>Sin frenarme,<\/p>\n<p>acompa\u00f1\u00e1ndome.<\/p>\n<p>&nbsp;<\/p>\n<p>Dejando que mis alas crezcan.<\/p>\n<p>Asegur\u00e1ndome un aterrizaje<\/p>\n<p>entre plumas.<\/p>\n<h1>&nbsp;<\/h1>\n<span class='bctt-click-to-tweet'><span class='bctt-ctt-text'><a href='https:\/\/x.com\/intent\/tweet?url=https%3A%2F%2Fclubdepoesia.com%2Felenalunaalmeda%2Fpoesia%2F&#038;text=CORAZ%C3%93N%20AZUL%C2%A0del%20libro%20IMPARABLE%20de%20ELENA%20LUNA%20ALMEDA&#038;via=poesiaerestu&#038;related=poesiaerestu' target='_blank'rel=\"noopener noreferrer\">CORAZ\u00d3N AZUL&nbsp;del libro IMPARABLE de ELENA LUNA ALMEDA <\/a><\/span><a href='https:\/\/x.com\/intent\/tweet?url=https%3A%2F%2Fclubdepoesia.com%2Felenalunaalmeda%2Fpoesia%2F&#038;text=CORAZ%C3%93N%20AZUL%C2%A0del%20libro%20IMPARABLE%20de%20ELENA%20LUNA%20ALMEDA&#038;via=poesiaerestu&#038;related=poesiaerestu' target='_blank' class='bctt-ctt-btn'rel=\"noopener noreferrer\">Compartir en X<\/a><\/span>[\/vc_column_text][\/vc_column][\/vc_row][vc_row][vc_column extend=&#8221;false&#8221;]<div class='gambit_parallax_row' data-bg-align='' data-direction='fixed' data-opacity='100' data-velocity='-0.3' data-mobile-enabled='' data-bg-height='1084' data-bg-width='768' data-bg-image='https:\/\/clubdepoesia.com\/elenalunaalmeda\/files\/2018\/11\/image2_MixArt-Mediano.jpg' data-bg-repeat='false' data-id='' style='display: none'><\/div><div class=\"gambit_fullheight_row\" data-content-location=\"center\" style=\"display: none\"><\/div>[vc_column_text]\n<p style=\"text-align: center;\"><a class=\"fasc-button fasc-size-xlarge fasc-type-glossy fasc-rounded-medium\" style=\"background-color: #33809e; color: #ffffff;\" href=\"https:\/\/librodepoesia.com\/producto\/imparable-elena-luna-almeda\/\">Comprar el libro<\/a><\/p>\n[\/vc_column_text][\/vc_column][\/vc_row][vc_row][vc_column extend=&#8221;false&#8221;][vc_column_text css=&#8221;.vc_custom_1541972679710{margin-top: -30000px !important;}&#8221;]\n<h1><strong><em><u>Poes\u00eda del libro IMPARABLE de ELENA LUNA ALMEDA. El escritor nos da una muestra tras publicar un libro.<\/u><\/em><\/strong><\/h1>\n<h2><strong><em><u><img fetchpriority=\"high\" decoding=\"async\" class=\"alignleft size-medium wp-image-4\" src=\"https:\/\/clubdepoesia.com\/elenalunaalmeda\/files\/2018\/11\/0_PortadaImparable-211x300.jpg\" alt=\"IMPARABLE. Elena Luna Almeda\" width=\"211\" height=\"300\" srcset=\"https:\/\/clubdepoesia.com\/elenalunaalmeda\/files\/2018\/11\/0_PortadaImparable-211x300.jpg 211w, https:\/\/clubdepoesia.com\/elenalunaalmeda\/files\/2018\/11\/0_PortadaImparable.jpg 559w\" sizes=\"(max-width: 211px) 100vw, 211px\" \/>Poes\u00eda del libro IMPARABLE de ELENA LUNA ALMEDA El poeta nos da una muestra tras publicar un libro.<\/u><\/em><\/strong><\/h2>\n<h3><strong><em><u>Poes\u00eda del libro IMPARABLE de ELENA LUNA ALMEDA El autor nos da una muestra tras publicar un libro.<\/u><\/em><\/strong><\/h3>\n<h4><strong><em><u>Poes\u00eda del libro IMPARABLE de ELENA LUNA ALMEDA El autor nos da una muestra tras publicar un libro.<\/u><\/em><\/strong><\/h4>\n<h5><strong><em><u>Poes\u00eda del libro IMPARABLE de ELENA LUNA ALMEDA El autor nos da una muestra tras publicar un libro.<\/u><\/em><\/strong><\/h5>\n[\/vc_column_text][\/vc_column][\/vc_row]\n<\/div>","protected":false},"excerpt":{"rendered":"<p>[vc_row][vc_column extend=&#8221;false&#8221;][vc_column_text css=&#8221;.vc_custom_1541972679710{margin-top: -30000px !important;}&#8221;] Poes\u00eda del libro IMPARABLE de ELENA LUNA ALMEDA. El escritor nos da una muestra tras publicar un libro. Poes\u00eda del libro IMPARABLE de ELENA LUNA ALMEDA El poeta nos da una muestra tras publicar un libro. Poes\u00eda del libro IMPARABLE de ELENA LUNA ALMEDA El autor nos da una muestra [&hellip;]<\/p>\n","protected":false},"author":24,"featured_media":0,"parent":0,"menu_order":3,"comment_status":"closed","ping_status":"closed","template":"","meta":{"footnotes":"","_links_to":"","_links_to_target":""},"class_list":["post-57","page","type-page","status-publish","hentry"],"_links":{"self":[{"href":"https:\/\/clubdepoesia.com\/elenalunaalmeda\/wp-json\/wp\/v2\/pages\/57","targetHints":{"allow":["GET"]}}],"collection":[{"href":"https:\/\/clubdepoesia.com\/elenalunaalmeda\/wp-json\/wp\/v2\/pages"}],"about":[{"href":"https:\/\/clubdepoesia.com\/elenalunaalmeda\/wp-json\/wp\/v2\/types\/page"}],"author":[{"embeddable":true,"href":"https:\/\/clubdepoesia.com\/elenalunaalmeda\/wp-json\/wp\/v2\/users\/24"}],"replies":[{"embeddable":true,"href":"https:\/\/clubdepoesia.com\/elenalunaalmeda\/wp-json\/wp\/v2\/comments?post=57"}],"version-history":[{"count":0,"href":"https:\/\/clubdepoesia.com\/elenalunaalmeda\/wp-json\/wp\/v2\/pages\/57\/revisions"}],"wp:attachment":[{"href":"https:\/\/clubdepoesia.com\/elenalunaalmeda\/wp-json\/wp\/v2\/media?parent=57"}],"curies":[{"name":"wp","href":"https:\/\/api.w.org\/{rel}","templated":true}]}}