{"id":24,"date":"2017-11-29T22:27:43","date_gmt":"2017-11-29T22:27:43","guid":{"rendered":"http:\/\/clubdepoesia.com\/doforoemmanuelsoro\/?page_id=24"},"modified":"2017-11-29T22:45:06","modified_gmt":"2017-11-29T22:45:06","slug":"poesia-relatada","status":"publish","type":"page","link":"https:\/\/clubdepoesia.com\/doforoemmanuelsoro\/poesia-relatada\/","title":{"rendered":"Poes\u00eda relatada"},"content":{"rendered":"<div class=\"wpb-content-wrapper\">[vc_row][vc_column extend=&#8221;false&#8221;][vc_column_text]<strong><img fetchpriority=\"high\" decoding=\"async\" class=\"size-full wp-image-4 alignleft\" src=\"https:\/\/clubdepoesia.com\/doforoemmanuelsoro\/files\/2017\/11\/0_Portada_Poesiarelatada.jpg\" alt=\"Doforo Emmanuel Soro acaba de publicar un libro Poes\u00eda relatada\" width=\"559\" height=\"794\" srcset=\"https:\/\/clubdepoesia.com\/doforoemmanuelsoro\/files\/2017\/11\/0_Portada_Poesiarelatada.jpg 559w, https:\/\/clubdepoesia.com\/doforoemmanuelsoro\/files\/2017\/11\/0_Portada_Poesiarelatada-211x300.jpg 211w\" sizes=\"(max-width: 559px) 100vw, 559px\" \/>T\u00edtulo:<\/strong> POES\u00cdA RELATADA<\/p>\n<p><strong>Autor:<\/strong> DOFORO EMMANUEL SORO<\/p>\n<p>&nbsp;<\/p>\n<p>A\u00f1o de Publicaci\u00f3n: 2017<\/p>\n<p>Colecci\u00f3n: Poes\u00eda eres t\u00fa<\/p>\n<p>&nbsp;<\/p>\n<p>ISBN-13: 978-84-16480-55-5<\/p>\n<p>&nbsp;<\/p>\n<p>Editorial: Poes\u00eda eres t\u00fa<\/p>\n<p><a href=\"http:\/\/www.poesiaerestu.com\/\">http:\/\/www.poesiaerestu.com<\/a><\/p>\n<p>&nbsp;<\/p>\n<p>PVP: 12 Euros (IVA Incluido).<\/p>\n<p><strong>\u00a0<\/strong><\/p>\n<p>N\u00ba Pag. 80[\/vc_column_text][\/vc_column][\/vc_row][vc_row][vc_column extend=&#8221;false&#8221; width=&#8221;1\/4&#8243;][\/vc_column][vc_column extend=&#8221;false&#8221; width=&#8221;1\/2&#8243;][vc_custom_heading text=&#8221;PUEDES ADQUIRIR EL LIBRO EN TU LIBRER\u00cdA HABITUAL O EN NUESTRAS LIBRER\u00cdAS&#8221; font_container=&#8221;tag:h2|font_size:40|text_align:center|color:%23000000&#8243; google_fonts=&#8221;font_family:PT%20Sans%20Narrow%3Aregular%2C700|font_style:700%20bold%20regular%3A700%3Anormal&#8221; css=&#8221;.vc_custom_1506252816495{padding-top: 200px !important;padding-bottom: 15px !important;}&#8221;][\/vc_column][vc_column extend=&#8221;false&#8221; width=&#8221;1\/4&#8243;][\/vc_column][\/vc_row][vc_row content_placement=&#8221;bottom&#8221; gap=&#8221;10&#8243; equal_height=&#8221;yes&#8221;][vc_column extend=&#8221;false&#8221; width=&#8221;1\/4&#8243; css=&#8221;.vc_custom_1478002731974{background-color: #f2c100 !important;}&#8221;][vc_custom_heading text=&#8221;Librer\u00eda GEPA&#8221; font_container=&#8221;tag:h2|font_size:40|text_align:center|color:%23ffffff&#8221; use_theme_fonts=&#8221;yes&#8221; css=&#8221;.vc_custom_1511995083366{padding-top: 200px !important;padding-bottom: 15px !important;}&#8221; link=&#8221;url:http%3A%2F%2Fgepa.es%2Fpoesia%2F285-poesia-relatada-doforo-emmanuel-soro-9788416480555.html||target:%20_blank|&#8221;][\/vc_column][vc_column extend=&#8221;false&#8221; width=&#8221;1\/4&#8243; css=&#8221;.vc_custom_1478002750795{background-color: #007fe0 !important;}&#8221;][vc_custom_heading text=&#8221;Librer\u00eda Website&#8221; font_container=&#8221;tag:h2|font_size:40|text_align:center|color:%23ffffff&#8221; use_theme_fonts=&#8221;yes&#8221; css=&#8221;.vc_custom_1511995140969{padding-top: 200px !important;padding-bottom: 15px !important;}&#8221; link=&#8221;url:http%3A%2F%2Flibreria.ws%2Fproducto%2Fpoesia-relatada-doforo-emmanuel-soro%2F||target:%20_blank|&#8221;][\/vc_column][vc_column extend=&#8221;false&#8221; width=&#8221;1\/4&#8243; css=&#8221;.vc_custom_1478002768154{background-color: #ef004f !important;}&#8221;][vc_custom_heading text=&#8221;La librer\u00eda del escritor&#8221; font_container=&#8221;tag:h2|font_size:40|text_align:center|color:%23ffffff&#8221; use_theme_fonts=&#8221;yes&#8221; css=&#8221;.vc_custom_1511995191209{padding-top: 200px !important;padding-bottom: 15px !important;}&#8221; link=&#8221;url:http%3A%2F%2Flalibreria.com.es%2Fhome%2F95-poesia-relatada-doforo-emmanuel-soro-9788416480555.html|||&#8221;][\/vc_column][vc_column extend=&#8221;false&#8221; width=&#8221;1\/4&#8243; css=&#8221;.vc_custom_1506252183393{background-color: #81d742 !important;}&#8221;][vc_custom_heading text=&#8221;El rinc\u00f3n de los libros&#8221; font_container=&#8221;tag:h2|font_size:40|text_align:center|color:%23ffffff&#8221; use_theme_fonts=&#8221;yes&#8221; css=&#8221;.vc_custom_1511995245685{padding-top: 200px !important;padding-bottom: 15px !important;}&#8221; link=&#8221;url:http%3A%2F%2Felrincondeloslibros.com%2Fpoesia%2F286-poesia-relatada-doforo-emmanuel-soro-9788416480555.html||target:%20_blank|&#8221;][\/vc_column][\/vc_row][vc_row][vc_column extend=&#8221;false&#8221;][vc_masonry_media_grid grid_id=&#8221;vc_gid:1511995273193-a02154cc-60a3-7&#8243; include=&#8221;30,31,32,33,34,35&#8243;][\/vc_column][\/vc_row][vc_column extend=&#8221;false&#8221;][vc_row_inner][vc_column_inner extend=&#8221;false&#8221;][vc_column_text]<a href=\"https:\/\/clubdepoesia.com\/doforoemmanuelsoro\/\">DOFORO EMMANUEL SORO<\/a> logra publicar un libro de poes\u00eda, POES\u00cdA RELATADA, tras un proceso de selecci\u00f3n de obras con la Editorial Poes\u00eda eres t\u00fa.<br \/>\nTodos los derechos del libro POES\u00cdA RELATADA pertenecen a DOFORO EMMANUEL SORO tras publicar un libro con la Editorial Poes\u00eda eres t\u00fa.<br \/>\nPublicar un libro de poes\u00eda como POES\u00cdA RELATADA de DOFORO EMMANUEL SORO es posible gracias al trabajo de todo el equipo de la Editorial Poes\u00eda eres t\u00fa.<br \/>\nToda la promoci\u00f3n del libro POES\u00cdA RELATADA la puedes ver en la p\u00e1gina de la Editorial Poes\u00eda eres t\u00fa y en la web que la editorial la hace a DOFORO EMMANUEL SORO tras publicar un libro.<br \/>\nDOFORO EMMANUEL SORO agradece a la Editorial Poes\u00eda eres t\u00fa y la Agencia del libro por facilitar el trabajo de publicar un libro: POES\u00cdA RELATADA.<br \/>\nLa Editorial Poes\u00eda eres t\u00fa y DOFORO EMMANUEL SORO agradecen la colaboraci\u00f3n de los poetas, que han conseguido publicar un libro, y lectores del libro POES\u00cdA RELATADA por su colaboraci\u00f3n en la promoci\u00f3n y difusi\u00f3n de la obra.[\/vc_column_text][\/vc_column_inner][\/vc_row_inner][\/vc_column]\n<\/div>","protected":false},"excerpt":{"rendered":"<p>[vc_row][vc_column extend=&#8221;false&#8221;][vc_column_text]T\u00edtulo: POES\u00cdA RELATADA Autor: DOFORO EMMANUEL SORO &nbsp; A\u00f1o de Publicaci\u00f3n: 2017 Colecci\u00f3n: Poes\u00eda eres t\u00fa &nbsp; ISBN-13: 978-84-16480-55-5 &nbsp; Editorial: Poes\u00eda eres t\u00fa http:\/\/www.poesiaerestu.com &nbsp; PVP: 12 Euros (IVA Incluido). \u00a0 N\u00ba Pag. 80[\/vc_column_text][\/vc_column][\/vc_row][vc_row][vc_column extend=&#8221;false&#8221; width=&#8221;1\/4&#8243;][\/vc_column][vc_column extend=&#8221;false&#8221; width=&#8221;1\/2&#8243;][vc_custom_heading text=&#8221;PUEDES ADQUIRIR EL LIBRO EN TU LIBRER\u00cdA HABITUAL O EN NUESTRAS LIBRER\u00cdAS&#8221; font_container=&#8221;tag:h2|font_size:40|text_align:center|color:%23000000&#8243; google_fonts=&#8221;font_family:PT%20Sans%20Narrow%3Aregular%2C700|font_style:700%20bold%20regular%3A700%3Anormal&#8221; css=&#8221;.vc_custom_1506252816495{padding-top: [&hellip;]<\/p>\n","protected":false},"author":24,"featured_media":0,"parent":0,"menu_order":2,"comment_status":"closed","ping_status":"closed","template":"","meta":{"footnotes":"","_links_to":"","_links_to_target":""},"class_list":["post-24","page","type-page","status-publish","hentry"],"_links":{"self":[{"href":"https:\/\/clubdepoesia.com\/doforoemmanuelsoro\/wp-json\/wp\/v2\/pages\/24","targetHints":{"allow":["GET"]}}],"collection":[{"href":"https:\/\/clubdepoesia.com\/doforoemmanuelsoro\/wp-json\/wp\/v2\/pages"}],"about":[{"href":"https:\/\/clubdepoesia.com\/doforoemmanuelsoro\/wp-json\/wp\/v2\/types\/page"}],"author":[{"embeddable":true,"href":"https:\/\/clubdepoesia.com\/doforoemmanuelsoro\/wp-json\/wp\/v2\/users\/24"}],"replies":[{"embeddable":true,"href":"https:\/\/clubdepoesia.com\/doforoemmanuelsoro\/wp-json\/wp\/v2\/comments?post=24"}],"version-history":[{"count":0,"href":"https:\/\/clubdepoesia.com\/doforoemmanuelsoro\/wp-json\/wp\/v2\/pages\/24\/revisions"}],"wp:attachment":[{"href":"https:\/\/clubdepoesia.com\/doforoemmanuelsoro\/wp-json\/wp\/v2\/media?parent=24"}],"curies":[{"name":"wp","href":"https:\/\/api.w.org\/{rel}","templated":true}]}}