{"id":57,"date":"2018-10-12T15:40:59","date_gmt":"2018-10-12T15:40:59","guid":{"rendered":"https:\/\/clubdepoesia.com\/davidsanchezvalverdemontero\/?page_id=57"},"modified":"2018-10-15T19:37:23","modified_gmt":"2018-10-15T19:37:23","slug":"poesia-de-mi-primavera-contra-el-mundo","status":"publish","type":"page","link":"https:\/\/clubdepoesia.com\/davidsanchezvalverdemontero\/poesia-de-mi-primavera-contra-el-mundo\/","title":{"rendered":"Poes\u00eda de Mi primavera contra el mundo"},"content":{"rendered":"<div class=\"wpb-content-wrapper\">[vc_row][vc_column extend=&#8221;false&#8221;][vc_column_text css=&#8221;.vc_custom_1537112168061{margin-top: -30000px !important;}&#8221;]\n<h1><strong><em><u>Poes\u00eda del libro Mi primavera contra el mundo de David S\u00e1nchez-Valverde Montero. El escritor nos da una muestra tras publicar un libro.<\/u><\/em><\/strong><\/h1>\n<h2><strong><em><u><img fetchpriority=\"high\" decoding=\"async\" class=\"aligncenter size-full wp-image-10\" src=\"https:\/\/clubdepoesia.com\/davidsanchezvalverdemontero\/files\/2018\/10\/0_PortadaMiprimaveracontraelmundo.jpg\" alt=\"MI PRIMAVERA CONTRA EL MUNDO - DAVID S\u00c1NCHEZ-VALVERDE MONTERO\" width=\"559\" height=\"794\" srcset=\"https:\/\/clubdepoesia.com\/davidsanchezvalverdemontero\/files\/2018\/10\/0_PortadaMiprimaveracontraelmundo.jpg 559w, https:\/\/clubdepoesia.com\/davidsanchezvalverdemontero\/files\/2018\/10\/0_PortadaMiprimaveracontraelmundo-211x300.jpg 211w\" sizes=\"(max-width: 559px) 100vw, 559px\" \/>Poes\u00eda del libro Mi primavera contra el mundo de David S\u00e1nchez-Valverde Montero El poeta nos da una muestra tras publicar un libro.<\/u><\/em><\/strong><\/h2>\n<h3><strong><em><u>Poes\u00eda del libro Mi primavera contra el mundo de David S\u00e1nchez-Valverde Montero El autor nos da una muestra tras publicar un libro.<\/u><\/em><\/strong><\/h3>\n<h4><strong><em><u>Poes\u00eda del libro Mi primavera contra el mundo de David S\u00e1nchez-Valverde Montero El autor nos da una muestra tras publicar un libro.<\/u><\/em><\/strong><\/h4>\n<h5><strong><em><u>Poes\u00eda del libro Mi primavera contra el mundo de David S\u00e1nchez-Valverde Montero El autor nos da una muestra tras publicar un libro.<\/u><\/em><\/strong><\/h5>\n[\/vc_column_text][\/vc_column][\/vc_row][vc_row][vc_column extend=&#8221;false&#8221;]<div class='gambit_parallax_row' data-bg-align='' data-direction='fixed' data-opacity='100' data-velocity='-0.3' data-mobile-enabled='' data-bg-height='768' data-bg-width='1250' data-bg-image='https:\/\/clubdepoesia.com\/davidsanchezvalverdemontero\/files\/2018\/10\/P1011418-Mediano-1.jpg' data-bg-repeat='false' data-id='' style='display: none'><\/div><div class=\"gambit_fullheight_row\" data-content-location=\"center\" style=\"display: none\"><\/div>[\/vc_column][\/vc_row][vc_row][vc_column extend=&#8221;false&#8221;][vc_column_text]\n<h1><a name=\"_Toc522634631\"><\/a><\/h1>\n<h1><a name=\"_Toc525486271\"><\/a><strong>Saturaci\u00f3n<\/strong><\/h1>\n<p>&nbsp;<\/p>\n<p>Todo parece haber sido dicho ya,<\/p>\n<p>escrito pintado esculpido.<\/p>\n<p>Todo parece haber sido ya retratado,<\/p>\n<p>filmado grabado sentido,<\/p>\n<p>comprado agotado vendido.<\/p>\n<p>&nbsp;<\/p>\n<p>Anda el asombro malherido ya,<\/p>\n<p>pues dice haberlo visto todo,<\/p>\n<p>o\u00eddo probado tocado ya todo.<\/p>\n<p>Resbala hacia un tedio sin fondo,<\/p>\n<p>luego asciende noct\u00e1mbulo, saturado,<\/p>\n<p>y de nuevo hacia abajo vencido.<\/p>\n<p>&nbsp;<\/p>\n<p>\u00bfHay algo que agite el alma?<\/p>\n<p>\u00bfPuede despertar la mirada todav\u00eda?<\/p>\n<p>Sentir, recobrar la calma.<\/p>\n<p>Vivir, la fugaz alegr\u00eda.<\/p>\n<p>Soslayar el tiempo, respirar,<\/p>\n<p>olvidar su atroz tiran\u00eda,<\/p>\n<p>existir y dejarlo pasar.<\/p>\n<p>\u00bfSirve de algo la poes\u00eda?<\/p>\n<p>&nbsp;<\/p>\n<span class='bctt-click-to-tweet'><span class='bctt-ctt-text'><a href='https:\/\/x.com\/intent\/tweet?url=https%3A%2F%2Fclubdepoesia.com%2Fdavidsanchezvalverdemontero%2Fpoesia-de-mi-primavera-contra-el-mundo%2F&#038;text=Saturaci%C3%B3n%C2%A0del%20libro%20Mi%20primavera%20contra%20el%20mundo%20de%20David%20S%C3%A1nchez-Valverde%20Montero&#038;via=poesiaerestu&#038;related=poesiaerestu' target='_blank'rel=\"noopener noreferrer\">Saturaci\u00f3n&nbsp;del libro Mi primavera contra el mundo de David S\u00e1nchez-Valverde Montero <\/a><\/span><a href='https:\/\/x.com\/intent\/tweet?url=https%3A%2F%2Fclubdepoesia.com%2Fdavidsanchezvalverdemontero%2Fpoesia-de-mi-primavera-contra-el-mundo%2F&#038;text=Saturaci%C3%B3n%C2%A0del%20libro%20Mi%20primavera%20contra%20el%20mundo%20de%20David%20S%C3%A1nchez-Valverde%20Montero&#038;via=poesiaerestu&#038;related=poesiaerestu' target='_blank' class='bctt-ctt-btn'rel=\"noopener noreferrer\">Compartir en X<\/a><\/span>[\/vc_column_text][\/vc_column][\/vc_row][vc_row][vc_column extend=&#8221;false&#8221;]<div class='gambit_parallax_row' data-bg-align='' data-direction='fixed' data-opacity='100' data-velocity='-0.3' data-mobile-enabled='' data-bg-height='768' data-bg-width='1024' data-bg-image='https:\/\/clubdepoesia.com\/davidsanchezvalverdemontero\/files\/2018\/10\/P1011389-Mediano.jpg' data-bg-repeat='false' data-id='' style='display: none'><\/div><div class=\"gambit_fullheight_row\" data-content-location=\"center\" style=\"display: none\"><\/div>[\/vc_column][\/vc_row][vc_row][vc_column extend=&#8221;false&#8221;][vc_column_text]\n<h1><a name=\"_Toc522634638\"><\/a><\/h1>\n<h1><a name=\"_Toc525486275\"><\/a><strong>Rutina<\/strong><\/h1>\n<p><em>&nbsp;<\/em><\/p>\n<p>Rutina, monocorde canci\u00f3n,<\/p>\n<p>met\u00e1lica esfera sin salida.<\/p>\n<p>Lo sabe mi coraz\u00f3n,<\/p>\n<p>id\u00e9ntica huella d\u00eda y d\u00eda,<\/p>\n<p>gentes, rostros, voces, escenas,<\/p>\n<p>gris teatro del hast\u00edo,<\/p>\n<p>fest\u00edn de desilusi\u00f3n y pena,<\/p>\n<p>impotencia, desaliento,<\/p>\n<p>n\u00e1usea sartreana (y a\u00fan sonr\u00edo),<\/p>\n<p>\u00bfno hay nada m\u00e1s en este intento?<\/p>\n<p>&nbsp;<\/p>\n<p>La trampa se ha sellado,<\/p>\n<p>la red es muy tupida,<\/p>\n<p>me hallar\u00e1n enloquecido un d\u00eda,<\/p>\n<p>fuera de m\u00ed, perdido,<\/p>\n<p>incapaz de dar un paso m\u00e1s,<\/p>\n<p>vencido por el di\u00e1fano absurdo,<\/p>\n<p>buscando siempre una mirada<\/p>\n<p>en este escenario alucinado,<\/p>\n<p>un recoveco, la posibilidad,<\/p>\n<p>si no en este mundo,<\/p>\n<p>m\u00e1s all\u00e1.<\/p>\n<p>&nbsp;<\/p>\n<p>Concretemos pues el caso:<\/p>\n<p>\u00bfcu\u00e1l es el argumento de esta historia?,<\/p>\n<p>\u00bfexiste una historia acaso?<\/p>\n<p>&nbsp;<\/p>\n<p>&nbsp;<\/p>\n<span class='bctt-click-to-tweet'><span class='bctt-ctt-text'><a href='https:\/\/x.com\/intent\/tweet?url=https%3A%2F%2Fclubdepoesia.com%2Fdavidsanchezvalverdemontero%2Fpoesia-de-mi-primavera-contra-el-mundo%2F&#038;text=RUTINA%C2%A0del%20libro%20Mi%20primavera%20contra%20el%20mundo%20de%20David%20S%C3%A1nchez-Valverde%20Montero&#038;via=poesiaerestu&#038;related=poesiaerestu' target='_blank'rel=\"noopener noreferrer\">RUTINA&nbsp;del libro Mi primavera contra el mundo de David S\u00e1nchez-Valverde Montero <\/a><\/span><a href='https:\/\/x.com\/intent\/tweet?url=https%3A%2F%2Fclubdepoesia.com%2Fdavidsanchezvalverdemontero%2Fpoesia-de-mi-primavera-contra-el-mundo%2F&#038;text=RUTINA%C2%A0del%20libro%20Mi%20primavera%20contra%20el%20mundo%20de%20David%20S%C3%A1nchez-Valverde%20Montero&#038;via=poesiaerestu&#038;related=poesiaerestu' target='_blank' class='bctt-ctt-btn'rel=\"noopener noreferrer\">Compartir en X<\/a><\/span>[\/vc_column_text][\/vc_column][\/vc_row][vc_row][vc_column extend=&#8221;false&#8221;]<div class='gambit_parallax_row' data-bg-align='' data-direction='fixed' data-opacity='100' data-velocity='-0.3' data-mobile-enabled='' data-bg-height='768' data-bg-width='1024' data-bg-image='https:\/\/clubdepoesia.com\/davidsanchezvalverdemontero\/files\/2018\/10\/P1011413-Mediano.jpg' data-bg-repeat='false' data-id='' style='display: none'><\/div><div class=\"gambit_fullheight_row\" data-content-location=\"center\" style=\"display: none\"><\/div>[\/vc_column][\/vc_row][vc_row][vc_column extend=&#8221;false&#8221;][vc_column_text]\n<h1><a name=\"_Toc525486285\"><\/a><strong>Un poco m\u00e1s viejo<\/strong><\/h1>\n<p>&nbsp;<\/p>\n<p>Ya lo advirti\u00f3 Dem\u00f3crito:<\/p>\n<p>un mar de desvelos sin fin.<\/p>\n<p>Escuch\u00e9 tarde al de Abdera\u2026<\/p>\n<p>&nbsp;<\/p>\n<p>Mi hijo comenz\u00f3 a llorar\u2026<\/p>\n<p>frente a m\u00ed: sus l\u00e1grimas afloraron<\/p>\n<p>por puro rebosamiento del dolor;<\/p>\n<p>la presi\u00f3n desbordaba su mente<\/p>\n<p>y se extend\u00eda la pena en derredor.<\/p>\n<p>Tras una fracci\u00f3n de segundo<\/p>\n<p>percib\u00ed el halo de la tristeza,<\/p>\n<p>su alcance, su impacto,<\/p>\n<p>y n\u00edtidamente, como otras veces,<\/p>\n<p>sent\u00ed c\u00f3mo yo envejec\u00eda:<\/p>\n<p>mi alma se contrajo entonces,<\/p>\n<p>encajando el golpe del desaliento,<\/p>\n<p>y despu\u00e9s lo hizo el coraz\u00f3n,<\/p>\n<p>acogiendo el trazo de una nueva herida.<\/p>\n<p>&nbsp;<\/p>\n<span class='bctt-click-to-tweet'><span class='bctt-ctt-text'><a href='https:\/\/x.com\/intent\/tweet?url=https%3A%2F%2Fclubdepoesia.com%2Fdavidsanchezvalverdemontero%2Fpoesia-de-mi-primavera-contra-el-mundo%2F&#038;text=Un%20poco%20m%C3%A1s%20viejo%20de%20Mi%20primavera%20contra%20el%20mundo%20de%20David%20S%C3%A1nchez-Valverde%20Montero&#038;via=poesiaerestu&#038;related=poesiaerestu' target='_blank'rel=\"noopener noreferrer\">Un poco m\u00e1s viejo de Mi primavera contra el mundo de David S\u00e1nchez-Valverde Montero <\/a><\/span><a href='https:\/\/x.com\/intent\/tweet?url=https%3A%2F%2Fclubdepoesia.com%2Fdavidsanchezvalverdemontero%2Fpoesia-de-mi-primavera-contra-el-mundo%2F&#038;text=Un%20poco%20m%C3%A1s%20viejo%20de%20Mi%20primavera%20contra%20el%20mundo%20de%20David%20S%C3%A1nchez-Valverde%20Montero&#038;via=poesiaerestu&#038;related=poesiaerestu' target='_blank' class='bctt-ctt-btn'rel=\"noopener noreferrer\">Compartir en X<\/a><\/span>[\/vc_column_text][\/vc_column][\/vc_row][vc_row][vc_column extend=&#8221;false&#8221;]<div class='gambit_parallax_row' data-bg-align='' data-direction='fixed' data-opacity='100' data-velocity='-0.3' data-mobile-enabled='' data-bg-height='768' data-bg-width='1024' data-bg-image='https:\/\/clubdepoesia.com\/davidsanchezvalverdemontero\/files\/2018\/10\/P1011414-Mediano.jpg' data-bg-repeat='false' data-id='' style='display: none'><\/div><div class=\"gambit_fullheight_row\" data-content-location=\"center\" style=\"display: none\"><\/div>[\/vc_column][\/vc_row][vc_row][vc_column extend=&#8221;false&#8221;][vc_column_text]\n<h1><a name=\"_Toc522634653\"><\/a><\/h1>\n<h1><a name=\"_Toc525486300\"><\/a><strong>Hay algo en tu silencio<\/strong><\/h1>\n<p>&nbsp;<\/p>\n<p>En estos \u00faltimos d\u00edas<\/p>\n<p>hay algo en tu silencio;<\/p>\n<p>algo en tu callar que me aterra.<\/p>\n<p>Una tristeza, un hast\u00edo, una levedad,<\/p>\n<p>es espeso, negro y sabe a tierra:<\/p>\n<p>el v\u00e9rtigo de mi propia soledad.<\/p>\n<p>&nbsp;<\/p>\n<p>&nbsp;<\/p>\n<p>&nbsp;<\/p>\n<p>Siempre mi soberbia sin sentido<\/p>\n<p>de dar las cosas por sentadas, seguras,<\/p>\n<p>s\u00f3lidas, invariables, merecidas,<\/p>\n<p>y no es cierto ni el pr\u00f3ximo latido.<\/p>\n<p>&nbsp;<\/p>\n<p>Maldita mi fr\u00eda ingratitud,<\/p>\n<p>que me velas la magia del momento,<\/p>\n<p>la fortuna del amor en cada instante,<\/p>\n<p>y me olvido de lo f\u00e1cil que es perderlo.<\/p>\n<p>&nbsp;<\/p>\n<p>Pero la tempestad parece imparable<\/p>\n<p>y ya tira mis armas por el suelo.<\/p>\n<p>Me levantar\u00e9 una y otra vez,<\/p>\n<p>solo por no perder tus manos, tus ojos,<\/p>\n<p>perderlo todo, extraviarme por entero.<\/p>\n<h1>&nbsp;<\/h1>\n<span class='bctt-click-to-tweet'><span class='bctt-ctt-text'><a href='https:\/\/x.com\/intent\/tweet?url=https%3A%2F%2Fclubdepoesia.com%2Fdavidsanchezvalverdemontero%2Fpoesia-de-mi-primavera-contra-el-mundo%2F&#038;text=Hay%20algo%20en%20tu%20silencio%C2%A0del%20libro%20Mi%20primavera%20contra%20el%20mundo%20de%20David%20S%C3%A1nchez-Valverde%20Montero&#038;via=poesiaerestu&#038;related=poesiaerestu' target='_blank'rel=\"noopener noreferrer\">Hay algo en tu silencio&nbsp;del libro Mi primavera contra el mundo de David S\u00e1nchez-Valverde Montero <\/a><\/span><a href='https:\/\/x.com\/intent\/tweet?url=https%3A%2F%2Fclubdepoesia.com%2Fdavidsanchezvalverdemontero%2Fpoesia-de-mi-primavera-contra-el-mundo%2F&#038;text=Hay%20algo%20en%20tu%20silencio%C2%A0del%20libro%20Mi%20primavera%20contra%20el%20mundo%20de%20David%20S%C3%A1nchez-Valverde%20Montero&#038;via=poesiaerestu&#038;related=poesiaerestu' target='_blank' class='bctt-ctt-btn'rel=\"noopener noreferrer\">Compartir en X<\/a><\/span>[\/vc_column_text][\/vc_column][\/vc_row][vc_row][vc_column extend=&#8221;false&#8221;]<div class='gambit_parallax_row' data-bg-align='' data-direction='fixed' data-opacity='100' data-velocity='-0.3' data-mobile-enabled='' data-bg-height='480' data-bg-width='705' data-bg-image='https:\/\/clubdepoesia.com\/davidsanchezvalverdemontero\/files\/2018\/10\/technology-3200401_1920-705480.jpg' data-bg-repeat='false' data-id='' style='display: none'><\/div><div class=\"gambit_fullheight_row\" data-content-location=\"center\" style=\"display: none\"><\/div>[vc_column_text]\n<p style=\"text-align: center;\"><a class=\"fasc-button fasc-size-xlarge fasc-type-glossy fasc-rounded-medium\" style=\"background-color: #33809e; color: #ffffff;\" href=\"https:\/\/librodepoesia.com\/producto\/mi-primavera-contra-el-mundo-david-sanchez-valverde-montero\/\">Comprar el libro<\/a><\/p>\n[\/vc_column_text][\/vc_column][\/vc_row][vc_row][vc_column extend=&#8221;false&#8221;][vc_column_text css=&#8221;.vc_custom_1537112168061{margin-top: -30000px !important;}&#8221;]\n<h1><strong><em><u>Poes\u00eda del libro Mi primavera contra el mundo de David S\u00e1nchez-Valverde Montero. El escritor nos da una muestra tras publicar un libro.<\/u><\/em><\/strong><\/h1>\n<h2><strong><em><u><img fetchpriority=\"high\" decoding=\"async\" class=\"aligncenter size-full wp-image-10\" src=\"https:\/\/clubdepoesia.com\/davidsanchezvalverdemontero\/files\/2018\/10\/0_PortadaMiprimaveracontraelmundo.jpg\" alt=\"MI PRIMAVERA CONTRA EL MUNDO - DAVID S\u00c1NCHEZ-VALVERDE MONTERO\" width=\"559\" height=\"794\" srcset=\"https:\/\/clubdepoesia.com\/davidsanchezvalverdemontero\/files\/2018\/10\/0_PortadaMiprimaveracontraelmundo.jpg 559w, https:\/\/clubdepoesia.com\/davidsanchezvalverdemontero\/files\/2018\/10\/0_PortadaMiprimaveracontraelmundo-211x300.jpg 211w\" sizes=\"(max-width: 559px) 100vw, 559px\" \/>Poes\u00eda del libro Mi primavera contra el mundo de David S\u00e1nchez-Valverde Montero El poeta nos da una muestra tras publicar un libro.<\/u><\/em><\/strong><\/h2>\n<h3><strong><em><u>Poes\u00eda del libro Mi primavera contra el mundo de David S\u00e1nchez-Valverde Montero El autor nos da una muestra tras publicar un libro.<\/u><\/em><\/strong><\/h3>\n<h4><strong><em><u>Poes\u00eda del libro Mi primavera contra el mundo de David S\u00e1nchez-Valverde Montero El autor nos da una muestra tras publicar un libro.<\/u><\/em><\/strong><\/h4>\n<h5><strong><em><u>Poes\u00eda del libro Mi primavera contra el mundo de David S\u00e1nchez-Valverde Montero El autor nos da una muestra tras publicar un libro.<\/u><\/em><\/strong><\/h5>\n[\/vc_column_text][\/vc_column][\/vc_row]\n<\/div>","protected":false},"excerpt":{"rendered":"<p>[vc_row][vc_column extend=&#8221;false&#8221;][vc_column_text css=&#8221;.vc_custom_1537112168061{margin-top: -30000px !important;}&#8221;] Poes\u00eda del libro Mi primavera contra el mundo de David S\u00e1nchez-Valverde Montero. El escritor nos da una muestra tras publicar un libro. Poes\u00eda del libro Mi primavera contra el mundo de David S\u00e1nchez-Valverde Montero El poeta nos da una muestra tras publicar un libro. Poes\u00eda del libro Mi primavera contra [&hellip;]<\/p>\n","protected":false},"author":24,"featured_media":0,"parent":0,"menu_order":3,"comment_status":"closed","ping_status":"closed","template":"","meta":{"footnotes":"","_links_to":"","_links_to_target":""},"class_list":["post-57","page","type-page","status-publish","hentry"],"_links":{"self":[{"href":"https:\/\/clubdepoesia.com\/davidsanchezvalverdemontero\/wp-json\/wp\/v2\/pages\/57","targetHints":{"allow":["GET"]}}],"collection":[{"href":"https:\/\/clubdepoesia.com\/davidsanchezvalverdemontero\/wp-json\/wp\/v2\/pages"}],"about":[{"href":"https:\/\/clubdepoesia.com\/davidsanchezvalverdemontero\/wp-json\/wp\/v2\/types\/page"}],"author":[{"embeddable":true,"href":"https:\/\/clubdepoesia.com\/davidsanchezvalverdemontero\/wp-json\/wp\/v2\/users\/24"}],"replies":[{"embeddable":true,"href":"https:\/\/clubdepoesia.com\/davidsanchezvalverdemontero\/wp-json\/wp\/v2\/comments?post=57"}],"version-history":[{"count":0,"href":"https:\/\/clubdepoesia.com\/davidsanchezvalverdemontero\/wp-json\/wp\/v2\/pages\/57\/revisions"}],"wp:attachment":[{"href":"https:\/\/clubdepoesia.com\/davidsanchezvalverdemontero\/wp-json\/wp\/v2\/media?parent=57"}],"curies":[{"name":"wp","href":"https:\/\/api.w.org\/{rel}","templated":true}]}}