{"id":57,"date":"2018-11-04T08:12:39","date_gmt":"2018-11-04T08:12:39","guid":{"rendered":"https:\/\/clubdepoesia.com\/ciaragiannetti\/?page_id=57"},"modified":"2018-11-05T22:10:35","modified_gmt":"2018-11-05T22:10:35","slug":"poesia","status":"publish","type":"page","link":"https:\/\/clubdepoesia.com\/ciaragiannetti\/poesia\/","title":{"rendered":"Poes\u00eda"},"content":{"rendered":"<div class=\"wpb-content-wrapper\">[vc_row][vc_column extend=&#8221;false&#8221;][vc_column_text css=&#8221;.vc_custom_1541318805240{margin-top: -30000px !important;}&#8221;]\n<h1><strong><em><u>Poes\u00eda del libro LA VIDA EN LETRAS de Ciara Giannetti. El escritor nos da una muestra tras publicar un libro.<\/u><\/em><\/strong><\/h1>\n<h2><strong><em><u><img fetchpriority=\"high\" decoding=\"async\" class=\"alignleft size-medium wp-image-14\" src=\"https:\/\/clubdepoesia.com\/ciaragiannetti\/files\/2018\/11\/0_PortadaLavidaenletras-211x300.jpg\" alt=\"LA VIDA EN LETRAS - Ciara Giannetti\" width=\"211\" height=\"300\" srcset=\"https:\/\/clubdepoesia.com\/ciaragiannetti\/files\/2018\/11\/0_PortadaLavidaenletras-211x300.jpg 211w, https:\/\/clubdepoesia.com\/ciaragiannetti\/files\/2018\/11\/0_PortadaLavidaenletras.jpg 559w\" sizes=\"(max-width: 211px) 100vw, 211px\" \/>Poes\u00eda del libro LA VIDA EN LETRAS de Ciara Giannetti El poeta nos da una muestra tras publicar un libro.<\/u><\/em><\/strong><\/h2>\n<h3><strong><em><u>Poes\u00eda del libro LA VIDA EN LETRAS de Ciara Giannetti El autor nos da una muestra tras publicar un libro.<\/u><\/em><\/strong><\/h3>\n<h4><strong><em><u>Poes\u00eda del libro LA VIDA EN LETRAS de Ciara Giannetti El autor nos da una muestra tras publicar un libro.<\/u><\/em><\/strong><\/h4>\n<h5><strong><em><u>Poes\u00eda del libro LA VIDA EN LETRAS de Ciara Giannetti El autor nos da una muestra tras publicar un libro.<\/u><\/em><\/strong><\/h5>\n[\/vc_column_text][\/vc_column][\/vc_row][vc_row][vc_column extend=&#8221;false&#8221;]<div class='gambit_parallax_row' data-bg-align='' data-direction='fixed' data-opacity='100' data-velocity='-0.3' data-mobile-enabled='' data-bg-height='768' data-bg-width='1156' data-bg-image='https:\/\/clubdepoesia.com\/ciaragiannetti\/files\/2018\/11\/4-Medium.jpg' data-bg-repeat='false' data-id='' style='display: none'><\/div><div class=\"gambit_fullheight_row\" data-content-location=\"center\" style=\"display: none\"><\/div>[\/vc_column][\/vc_row][vc_row][vc_column extend=&#8221;false&#8221;][vc_column_text]\n<h1><a name=\"_Toc526524168\"><\/a><strong>SI TENGO QUE PED\u00cdRTELO, YA NO LO QUIERO<\/strong><\/h1>\n<p>&nbsp;<\/p>\n<p>\u00bfC\u00f3mo puedo saber si lo que estoy haciendo est\u00e1 bien o mal? D\u00edmelo.<\/p>\n<p>&nbsp;<\/p>\n<p>Si el miedo a haberme equivocado me aterra cada vez que me das un no por respuesta.<\/p>\n<p>Una negativa a cualquier estupidez que te pueda proponer, o a una decisi\u00f3n importante, hace que me tiemblen hasta las pesta\u00f1as.<\/p>\n<p>Me quema el miedo pensado en la posibilidad de que alg\u00fan d\u00eda tenga que remontarme al de hoy, y sienta arrepentimiento por no haber mirado antes por mis ojos en lugar de haberlo hecho en el sentido de tus pupilas.<\/p>\n<p>Demu\u00e9strame que vale la pena. Que no me voy a lamentar por mis decisiones fundamentadas en la predilecci\u00f3n que tengo hacia las tuyas.<\/p>\n<p>Has conseguido ense\u00f1arme que la felicidad existe, ahora pru\u00e9bame que se puede asentar. Ya sabes\u2026<em>\u201cel que m\u00e1s tiene m\u00e1s quiere\u201d<\/em>. Demu\u00e9strame que somos capaces de crear algo ligado a los dos. Algo con base en una adoraci\u00f3n rec\u00edproca e interminable.<\/p>\n<p>Algo con futuro, o mejor dicho, algo con vida.<\/p>\n<p>Porque creo que no te has dado cuenta a\u00fan, de que ya somos futuro. Ese d\u00eda de ma\u00f1ana del que tanto habl\u00e1bamos cuando nos conocimos.<\/p>\n<p>De que ya no existe un <em>\u201cya se ver\u00e1\u201d<\/em>, porque ya se est\u00e1 viendo. De que ya no estamos para pedir consejos, sino para darlos. De que ya no somos ma\u00f1ana; somos hoy.<\/p>\n<p>&nbsp;<\/p>\n<p>Y te digo todo esto porque no me gusta vivir sin saber qu\u00e9 es lo que puede o no puede pasar. Me conoces mejor que nadie; necesito tenerlo todo bajo control.<\/p>\n<p>Tampoco me agrada tener que arrepentirme de algo que pude haber evitado en su momento. Pero cuando eso pasa, no se me caen los anillos al decir que me equivoqu\u00e9. Levanto la cabeza y vuelvo a ponerme las gafas, que en alg\u00fan momento se me cayeron y mi miop\u00eda de nacimiento no me permiti\u00f3 darme cuenta de que estaba viendo una realidad diferente a la que era adecuada para m\u00ed.<\/p>\n<p>&nbsp;<\/p>\n<p>Demu\u00e9strame que vale la pena. Que no llegar\u00e1 el d\u00eda en que tenga que meter en mi maleta todos los instantes blancos, negros, e incluso los grises, para irme a otro lado y volver a empezar de cero. No.<\/p>\n<p>No quiero una cuenta de cero, porque de esas ya tuvimos bastantes. Y ahora que ya tenemos la cuenta en mil millones de segundos irrepetibles, no quiero que el cron\u00f3metro se pare.<\/p>\n<p>Quiero construir, no destruir. No quiero un t\u00fa, ni un yo. Quiero un nosotros. No quiero tener que pedirte que antes de pensar por ti, pienses por los dos.<\/p>\n<p>No quiero tener que pedirte nada.<\/p>\n<p>Porque, como dijo la gran Frida Kahlo: \u201cSi tengo que ped\u00edrtelo, ya no lo quiero\u201d.<\/p>\n<p>&nbsp;<\/p>\n<p>&nbsp;<\/p>\n<span class='bctt-click-to-tweet'><span class='bctt-ctt-text'><a href='https:\/\/x.com\/intent\/tweet?url=https%3A%2F%2Fclubdepoesia.com%2Fciaragiannetti%2Fpoesia%2F&#038;text=SI%20TENGO%20QUE%20PED%C3%8DRTELO%2C%20YA%20NO%20LO%20QUIERO%C2%A0del%20libro%20LA%20VIDA%20EN%20LETRAS%20de%20Ciara%20Giannetti&#038;via=poesiaerestu&#038;related=poesiaerestu' target='_blank'rel=\"noopener noreferrer\">SI TENGO QUE PED\u00cdRTELO, YA NO LO QUIERO&nbsp;del libro LA VIDA EN LETRAS de Ciara Giannetti <\/a><\/span><a href='https:\/\/x.com\/intent\/tweet?url=https%3A%2F%2Fclubdepoesia.com%2Fciaragiannetti%2Fpoesia%2F&#038;text=SI%20TENGO%20QUE%20PED%C3%8DRTELO%2C%20YA%20NO%20LO%20QUIERO%C2%A0del%20libro%20LA%20VIDA%20EN%20LETRAS%20de%20Ciara%20Giannetti&#038;via=poesiaerestu&#038;related=poesiaerestu' target='_blank' class='bctt-ctt-btn'rel=\"noopener noreferrer\">Compartir en X<\/a><\/span>[\/vc_column_text][\/vc_column][\/vc_row][vc_row][vc_column extend=&#8221;false&#8221;]<div class='gambit_parallax_row' data-bg-align='' data-direction='fixed' data-opacity='100' data-velocity='-0.3' data-mobile-enabled='' data-bg-height='480' data-bg-width='719' data-bg-image='https:\/\/clubdepoesia.com\/ciaragiannetti\/files\/2018\/11\/pen-2589867_1920-719480.jpg' data-bg-repeat='false' data-id='' style='display: none'><\/div><div class=\"gambit_fullheight_row\" data-content-location=\"center\" style=\"display: none\"><\/div>[\/vc_column][\/vc_row][vc_row][vc_column extend=&#8221;false&#8221;][vc_column_text]\n<h1><a name=\"_Toc526524174\"><\/a><strong>GAME OVER<\/strong><\/h1>\n<p>&nbsp;<\/p>\n<p>Ha pasado mucho tiempo, pero por tu memoria se olvid\u00f3 de pasar.<\/p>\n<p>&nbsp;<\/p>\n<p>Todav\u00eda guardas la imagen de su sonrisa cuando lo ve\u00edas re\u00edr. Qu\u00e9 feliz te hac\u00eda\u2026<\/p>\n<p>Porque esos pocos segundos que duraba su sonrisa para ti eran a\u00f1os. A\u00f1os que te restaba, porque te hac\u00eda sentir ni\u00f1a de nuevo.<\/p>\n<p>No entend\u00edas por qu\u00e9, pero cuando estabas con \u00e9l sacabas tu lado m\u00e1s infantil. Erais c\u00f3mo Peter Pan y Campanilla. \u00c9l te propon\u00eda algo y t\u00fa le segu\u00edas el juego. Sin dudarlo un s\u00f3lo momento, te atrapaba con su capacidad de convicci\u00f3n, o quiz\u00e1s era su picard\u00eda lo que te atrapaba\u2026 pero os lo pasabais tan bien jugando a ser dos ni\u00f1os\u2026<\/p>\n<p>Y es que, realmente eso es lo que erais, dos ni\u00f1os. Ni\u00f1os que empezaron jugando y acabaron enamor\u00e1ndose sin saber c\u00f3mo ni el momento exacto en el que ocurri\u00f3.<\/p>\n<p>El que invent\u00f3 el dicho: <em>\u201cel que juega con fuego se acaba quemando\u201d<\/em> nunca lo vio tan claro con vosotros dos.<\/p>\n<p>L\u00e1stima que llegara el momento de dejar de jugar a ser ni\u00f1os. De querer innovar, y jugar a ser mayores. De tener responsabilidades y sentirse uno atado al otro, porque ese fue el momento en el que le salt\u00f3 el letrerito de <em>\u201cgame over\u201d<\/em> a la relaci\u00f3n.<\/p>\n<p>Y se acab\u00f3 la partida.<\/p>\n<p>Te quedaste sin monedas para poder seguir jugando.<\/p>\n<p>&nbsp;<\/p>\n<p>&nbsp;<\/p>\n<span class='bctt-click-to-tweet'><span class='bctt-ctt-text'><a href='https:\/\/x.com\/intent\/tweet?url=https%3A%2F%2Fclubdepoesia.com%2Fciaragiannetti%2Fpoesia%2F&#038;text=GAME%20OVER%20del%20libro%20LA%20VIDA%20EN%20LETRAS%20de%20Ciara%20Giannetti&#038;via=poesiaerestu&#038;related=poesiaerestu' target='_blank'rel=\"noopener noreferrer\">GAME OVER del libro LA VIDA EN LETRAS de Ciara Giannetti <\/a><\/span><a href='https:\/\/x.com\/intent\/tweet?url=https%3A%2F%2Fclubdepoesia.com%2Fciaragiannetti%2Fpoesia%2F&#038;text=GAME%20OVER%20del%20libro%20LA%20VIDA%20EN%20LETRAS%20de%20Ciara%20Giannetti&#038;via=poesiaerestu&#038;related=poesiaerestu' target='_blank' class='bctt-ctt-btn'rel=\"noopener noreferrer\">Compartir en X<\/a><\/span>[\/vc_column_text][\/vc_column][\/vc_row][vc_row][vc_column extend=&#8221;false&#8221;]<div class='gambit_parallax_row' data-bg-align='' data-direction='fixed' data-opacity='100' data-velocity='-0.3' data-mobile-enabled='' data-bg-height='480' data-bg-width='705' data-bg-image='https:\/\/clubdepoesia.com\/ciaragiannetti\/files\/2018\/11\/technology-3200401_1920-705480.jpg' data-bg-repeat='false' data-id='' style='display: none'><\/div><div class=\"gambit_fullheight_row\" data-content-location=\"center\" style=\"display: none\"><\/div>[\/vc_column][\/vc_row][vc_row][vc_column extend=&#8221;false&#8221;][vc_column_text]\n<h1><a name=\"_Toc526524203\"><\/a><strong>NADA ES CASUALIDAD<\/strong><\/h1>\n<p>&nbsp;<\/p>\n<p>En esta vida, nada de lo que nos sucede es por casualidad. Lo creamos o no, todo guarda relaci\u00f3n con alguna otra cosa.<\/p>\n<p>&nbsp;<\/p>\n<p>Desafortunadamente, las casualidades no existen, porque las oportunidades y los momentos los buscamos nosotros mismos. Pero no confundamos casualidad con suerte. No es lo mismo una circunstancia casual que ser una persona con suerte.<\/p>\n<p>&nbsp;<\/p>\n<p>Nada ni nadie llega a nuestra vida por casualidad. Si llega, es porque ten\u00eda que llegar. De una forma u otra, guarda relaci\u00f3n con algo que hemos buscado o con lo que no hemos logrado tropezar.<\/p>\n<p>&nbsp;<\/p>\n<p>La casualidad es para la gente que busca excusas, esa misma gente que piensa que alguien ha escrito su destino y as\u00ed debe ser. No, cada uno decidimos nuestro destino de la forma en que mejor nos parece, y todo lo que hagamos, de manera premeditada o vehemente, est\u00e1 vinculado a algo mejor o peor.<\/p>\n<p>&nbsp;<\/p>\n<p>Los hay que entran en nuestra vida en el momento m\u00e1s inesperado, pero a la vez, el m\u00e1s perfecto. Como si hubiesen esperado para aparecer por sorpresa, pero una sorpresa que no te descoloca, sino que hace que todo tu mundo encaje de un modo que ni siquiera te hab\u00edas planteado. Llegan as\u00ed, sin avisar, de la nada. Una nada que probablemente se nos convierta en todo. Llegan para hacernos ver lo que ten\u00edamos justo al lado, para quitarnos el filtro que no permit\u00eda que apreci\u00e1ramos que las cosas pueden suceder por buenas razones.<\/p>\n<p>&nbsp;<\/p>\n<p>Todo lo que aparece en nuestra vida, tiene un motivo, una raz\u00f3n. Todo llega con la intenci\u00f3n \u00fanica de que vivamos algo \u00fanico; con la respuesta a la pregunta que probablemente alg\u00fan d\u00eda nos hicimos, y nunca supimos contestar. Todo llega con un objetivo muy claro y un fundamento que muchas veces nos resulta dif\u00edcil de entender. Pero que a la larga, sabremos por qu\u00e9 pas\u00f3 y por qu\u00e9 no debi\u00f3 dejar de pasar.<\/p>\n<p>&nbsp;<\/p>\n<p>Todo lo que aparece en nuestra vida, llega para ense\u00f1arnos, y muchas veces llega de la mano de alguien \u00fanico en su forma de hacerlo. S\u00ed, es verdad que muchas veces esas cosas o personas llegan de golpe para hacernos cambiar. Para rectificar la ruta que hab\u00edamos marcado en nuestro mapa y empezar una nueva que nos lleve a un sitio mejor. A un sitio en el que ni t\u00fa mismo te reconozcas al verte, pero te gustar\u00e1 lo que ves, te lo aseguro.<\/p>\n<p>Las cosas llegan a nuestra vida porque es el momento en que tienen que llegar. No tanto porque \u201ctuvieran que llegar\u201d sino porque necesit\u00e1bamos que llegaran.<\/p>\n<p>Y aunque las esperemos o no, todo lo que llega guarda relaci\u00f3n con algo m\u00e1s.<\/p>\n<p>Y no precisamente con la casualidad.<\/p>\n<p>&nbsp;<\/p>\n<span class='bctt-click-to-tweet'><span class='bctt-ctt-text'><a href='https:\/\/x.com\/intent\/tweet?url=https%3A%2F%2Fclubdepoesia.com%2Fciaragiannetti%2Fpoesia%2F&#038;text=NADA%20ES%20CASUALIDAD%20de%20LA%20VIDA%20EN%20LETRAS%20de%20Ciara%20Giannetti&#038;via=poesiaerestu&#038;related=poesiaerestu' target='_blank'rel=\"noopener noreferrer\">NADA ES CASUALIDAD de LA VIDA EN LETRAS de Ciara Giannetti <\/a><\/span><a href='https:\/\/x.com\/intent\/tweet?url=https%3A%2F%2Fclubdepoesia.com%2Fciaragiannetti%2Fpoesia%2F&#038;text=NADA%20ES%20CASUALIDAD%20de%20LA%20VIDA%20EN%20LETRAS%20de%20Ciara%20Giannetti&#038;via=poesiaerestu&#038;related=poesiaerestu' target='_blank' class='bctt-ctt-btn'rel=\"noopener noreferrer\">Compartir en X<\/a><\/span>[\/vc_column_text][\/vc_column][\/vc_row][vc_row][vc_column extend=&#8221;false&#8221;]<div class='gambit_parallax_row' data-bg-align='' data-direction='fixed' data-opacity='100' data-velocity='-0.3' data-mobile-enabled='' data-bg-height='742' data-bg-width='1366' data-bg-image='https:\/\/clubdepoesia.com\/ciaragiannetti\/files\/2018\/11\/beatriz-perez-moya-111685.jpg' data-bg-repeat='false' data-id='' style='display: none'><\/div><div class=\"gambit_fullheight_row\" data-content-location=\"center\" style=\"display: none\"><\/div>[\/vc_column][\/vc_row][vc_row][vc_column extend=&#8221;false&#8221;][vc_column_text]\n<h1><a name=\"_Toc526524224\"><\/a><strong>AL MENOS UNA VIDA M\u00c1S<\/strong><\/h1>\n<p>&nbsp;<\/p>\n<p>Y si pudiera darte m\u00e1s vida, te la daba. A sabiendas de que yo no podr\u00eda disfrutarte por completo, pero con la tranquilidad de saber que alguien disfrutar\u00e1 de esa maravilla que compones, al menos una vida m\u00e1s.<\/p>\n<h1>&nbsp;<\/h1>\n<span class='bctt-click-to-tweet'><span class='bctt-ctt-text'><a href='https:\/\/x.com\/intent\/tweet?url=https%3A%2F%2Fclubdepoesia.com%2Fciaragiannetti%2Fpoesia%2F&#038;text=AL%20MENOS%20UNA%20VIDA%20M%C3%81S%C2%A0del%20libro%20LA%20VIDA%20EN%20LETRAS%20de%20Ciara%20Giannetti&#038;via=poesiaerestu&#038;related=poesiaerestu' target='_blank'rel=\"noopener noreferrer\">AL MENOS UNA VIDA M\u00c1S&nbsp;del libro LA VIDA EN LETRAS de Ciara Giannetti <\/a><\/span><a href='https:\/\/x.com\/intent\/tweet?url=https%3A%2F%2Fclubdepoesia.com%2Fciaragiannetti%2Fpoesia%2F&#038;text=AL%20MENOS%20UNA%20VIDA%20M%C3%81S%C2%A0del%20libro%20LA%20VIDA%20EN%20LETRAS%20de%20Ciara%20Giannetti&#038;via=poesiaerestu&#038;related=poesiaerestu' target='_blank' class='bctt-ctt-btn'rel=\"noopener noreferrer\">Compartir en X<\/a><\/span>[\/vc_column_text][\/vc_column][\/vc_row][vc_row][vc_column extend=&#8221;false&#8221;]<div class='gambit_parallax_row' data-bg-align='' data-direction='fixed' data-opacity='100' data-velocity='-0.3' data-mobile-enabled='' data-bg-height='612' data-bg-width='618' data-bg-image='https:\/\/clubdepoesia.com\/ciaragiannetti\/files\/2018\/11\/CiaraQuintanaPerezSketh.png' data-bg-repeat='false' data-id='' style='display: none'><\/div><div class=\"gambit_fullheight_row\" data-content-location=\"center\" style=\"display: none\"><\/div>[vc_column_text]\n<p style=\"text-align: center;\"><a class=\"fasc-button fasc-size-xlarge fasc-type-glossy fasc-rounded-medium\" style=\"background-color: #33809e; color: #ffffff;\" href=\"https:\/\/librodepoesia.com\/producto\/la-vida-en-letras-ciara-giannetti\/\">Comprar el libro<\/a><\/p>\n[\/vc_column_text][\/vc_column][\/vc_row][vc_row][vc_column extend=&#8221;false&#8221;][vc_column_text css=&#8221;.vc_custom_1541108977889{margin-top: -30000px !important;}&#8221;]\n<h1><strong><em><u>Poes\u00eda del libro LA VIDA EN LETRAS de Ciara Giannetti. El escritor nos da una muestra tras publicar un libro.<\/u><\/em><\/strong><\/h1>\n<h2><strong><em><u><img decoding=\"async\" class=\"alignleft size-medium wp-image-50\" src=\"https:\/\/clubdepoesia.com\/enriquesandamilgarcia\/files\/2018\/11\/CubiertaLasombrademihumo3-211x300.jpg\" alt=\"\" width=\"211\" height=\"300\">Poes\u00eda del libro LA VIDA EN LETRAS de Ciara Giannetti El poeta nos da una muestra tras publicar un libro.<\/u><\/em><\/strong><\/h2>\n<h3><strong><em><u>Poes\u00eda del libro LA VIDA EN LETRAS de Ciara Giannetti El autor nos da una muestra tras publicar un libro.<\/u><\/em><\/strong><\/h3>\n<h4><strong><em><u>Poes\u00eda del libro LA VIDA EN LETRAS de Ciara Giannetti El autor nos da una muestra tras publicar un libro.<\/u><\/em><\/strong><\/h4>\n<h5><strong><em><u>Poes\u00eda del libro LA VIDA EN LETRAS de Ciara Giannetti El autor nos da una muestra tras publicar un libro.<\/u><\/em><\/strong><\/h5>\n[\/vc_column_text][\/vc_column][\/vc_row]\n<\/div>","protected":false},"excerpt":{"rendered":"<p>[vc_row][vc_column extend=&#8221;false&#8221;][vc_column_text css=&#8221;.vc_custom_1541318805240{margin-top: -30000px !important;}&#8221;] Poes\u00eda del libro LA VIDA EN LETRAS de Ciara Giannetti. El escritor nos da una muestra tras publicar un libro. Poes\u00eda del libro LA VIDA EN LETRAS de Ciara Giannetti El poeta nos da una muestra tras publicar un libro. Poes\u00eda del libro LA VIDA EN LETRAS de Ciara Giannetti [&hellip;]<\/p>\n","protected":false},"author":24,"featured_media":0,"parent":0,"menu_order":3,"comment_status":"closed","ping_status":"closed","template":"","meta":{"footnotes":"","_links_to":"","_links_to_target":""},"class_list":["post-57","page","type-page","status-publish","hentry"],"_links":{"self":[{"href":"https:\/\/clubdepoesia.com\/ciaragiannetti\/wp-json\/wp\/v2\/pages\/57","targetHints":{"allow":["GET"]}}],"collection":[{"href":"https:\/\/clubdepoesia.com\/ciaragiannetti\/wp-json\/wp\/v2\/pages"}],"about":[{"href":"https:\/\/clubdepoesia.com\/ciaragiannetti\/wp-json\/wp\/v2\/types\/page"}],"author":[{"embeddable":true,"href":"https:\/\/clubdepoesia.com\/ciaragiannetti\/wp-json\/wp\/v2\/users\/24"}],"replies":[{"embeddable":true,"href":"https:\/\/clubdepoesia.com\/ciaragiannetti\/wp-json\/wp\/v2\/comments?post=57"}],"version-history":[{"count":0,"href":"https:\/\/clubdepoesia.com\/ciaragiannetti\/wp-json\/wp\/v2\/pages\/57\/revisions"}],"wp:attachment":[{"href":"https:\/\/clubdepoesia.com\/ciaragiannetti\/wp-json\/wp\/v2\/media?parent=57"}],"curies":[{"name":"wp","href":"https:\/\/api.w.org\/{rel}","templated":true}]}}