{"id":26,"date":"2017-06-11T20:56:24","date_gmt":"2017-06-11T20:56:24","guid":{"rendered":"http:\/\/clubdepoesia.com\/carmenhernandezmontalban\/?page_id=26"},"modified":"2017-06-11T20:57:14","modified_gmt":"2017-06-11T20:57:14","slug":"poemas","status":"publish","type":"page","link":"https:\/\/clubdepoesia.com\/carmenhernandezmontalban\/poemas\/","title":{"rendered":"Poemas"},"content":{"rendered":"<div class=\"wpb-content-wrapper\">[vc_row][vc_column extend=&#8221;false&#8221; width=&#8221;1\/2&#8243;][vc_text_separator title=&#8221;Poemas&#8221;][\/vc_column][vc_column extend=&#8221;false&#8221; width=&#8221;1\/2&#8243;][vc_text_separator title=&#8221;Poemas&#8221;][vc_column_text]<a name=\"_Toc483163351\"><\/a><strong>El sue\u00f1o de la raz\u00f3n<\/strong><\/p>\n<p><em>\u00a0<\/em><\/p>\n<p>La cordura cerr\u00f3 los ojos,<\/p>\n<p>sus pesta\u00f1as cayeron como agujas fr\u00edas<\/p>\n<p>en el suelo.<\/p>\n<p>&nbsp;<\/p>\n<p>Cansada de andar insomne,<\/p>\n<p>de ahuyentar infatigable el despotismo humano,<\/p>\n<p>sucumbi\u00f3 agotada,<\/p>\n<p>abatida como un fardo a la narcosis.<\/p>\n<p>&nbsp;<\/p>\n<p>\u00a1Es mejor ignorar!<\/p>\n<p>vendar los ojos a la lucidez,<\/p>\n<p>comulgar con la estulticia y la patra\u00f1a,<\/p>\n<p>rendirse al miedo.<\/p>\n<p>&nbsp;<\/p>\n<p>Durmi\u00f3, entonces, la raz\u00f3n.<\/p>\n<p>&nbsp;<\/p>\n<p>El oscurantismo irrumpi\u00f3 sigiloso<\/p>\n<p>como una hueste de ara\u00f1as,<\/p>\n<p>cubriendo con su tela pegajosa al intelecto.<\/p>\n<p>&nbsp;<\/p>\n<p>El mundo es pasto de la manipulaci\u00f3n,<\/p>\n<p>a d\u00eda de hoy,<\/p>\n<p>la raz\u00f3n sigue durmiendo el sue\u00f1o de los justos.<\/p>\n<p>&nbsp;<\/p>\n<p>&nbsp;<\/p>\n<p><a name=\"_Toc483163357\"><\/a><strong>Reloj de agua<\/strong><\/p>\n<p>&nbsp;<\/p>\n<p>Las olas lamen la arena<br \/>\ncon sus lenguas de espuma,<br \/>\nsu sonido acompasado se quiebra<br \/>\ncon el graznido cristalino de una gaviota.<\/p>\n<p>Hoy el mar se siente gris<br \/>\nbajo el cielo de noviembre,<br \/>\nlos barcos, carcasas jur\u00e1sicas,<br \/>\nastillados, salitrosos,<br \/>\nyacen junto a la orilla,<br \/>\ndespojos de una hecatombe.<\/p>\n<p>El mar, espejo del tiempo,<br \/>\nguarda en su interior los siglos<br \/>\ndonde todo se diluye.<\/p>\n<p>\u00c9l es un reloj de agua con una \u00fanica aguja,<br \/>\nla gravedad de la esfera,<br \/>\nla que nunca se detiene.<\/p>\n<p>&nbsp;<\/p>\n<p>&nbsp;<\/p>\n<p><a name=\"_Toc483163367\"><\/a><strong>R<\/strong><strong>einvernarse<\/strong><\/p>\n<p>&nbsp;<\/p>\n<p>Bienvenido, ciudadano<br \/>\na este mundo artificial<br \/>\ndonde lo superficial<br \/>\ntoma a lo f\u00fatil de la mano.<\/p>\n<p>&nbsp;<\/p>\n<p>Aqu\u00ed todo se atempera<br \/>\ncon unos gramos de hast\u00edo,<br \/>\nenvasados al vac\u00edo<br \/>\nde un futuro en la nevera.<\/p>\n<p>&nbsp;<\/p>\n<p>Pon la raz\u00f3n en salmuera,<br \/>\nen remojo, la rebeld\u00eda,<br \/>\ntu albedr\u00edo en una pecera.<\/p>\n<p>&nbsp;<\/p>\n<p>Corre un velo de apat\u00eda,<br \/>\nponte al mundo por montera<br \/>\ny ata corto la utop\u00eda.<\/p>\n<p>&nbsp;<\/p>\n<p>&nbsp;<\/p>\n<p><a name=\"_Toc483163379\"><\/a><strong>Canci\u00f3n de arrojo<\/strong><\/p>\n<p>&nbsp;<\/p>\n<p>No hay distancia que no pueda salvar un puente,<\/p>\n<p>ni sombra negra a la que no espante la risa clara de un ni\u00f1o.<\/p>\n<p>&nbsp;<\/p>\n<p>Que con un soplo de \u00e1nimo,<\/p>\n<p>las esporas de la vida danzar\u00e1n en espiral,<\/p>\n<p>desafiantes, altivas, contra todo desaliento.<\/p>\n<p>&nbsp;<\/p>\n<p>Los augures del fracaso ver\u00e1n podados sus juicios<\/p>\n<p>y los que urden desgracias ver\u00e1n segados sus hilos.<\/p>\n<p>&nbsp;<\/p>\n<p>&nbsp;<\/p>\n<p><a name=\"_Toc483163387\"><\/a><strong>Melancol\u00eda<\/strong><\/p>\n<p>&nbsp;<\/p>\n<p>Las p\u00e1ginas del calendario<\/p>\n<p>se pusieron amarillas,<\/p>\n<p>se secaron las orillas,<\/p>\n<p>azules del estuario.<\/p>\n<p>&nbsp;<\/p>\n<p>Las estrellas plateadas<\/p>\n<p>de papel, perdieron el brillo,<\/p>\n<p>no trasforman en castillo,<\/p>\n<p>mi calabaza, las hadas.<\/p>\n<p>&nbsp;<\/p>\n<p>la abandon\u00f3 la inocencia,<\/p>\n<p>ha perdido su dulzura,<\/p>\n<p>la carita de la luna.<\/p>\n<p>&nbsp;<\/p>\n<p>En su mirada, la ausencia,<\/p>\n<p>tiene un rictus de amargura,<\/p>\n<p>lo mismo que la aceituna.<\/p>\n[\/vc_column_text][\/vc_column][\/vc_row]\n<\/div>","protected":false},"excerpt":{"rendered":"<p>[vc_row][vc_column extend=&#8221;false&#8221; width=&#8221;1\/2&#8243;][vc_text_separator title=&#8221;Poemas&#8221;][\/vc_column][vc_column extend=&#8221;false&#8221; width=&#8221;1\/2&#8243;][vc_text_separator title=&#8221;Poemas&#8221;][vc_column_text]El sue\u00f1o de la raz\u00f3n \u00a0 La cordura cerr\u00f3 los ojos, sus pesta\u00f1as cayeron como agujas fr\u00edas en el suelo. &nbsp; Cansada de andar insomne, de ahuyentar infatigable el despotismo humano, sucumbi\u00f3 agotada, abatida como un fardo a la narcosis. &nbsp; \u00a1Es mejor ignorar! vendar los ojos a la [&hellip;]<\/p>\n","protected":false},"author":24,"featured_media":0,"parent":0,"menu_order":7,"comment_status":"closed","ping_status":"closed","template":"","meta":{"footnotes":"","_links_to":"","_links_to_target":""},"class_list":["post-26","page","type-page","status-publish","hentry"],"_links":{"self":[{"href":"https:\/\/clubdepoesia.com\/carmenhernandezmontalban\/wp-json\/wp\/v2\/pages\/26","targetHints":{"allow":["GET"]}}],"collection":[{"href":"https:\/\/clubdepoesia.com\/carmenhernandezmontalban\/wp-json\/wp\/v2\/pages"}],"about":[{"href":"https:\/\/clubdepoesia.com\/carmenhernandezmontalban\/wp-json\/wp\/v2\/types\/page"}],"author":[{"embeddable":true,"href":"https:\/\/clubdepoesia.com\/carmenhernandezmontalban\/wp-json\/wp\/v2\/users\/24"}],"replies":[{"embeddable":true,"href":"https:\/\/clubdepoesia.com\/carmenhernandezmontalban\/wp-json\/wp\/v2\/comments?post=26"}],"version-history":[{"count":0,"href":"https:\/\/clubdepoesia.com\/carmenhernandezmontalban\/wp-json\/wp\/v2\/pages\/26\/revisions"}],"wp:attachment":[{"href":"https:\/\/clubdepoesia.com\/carmenhernandezmontalban\/wp-json\/wp\/v2\/media?parent=26"}],"curies":[{"name":"wp","href":"https:\/\/api.w.org\/{rel}","templated":true}]}}