{"id":22,"date":"2017-06-11T18:00:28","date_gmt":"2017-06-11T18:00:28","guid":{"rendered":"http:\/\/clubdepoesia.com\/carmenhernandezmontalban\/?page_id=22"},"modified":"2017-09-21T11:47:45","modified_gmt":"2017-09-21T11:47:45","slug":"videos","status":"publish","type":"page","link":"https:\/\/clubdepoesia.com\/carmenhernandezmontalban\/videos\/","title":{"rendered":"Videos"},"content":{"rendered":"<div class=\"wpb-content-wrapper\">[vc_row][vc_column extend=&#8221;false&#8221;][vc_column_text css=&#8221;.vc_custom_1505994457255{margin-top: -30000px !important;}&#8221;]<span style=\"text-decoration: underline;\"><em><strong>Videos promocionales de libros, Booktrailers, presentaciones del libro <a href=\"https:\/\/clubdepoesia.com\/carmenhernandezmontalban\/14-2\/\">Los Anillos de Saturno<\/a> de <a href=\"https:\/\/clubdepoesia.com\/carmenhernandezmontalban\/\">Carmen Hern\u00e1ndez Montalb\u00e1n<\/a>. Publicado por la <a href=\"http:\/\/edicionesrilke.com\">editorial Ediciones Rilke<\/a>.<\/strong><\/em><\/span><\/p>\n<h1><em><strong>Videos promocionales de libros, Booktrailers, presentaciones del libro Los Anillos de Saturno de Carmen Hern\u00e1ndez Montalb\u00e1n. Publicado por la editorial Ediciones Rilke.<\/strong><\/em><\/h1>\n<p>Carm\u00e9n Hern\u00e1ndez Montalb\u00e1n acaba de publicar un libro de poes\u00eda con la Editorial Ediciones Rilke.<\/p>\n<h2><span style=\"text-decoration: underline;\"><em><strong>Carm\u00e9n Hern\u00e1ndez Montalb\u00e1n acaba de publicar un libro de poes\u00eda con la Editorial Ediciones Rilke.<\/strong><\/em><\/span><\/h2>\n<p>Puedes adquirir el libro en las librer\u00edas.<\/p>\n<h3><span style=\"text-decoration: underline;\">La escritora y poeta Carm\u00e9n Hern\u00e1ndez Montalb\u00e1n acaba de publicar un libro de poes\u00eda con la Editorial Ediciones Rilke.<\/span><\/h3>\n<p>Desde el Grupo Editorial P\u00e9rez-Ayala felicitamos a Carm\u00e9nm Hernandez Montalb\u00e1n por el enorme \u00e9xito de su libro y esperamos que vuelva a publicar un libro con nosotros.[\/vc_column_text][\/vc_column][\/vc_row][vc_row][vc_column extend=&#8221;false&#8221; width=&#8221;1\/2&#8243;][vc_text_separator title=&#8221;Videos&#8221;][\/vc_column][vc_column extend=&#8221;false&#8221; width=&#8221;1\/2&#8243;][vc_text_separator title=&#8221;Videos&#8221;][vc_column_text]<iframe src=\"https:\/\/player.vimeo.com\/video\/221169304\" width=\"640\" height=\"359\" frameborder=\"0\" allowfullscreen=\"allowfullscreen\"><\/iframe><br \/>\n<iframe src=\"https:\/\/player.vimeo.com\/video\/221169379\" width=\"640\" height=\"359\" frameborder=\"0\" allowfullscreen=\"allowfullscreen\"><\/iframe>[\/vc_column_text][vc_column_text]<iframe src=\"https:\/\/www.youtube.com\/embed\/UDiMEr5AMbQ\" width=\"560\" height=\"315\" frameborder=\"0\" allowfullscreen=\"allowfullscreen\"><\/iframe>[\/vc_column_text][vc_column_text]<iframe src=\"https:\/\/player.vimeo.com\/video\/234656708\" width=\"640\" height=\"359\" frameborder=\"0\" allowfullscreen=\"allowfullscreen\"><\/iframe><\/p>\n<span class='bctt-click-to-tweet'><span class='bctt-ctt-text'><a href='https:\/\/x.com\/intent\/tweet?url=https%3A%2F%2Fclubdepoesia.com%2Fcarmenhernandezmontalban%2Fvideos%2F&#038;text=Presentaci%C3%B3n%20en%20Madrid%20de%20Los%20anillos%20de%20Saturno%20de%20Carm%C3%A9n%20Hern%C3%A1ndez%20Montalb%C3%A1n&#038;related' target='_blank'rel=\"noopener noreferrer\">Presentaci\u00f3n en Madrid de Los anillos de Saturno de Carm\u00e9n Hern\u00e1ndez Montalb\u00e1n <\/a><\/span><a href='https:\/\/x.com\/intent\/tweet?url=https%3A%2F%2Fclubdepoesia.com%2Fcarmenhernandezmontalban%2Fvideos%2F&#038;text=Presentaci%C3%B3n%20en%20Madrid%20de%20Los%20anillos%20de%20Saturno%20de%20Carm%C3%A9n%20Hern%C3%A1ndez%20Montalb%C3%A1n&#038;related' target='_blank' class='bctt-ctt-btn'rel=\"noopener noreferrer\">Compartir en X<\/a><\/span>[\/vc_column_text][\/vc_column][\/vc_row][vc_row][vc_column extend=&#8221;false&#8221;][vc_column_text css=&#8221;.vc_custom_1505994192624{margin-top: -30000px !important;}&#8221;]<span style=\"text-decoration: underline;\"><em><strong>Videos promocionales de libros, Booktrailers, presentaciones del libro Los Anillos de Saturno de Carmen Hern\u00e1ndez Montalb\u00e1n. Publicado por la editorial Ediciones Rilke.<\/strong><\/em><\/span><\/p>\n<h1><em><strong>Videos promocionales de libros, Booktrailers, presentaciones del libro Los Anillos de Saturno de Carmen Hern\u00e1ndez Montalb\u00e1n. Publicado por la editorial Ediciones Rilke.<\/strong><\/em><\/h1>\n<p>Carm\u00e9n Hern\u00e1ndez Montalb\u00e1n acaba de publicar un libro de poes\u00eda con la Editorial Ediciones Rilke.<\/p>\n<h2><span style=\"text-decoration: underline;\"><em><strong>Carm\u00e9n Hern\u00e1ndez Montalb\u00e1n acaba de publicar un libro de poes\u00eda con la Editorial Ediciones Rilke.<\/strong><\/em><\/span><\/h2>\n<p>Puedes adquirir el libro en las librer\u00edas.<\/p>\n<h3><span style=\"text-decoration: underline;\">La escritora y poeta Carm\u00e9n Hern\u00e1ndez Montalb\u00e1n acaba de publicar un libro de poes\u00eda con la Editorial Ediciones Rilke.<\/span><\/h3>\n<p>Desde el Grupo Editorial P\u00e9rez-Ayala felicitamos a Carm\u00e9nm Hernandez Montalb\u00e1n por el enorme \u00e9xito de su libro y esperamos que vuelva a publicar un libro con nosotros.[\/vc_column_text][\/vc_column][\/vc_row]\n<\/div>","protected":false},"excerpt":{"rendered":"<p>[vc_row][vc_column extend=&#8221;false&#8221;][vc_column_text css=&#8221;.vc_custom_1505994457255{margin-top: -30000px !important;}&#8221;]Videos promocionales de libros, Booktrailers, presentaciones del libro Los Anillos de Saturno de Carmen Hern\u00e1ndez Montalb\u00e1n. Publicado por la editorial Ediciones Rilke. Videos promocionales de libros, Booktrailers, presentaciones del libro Los Anillos de Saturno de Carmen Hern\u00e1ndez Montalb\u00e1n. Publicado por la editorial Ediciones Rilke. Carm\u00e9n Hern\u00e1ndez Montalb\u00e1n acaba de publicar un [&hellip;]<\/p>\n","protected":false},"author":24,"featured_media":0,"parent":0,"menu_order":6,"comment_status":"closed","ping_status":"closed","template":"","meta":{"footnotes":"","_links_to":"","_links_to_target":""},"class_list":["post-22","page","type-page","status-publish","hentry"],"_links":{"self":[{"href":"https:\/\/clubdepoesia.com\/carmenhernandezmontalban\/wp-json\/wp\/v2\/pages\/22","targetHints":{"allow":["GET"]}}],"collection":[{"href":"https:\/\/clubdepoesia.com\/carmenhernandezmontalban\/wp-json\/wp\/v2\/pages"}],"about":[{"href":"https:\/\/clubdepoesia.com\/carmenhernandezmontalban\/wp-json\/wp\/v2\/types\/page"}],"author":[{"embeddable":true,"href":"https:\/\/clubdepoesia.com\/carmenhernandezmontalban\/wp-json\/wp\/v2\/users\/24"}],"replies":[{"embeddable":true,"href":"https:\/\/clubdepoesia.com\/carmenhernandezmontalban\/wp-json\/wp\/v2\/comments?post=22"}],"version-history":[{"count":0,"href":"https:\/\/clubdepoesia.com\/carmenhernandezmontalban\/wp-json\/wp\/v2\/pages\/22\/revisions"}],"wp:attachment":[{"href":"https:\/\/clubdepoesia.com\/carmenhernandezmontalban\/wp-json\/wp\/v2\/media?parent=22"}],"curies":[{"name":"wp","href":"https:\/\/api.w.org\/{rel}","templated":true}]}}