{"id":14,"date":"2017-06-11T17:42:37","date_gmt":"2017-06-11T17:42:37","guid":{"rendered":"http:\/\/clubdepoesia.com\/carmenhernandezmontalban\/?page_id=14"},"modified":"2017-09-21T11:23:24","modified_gmt":"2017-09-21T11:23:24","slug":"14-2","status":"publish","type":"page","link":"https:\/\/clubdepoesia.com\/carmenhernandezmontalban\/14-2\/","title":{"rendered":"Los anillos de Saturno"},"content":{"rendered":"<div class=\"wpb-content-wrapper\">[vc_row][vc_column extend=&#8221;false&#8221; width=&#8221;1\/2&#8243;][vc_single_image image=&#8221;4&#8243; img_size=&#8221;large&#8221; alignment=&#8221;center&#8221; cover=&#8221;1&#8243;][vc_masonry_media_grid grid_id=&#8221;vc_gid:1505992914528-e17982c8-136c-1&#8243; include=&#8221;10,9,8,7,6,5&#8243;][\/vc_column][vc_column extend=&#8221;false&#8221; width=&#8221;1\/2&#8243;][vc_column_text]<strong>T\u00edtulo:<\/strong> LOS ANILLOS DE SATURNO<\/p>\n<p><strong>Autor:<\/strong> CARMEN HERN\u00c1NDEZ MONTALB\u00c1N<\/p>\n<p>A\u00f1o de Publicaci\u00f3n: 2017<\/p>\n<p>Colecci\u00f3n: Poes\u00eda<\/p>\n<p>ISBN-13: 978-84-946560-0-2<\/p>\n<p><a href=\"http:\/\/edicionesrilke.com\">Editorial: Rilke<\/a><\/p>\n<p>PVP: 12 Euros (IVA Incluido).<\/p>\n<p><strong>\u00a0<\/strong><\/p>\n<p><strong>\u00a0<span class='bctt-click-to-tweet'><span class='bctt-ctt-text'><a href='https:\/\/x.com\/intent\/tweet?url=https%3A%2F%2Fclubdepoesia.com%2Fcarmenhernandezmontalban%2F14-2%2F&#038;text=El%20poemario%20Los%20anillos%20de%20Saturno%2C%20a%20modo%20de%20carta%20astral%2C%20traza%20las%20coordenadas%20de%20un%20mundo%20mal%20globalizado.&#038;related' target='_blank'rel=\"noopener noreferrer\">El poemario Los anillos de Saturno, a modo de carta astral, traza las coordenadas de un mundo mal globalizado. <\/a><\/span><a href='https:\/\/x.com\/intent\/tweet?url=https%3A%2F%2Fclubdepoesia.com%2Fcarmenhernandezmontalban%2F14-2%2F&#038;text=El%20poemario%20Los%20anillos%20de%20Saturno%2C%20a%20modo%20de%20carta%20astral%2C%20traza%20las%20coordenadas%20de%20un%20mundo%20mal%20globalizado.&#038;related' target='_blank' class='bctt-ctt-btn'rel=\"noopener noreferrer\">Compartir en X<\/a><\/span><\/strong><\/p>\n<p><strong>\u00a0<\/strong><\/p>\n<p><strong>RESE\u00d1A:<\/strong><\/p>\n<p>&nbsp;<\/p>\n<p>El poemario <em>Los anillos de Saturno<\/em>, a modo de carta astral, traza las coordenadas de un mundo mal globalizado. La autora nos marca un itinerario a trav\u00e9s de las tres partes que componen la obra: la primera, <em>Los anillos de Saturno<\/em>, se caracteriza por una poes\u00eda visionaria, cargada de im\u00e1genes, Saturno, considerado en la astrolog\u00eda como \u201cplaneta social\u201d se encuentra en exaltaci\u00f3n aqu\u00ed, atendiendo al sentido del deber y la actitud de la poeta ante los acontecimientos negativos que la rodean. La segunda, titulada <em>El mercader alado<\/em>, es una cr\u00edtica en tono sarc\u00e1stico de una sociedad corrompida, sometida por el consumo y el capitalismo desaforado. Es Mercurio, el mercader, quien rige las relaciones comerciales. Finalmente: <em>Las l\u00e1grimas de Venus, <\/em>refleja los elementos con los que la autora se siente en armon\u00eda, la parte m\u00e1s femenina de la obra en la que Venus ejerce su influjo.<\/p>\n<p>&nbsp;<\/p>\n<span class='bctt-click-to-tweet'><span class='bctt-ctt-text'><a href='https:\/\/x.com\/intent\/tweet?url=https%3A%2F%2Fclubdepoesia.com%2Fcarmenhernandezmontalban%2F14-2%2F&#038;text=Una%20poes%C3%ADa%20visionaria%2C%20cargada%20de%20im%C3%A1genes%2C%20Saturno%2C%20considerado%20en%20la%20astrolog%C3%ADa%20como%20%E2%80%9Cplaneta%20social%E2%80%9D&#038;related' target='_blank'rel=\"noopener noreferrer\">Una poes\u00eda visionaria, cargada de im\u00e1genes, Saturno, considerado en la astrolog\u00eda como \u201cplaneta social\u201d <\/a><\/span><a href='https:\/\/x.com\/intent\/tweet?url=https%3A%2F%2Fclubdepoesia.com%2Fcarmenhernandezmontalban%2F14-2%2F&#038;text=Una%20poes%C3%ADa%20visionaria%2C%20cargada%20de%20im%C3%A1genes%2C%20Saturno%2C%20considerado%20en%20la%20astrolog%C3%ADa%20como%20%E2%80%9Cplaneta%20social%E2%80%9D&#038;related' target='_blank' class='bctt-ctt-btn'rel=\"noopener noreferrer\">Compartir en X<\/a><\/span>[\/vc_column_text][\/vc_column][\/vc_row]\n<\/div>","protected":false},"excerpt":{"rendered":"<p>[vc_row][vc_column extend=&#8221;false&#8221; width=&#8221;1\/2&#8243;][vc_single_image image=&#8221;4&#8243; img_size=&#8221;large&#8221; alignment=&#8221;center&#8221; cover=&#8221;1&#8243;][vc_masonry_media_grid grid_id=&#8221;vc_gid:1505992914528-e17982c8-136c-1&#8243; include=&#8221;10,9,8,7,6,5&#8243;][\/vc_column][vc_column extend=&#8221;false&#8221; width=&#8221;1\/2&#8243;][vc_column_text]T\u00edtulo: LOS ANILLOS DE SATURNO Autor: CARMEN HERN\u00c1NDEZ MONTALB\u00c1N A\u00f1o de Publicaci\u00f3n: 2017 Colecci\u00f3n: Poes\u00eda ISBN-13: 978-84-946560-0-2 Editorial: Rilke PVP: 12 Euros (IVA Incluido). \u00a0 \u00a0 \u00a0 RESE\u00d1A: &nbsp; El poemario Los anillos de Saturno, a modo de carta astral, traza las coordenadas de un [&hellip;]<\/p>\n","protected":false},"author":24,"featured_media":0,"parent":0,"menu_order":2,"comment_status":"closed","ping_status":"closed","template":"","meta":{"footnotes":"","_links_to":"","_links_to_target":""},"class_list":["post-14","page","type-page","status-publish","hentry"],"_links":{"self":[{"href":"https:\/\/clubdepoesia.com\/carmenhernandezmontalban\/wp-json\/wp\/v2\/pages\/14","targetHints":{"allow":["GET"]}}],"collection":[{"href":"https:\/\/clubdepoesia.com\/carmenhernandezmontalban\/wp-json\/wp\/v2\/pages"}],"about":[{"href":"https:\/\/clubdepoesia.com\/carmenhernandezmontalban\/wp-json\/wp\/v2\/types\/page"}],"author":[{"embeddable":true,"href":"https:\/\/clubdepoesia.com\/carmenhernandezmontalban\/wp-json\/wp\/v2\/users\/24"}],"replies":[{"embeddable":true,"href":"https:\/\/clubdepoesia.com\/carmenhernandezmontalban\/wp-json\/wp\/v2\/comments?post=14"}],"version-history":[{"count":0,"href":"https:\/\/clubdepoesia.com\/carmenhernandezmontalban\/wp-json\/wp\/v2\/pages\/14\/revisions"}],"wp:attachment":[{"href":"https:\/\/clubdepoesia.com\/carmenhernandezmontalban\/wp-json\/wp\/v2\/media?parent=14"}],"curies":[{"name":"wp","href":"https:\/\/api.w.org\/{rel}","templated":true}]}}