{"id":118,"date":"2019-04-18T22:03:35","date_gmt":"2019-04-18T20:03:35","guid":{"rendered":"https:\/\/clubdepoesia.com\/carmengomezfayrendelasheras\/?page_id=118"},"modified":"2019-04-19T21:59:00","modified_gmt":"2019-04-19T19:59:00","slug":"poesia","status":"publish","type":"page","link":"https:\/\/clubdepoesia.com\/carmengomezfayrendelasheras\/poesia\/","title":{"rendered":"Poes\u00eda"},"content":{"rendered":"<div class=\"wpb-content-wrapper\">[vc_row][vc_column extend=&#8221;false&#8221;][vc_column_text css=&#8221;.vc_custom_1553444585029{margin-top: -30000px !important;}&#8221;]\n<h1><strong><em><u>Poes\u00eda del libro BURRADAS de CARMEN G\u00d3MEZ-FAYR\u00c9N DE LAS HERAS. El escritor nos da una muestra tras publicar un libro.<\/u><\/em><\/strong><\/h1>\n<h2><strong><em><u><img fetchpriority=\"high\" decoding=\"async\" class=\"alignleft size-full wp-image-113\" src=\"https:\/\/clubdepoesia.com\/carmengomezfayrendelasheras\/files\/2019\/04\/0PortadaBurradas-1.jpg\" alt=\"\" width=\"1748\" height=\"2480\" srcset=\"https:\/\/clubdepoesia.com\/carmengomezfayrendelasheras\/files\/2019\/04\/0PortadaBurradas-1.jpg 1748w, https:\/\/clubdepoesia.com\/carmengomezfayrendelasheras\/files\/2019\/04\/0PortadaBurradas-1-211x300.jpg 211w, https:\/\/clubdepoesia.com\/carmengomezfayrendelasheras\/files\/2019\/04\/0PortadaBurradas-1-768x1090.jpg 768w, https:\/\/clubdepoesia.com\/carmengomezfayrendelasheras\/files\/2019\/04\/0PortadaBurradas-1-722x1024.jpg 722w\" sizes=\"(max-width: 1748px) 100vw, 1748px\" \/>Poes\u00eda del libro BURRADAS de CARMEN G\u00d3MEZ-FAYR\u00c9N DE LAS HERAS El poeta nos da una muestra tras publicar un libro.<\/u><\/em><\/strong><\/h2>\n<h3><strong><em><u>Poes\u00eda del libro BURRADAS de CARMEN G\u00d3MEZ-FAYR\u00c9N DE LAS HERAS El autor nos da una muestra tras publicar un libro.<\/u><\/em><\/strong><\/h3>\n<h4><strong><em><u>Poes\u00eda del libro BURRADAS de CARMEN G\u00d3MEZ-FAYR\u00c9N DE LAS HERAS El autor nos da una muestra tras publicar un libro.<\/u><\/em><\/strong><\/h4>\n<h5><strong><em><u>Poes\u00eda del libro BURRADAS de CARMEN G\u00d3MEZ-FAYR\u00c9N DE LAS HERAS El autor nos da una muestra tras publicar un libro.<\/u><\/em><\/strong><\/h5>\n[\/vc_column_text][\/vc_column][\/vc_row][vc_row][vc_column extend=&#8221;false&#8221;]<div class='gambit_parallax_row' data-bg-align='' data-direction='fixed' data-opacity='100' data-velocity='-0.3' data-mobile-enabled='' data-bg-height='1200' data-bg-width='801' data-bg-image='https:\/\/clubdepoesia.com\/carmengomezfayrendelasheras\/files\/2019\/04\/8adn4itl-lu.jpg' data-bg-repeat='false' data-id='' style='display: none'><\/div><div class=\"gambit_fullheight_row\" data-content-location=\"center\" style=\"display: none\"><\/div>[\/vc_column][\/vc_row][vc_row][vc_column extend=&#8221;false&#8221;][vc_column_text]\n<h1><a name=\"_Toc2103139\"><\/a><strong>PRIMERA CARTA<\/strong><\/h1>\n<p>&nbsp;<\/p>\n<p>De todo, todo, esto era probablemente lo que menos te esperar\u00edas. Seguramente a\u00fan ni te lo creas, pero he querido alejarme de cualquier algoritmo, software o aplicaci\u00f3n para tener un trato contigo.<\/p>\n<p>\u00bfQu\u00e9 tal est\u00e1s? Espero que bien; t\u00fa aunque no est\u00e9s en un momento de intimidad y muy tocado, nunca dir\u00edas que no est\u00e1s bien.<\/p>\n<p>Te escribo desde mi habitaci\u00f3n, desde mi cama, desde mi casa, desde Murcia, y es que desde el 16 de noviembre que no piso Madrid. Literalmente, fue un jueves, cog\u00ed una mochila, un Blablacar para dos horas m\u00e1s tarde y me vine. Seis d\u00edas despu\u00e9s, mi\u00e9rcoles, estaba en el Morales siendo diagnosticada de depresi\u00f3n profunda (no te haces una idea de lo que he vivido en Madrid\u2026)<\/p>\n<p>Ahora mis d\u00edas se basan en tranquilidad, pel\u00edculas, intentos de estudio, dibujos, paseos, medicaci\u00f3n, llantos, charlas paternales que a veces finjo o\u00edr\u2026<\/p>\n<p>Me he dado cuenta de lo bonita que es mi casa, y cu\u00e1nta luz tiene, las ventanas son enormes; a veces me siento desubicada ante tanta armon\u00eda.<\/p>\n<p>Tambi\u00e9n pienso en ti, pienso mucho en ti; pero nunca pienso en c\u00f3mo empez\u00f3 todo, alguna vez en qu\u00e9 mal acab\u00f3 y qu\u00e9 est\u00fapida fui (oh, Dios, no s\u00e9 por qu\u00e9 fui tan est\u00fapida). Sin embargo lo que m\u00e1s pienso es en el resto de 19 meses juntos, 76 semanas, 532 d\u00edas, 12768 horas\u2026 y as\u00ed podr\u00eda seguir. En todo lo que hicimos, en todo lo que re\u00ed y sufr\u00ed, pero viv\u00ed, en todo lo que me hiciste vivir. Me alababas tanto, me quer\u00edas tanto, y yo fui tan cobarde de no saber ver lo que es el amor, ni saber gritar que tambi\u00e9n estaba enamorada; cuando eras t\u00fa quien me tend\u00eda, no una, sino ambas manos, para juntos hacer mil cosas y sentirnos especiales los dos solos, para \u201cSER\u201d.<\/p>\n<p>Hace algo m\u00e1s de un mes, por Madrid, vi a una chica embarazada, de unos 30 a\u00f1os, paseaba a un perro dorado. No s\u00e9 por qu\u00e9 pero me vino una imagen de esa chica volviendo a su \u00e1tico madrile\u00f1o, parecido al nuestro bruselense; y eras t\u00fa quien la esperaba con una taza de t\u00e9 rojo viendo <em>Tesis<\/em>. Me pareci\u00f3 ideal, me alegr\u00e9 por aquella chica y por aquel perro que supuse hijo de Le\u00f3n. Desde entonces no te miento si te digo que es un sue\u00f1o recurrente, me vuelve de vez en cuando, con mucho cari\u00f1o, pero la chica soy yo.<\/p>\n<p>Estoy segura que fui tonta y no actu\u00e9 con serenidad, no entend\u00eda lo que yo quer\u00eda ni lo que el mundo quer\u00eda de m\u00ed, ni de ti; tambi\u00e9n tuve miedo de qu\u00e9 quer\u00edas t\u00fa y de c\u00f3mo para ti era todo tan f\u00e1cil. Ahora lo entiendo todo.<\/p>\n<p>No supe ver qu\u00e9 era el amor, no supe reaccionar a lo que t\u00fa me transmit\u00edas, no supe sentir lo que sent\u00eda, identificar lo que se mov\u00eda dentro de m\u00ed, y mucho menos no fui valiente para asumirlo.<\/p>\n<p>Probablemente parece chiste, ya que casi ha pasado el mismo tiempo desde que lo dejamos y no hablamos; pero creo, Rayco, que esto que yo siento es amor, que no te olvido y que no te miento si te digo que estoy terrible y asquerosamente enamorada de ti.<\/p>\n<p>&nbsp;<\/p>\n<span class='bctt-click-to-tweet'><span class='bctt-ctt-text'><a href='https:\/\/x.com\/intent\/tweet?url=https%3A%2F%2Fclubdepoesia.com%2Fcarmengomezfayrendelasheras%2Fpoesia%2F&#038;text=PRIMERA%20CARTA%C2%A0del%20libro%20BURRADAS%20de%20CARMEN%20G%C3%93MEZ-FAYR%C3%89N%20DE%20LAS%20HERAS&#038;via=poesiaerestu&#038;related=poesiaerestu' target='_blank'rel=\"noopener noreferrer\">PRIMERA CARTA&nbsp;del libro BURRADAS de CARMEN G\u00d3MEZ-FAYR\u00c9N DE LAS HERAS <\/a><\/span><a href='https:\/\/x.com\/intent\/tweet?url=https%3A%2F%2Fclubdepoesia.com%2Fcarmengomezfayrendelasheras%2Fpoesia%2F&#038;text=PRIMERA%20CARTA%C2%A0del%20libro%20BURRADAS%20de%20CARMEN%20G%C3%93MEZ-FAYR%C3%89N%20DE%20LAS%20HERAS&#038;via=poesiaerestu&#038;related=poesiaerestu' target='_blank' class='bctt-ctt-btn'rel=\"noopener noreferrer\">Compartir en X<\/a><\/span>\n<p>&nbsp;[\/vc_column_text][\/vc_column][\/vc_row][vc_row][vc_column extend=&#8221;false&#8221;]<div class='gambit_parallax_row' data-bg-align='' data-direction='fixed' data-opacity='100' data-velocity='-0.3' data-mobile-enabled='' data-bg-height='1067' data-bg-width='1600' data-bg-image='https:\/\/clubdepoesia.com\/carmengomezfayrendelasheras\/files\/2019\/04\/9qm9ueph1tw.jpg' data-bg-repeat='false' data-id='' style='display: none'><\/div><div class=\"gambit_fullheight_row\" data-content-location=\"center\" style=\"display: none\"><\/div>[\/vc_column][\/vc_row][vc_row][vc_column extend=&#8221;false&#8221;][vc_column_text]\n<h1><a name=\"_Toc2103145\"><\/a><strong>VICIO CON AZAHAR<\/strong><\/h1>\n<p>&nbsp;<\/p>\n<p>Ya he vuelto; eres un vicio, pero de todos los que he tenido, el mejor vicio hasta ahora.<\/p>\n<p>No paro de contar para atr\u00e1s las horas que han pasado desde que no te veo y no s\u00e9 nada m\u00e1s de ti. He pensado cada segundo si ya ser\u00edan segundos suficientes, o qu\u00e9 segundo ser\u00eda el id\u00f3neo para volver a interrumpirte.<\/p>\n<p>Pensaba en si t\u00fa estar\u00e1s hoy sin vida ni aliento como lo estoy yo: con el Orfidal a los ocho de la tarde porque quiero que este d\u00eda, aunque te haya visto y por ello ya sea maravilloso, este solsticio de invierno, termine, y poder invernar; dormir profundamente y despertar ya cuando huela a azahar y no a le\u00f1a.<\/p>\n<p>Esta vez quiero hacerlo bien, con su tempo y su sinceridad, pero al mismo tiempo esta vez te agarrar\u00eda de la mano y nos ir\u00edamos a un lugar perdido donde nadie pudiese incomodarnos.<\/p>\n<p>Dicen que las relaciones son de dos personas; creo que las relaciones son de una sociedad a la que est\u00e1 expuesta y muy valientes han de ser las dos protagonistas para que la coral haga el menor ruido posible.<\/p>\n<p>&nbsp;<\/p>\n<p>&nbsp;<\/p>\n<p>&nbsp;<\/p>\n<p>&nbsp;<\/p>\n<span class='bctt-click-to-tweet'><span class='bctt-ctt-text'><a href='https:\/\/x.com\/intent\/tweet?url=https%3A%2F%2Fclubdepoesia.com%2Fcarmengomezfayrendelasheras%2Fpoesia%2F&#038;text=VICIO%20CON%20AZAHAR%C2%A0del%20libro%20BURRADAS%20de%20CARMEN%20G%C3%93MEZ-FAYR%C3%89N%20DE%20LAS%20HERAS&#038;via=poesiaerestu&#038;related=poesiaerestu' target='_blank'rel=\"noopener noreferrer\">VICIO CON AZAHAR&nbsp;del libro BURRADAS de CARMEN G\u00d3MEZ-FAYR\u00c9N DE LAS HERAS <\/a><\/span><a href='https:\/\/x.com\/intent\/tweet?url=https%3A%2F%2Fclubdepoesia.com%2Fcarmengomezfayrendelasheras%2Fpoesia%2F&#038;text=VICIO%20CON%20AZAHAR%C2%A0del%20libro%20BURRADAS%20de%20CARMEN%20G%C3%93MEZ-FAYR%C3%89N%20DE%20LAS%20HERAS&#038;via=poesiaerestu&#038;related=poesiaerestu' target='_blank' class='bctt-ctt-btn'rel=\"noopener noreferrer\">Compartir en X<\/a><\/span>\n<p>&nbsp;<\/p>\n<p>&nbsp;[\/vc_column_text][\/vc_column][\/vc_row][vc_row][vc_column extend=&#8221;false&#8221;]<div class='gambit_parallax_row' data-bg-align='' data-direction='fixed' data-opacity='100' data-velocity='-0.3' data-mobile-enabled='' data-bg-height='1067' data-bg-width='1600' data-bg-image='https:\/\/clubdepoesia.com\/carmengomezfayrendelasheras\/files\/2019\/04\/pkpqobp11jc.jpg' data-bg-repeat='false' data-id='' style='display: none'><\/div><div class=\"gambit_fullheight_row\" data-content-location=\"center\" style=\"display: none\"><\/div>[\/vc_column][\/vc_row][vc_row][vc_column extend=&#8221;false&#8221;][vc_column_text]\n<h1><a name=\"_Toc2103151\"><\/a><strong>KARMA EN DOS BESOS<\/strong><\/h1>\n<p>&nbsp;<\/p>\n<p>En este momento me das rabia,<\/p>\n<p>y es que me quiebras los karmas.<\/p>\n<p>En este instante me tienes furiosa,<\/p>\n<p>como cuando se calientan las copas<\/p>\n<p>\u00bfC\u00f3mo es que tragas y se te arrojan tantas palabras<\/p>\n<p>y t\u00fa, con una sola aparici\u00f3n, callas?<\/p>\n<p>Impasivo.<\/p>\n<p>\u00bfC\u00f3mo puedes no dar se\u00f1ales de vida<\/p>\n<p>mientras yo no vivo?<\/p>\n<p>En este momento tengo rabia,<\/p>\n<p>mucha rabia;<\/p>\n<p>de que t\u00fa no hayas aclarado lo que a veces veo que es blanco.<\/p>\n<p>Y es que no s\u00e9 por qu\u00e9 te tengo esta rabia.<\/p>\n<p>Si quiz\u00e1s sin decirme nada era cuando me dec\u00edas todo,<\/p>\n<p>si quiz\u00e1s tu silencio eran tus pies quietos,<\/p>\n<p>&nbsp;<\/p>\n<p>si quiz\u00e1s esas breves menciones eran mi consuelo,<\/p>\n<p>si quiz\u00e1s aquellos dos besos fueron tu rechazo.<\/p>\n<p>&nbsp;<\/p>\n<p>&nbsp;<\/p>\n<span class='bctt-click-to-tweet'><span class='bctt-ctt-text'><a href='https:\/\/x.com\/intent\/tweet?url=https%3A%2F%2Fclubdepoesia.com%2Fcarmengomezfayrendelasheras%2Fpoesia%2F&#038;text=KARMA%20EN%20DOS%20BESOS%20del%20libro%20BURRADAS%20de%20CARMEN%20G%C3%93MEZ-FAYR%C3%89N%20DE%20LAS%20HERAS&#038;via=poesiaerestu&#038;related=poesiaerestu' target='_blank'rel=\"noopener noreferrer\">KARMA EN DOS BESOS del libro BURRADAS de CARMEN G\u00d3MEZ-FAYR\u00c9N DE LAS HERAS <\/a><\/span><a href='https:\/\/x.com\/intent\/tweet?url=https%3A%2F%2Fclubdepoesia.com%2Fcarmengomezfayrendelasheras%2Fpoesia%2F&#038;text=KARMA%20EN%20DOS%20BESOS%20del%20libro%20BURRADAS%20de%20CARMEN%20G%C3%93MEZ-FAYR%C3%89N%20DE%20LAS%20HERAS&#038;via=poesiaerestu&#038;related=poesiaerestu' target='_blank' class='bctt-ctt-btn'rel=\"noopener noreferrer\">Compartir en X<\/a><\/span>[\/vc_column_text][\/vc_column][\/vc_row][vc_row][vc_column extend=&#8221;false&#8221;]<div class='gambit_parallax_row' data-bg-align='' data-direction='fixed' data-opacity='100' data-velocity='-0.3' data-mobile-enabled='' data-bg-height='1200' data-bg-width='800' data-bg-image='https:\/\/clubdepoesia.com\/carmengomezfayrendelasheras\/files\/2019\/04\/ygctel-oqyy.jpg' data-bg-repeat='false' data-id='' style='display: none'><\/div><div class=\"gambit_fullheight_row\" data-content-location=\"center\" style=\"display: none\"><\/div>[\/vc_column][\/vc_row][vc_row][vc_column extend=&#8221;false&#8221;][vc_column_text]\n<h1><a name=\"_Toc2103164\"><\/a><strong>HILO Y SANGRE<\/strong><\/h1>\n<p>&nbsp;<\/p>\n<p>Cada vez escribo menos, me da pavor despedirme de ti, he de hacerlo, al igual que t\u00fa, pero no acabo de realizarlo por completo a mi parecer. Tengo un hilo constante en mi ser que va enlazado al tuyo, all\u00e1 donde est\u00e9; cojo las tijeras y rozo sutilmente el cord\u00f3n, tiembla y se retuerce, hasta siente como sufre el material, estoy decidida a finalizar esta locura es la que nos est\u00e1 liando el dichoso hilo, pero me ablando, (me) destenso y retiro el arma. As\u00ed van mis d\u00edas, aunque s\u00e9 que pronto habr\u00e9 de hacerlo.<\/p>\n<p>Mientras t\u00fa, mudito, con una libreta azul llena de sangre, entra\u00f1as y mi m\u00e1s sentido yo, yo(es) que yo ni siquiera conoc\u00eda, palabras, versos, demasiado expresivos y lamentados para salir de mis lapiceros. No hay m\u00e1s preciado que los sue\u00f1os, leer la mente, sentimientos y alma, yo te di eso, t\u00fa no fuiste capaz de decir \u201cno\u201d sin derramar l\u00e1grimas, no has sido capaz de responder una palabra a todas esas cartas, y no s\u00e9 si ser\u00e1s capaz de tocar, mirar y besar a alguien que sienta y vea lo que t\u00fa y yo vemos entre t\u00fa y yo.<\/p>\n<p>&nbsp;<\/p>\n<p>Yo, no. No creo.<\/p>\n<h1>&nbsp;<\/h1>\n<span class='bctt-click-to-tweet'><span class='bctt-ctt-text'><a href='https:\/\/x.com\/intent\/tweet?url=https%3A%2F%2Fclubdepoesia.com%2Fcarmengomezfayrendelasheras%2Fpoesia%2F&#038;text=HILO%20Y%20SANGRE%C2%A0del%20libro%20BURRADAS%20de%20CARMEN%20G%C3%93MEZ-FAYR%C3%89N%20DE%20LAS%20HERAS&#038;via=poesiaerestu&#038;related=poesiaerestu' target='_blank'rel=\"noopener noreferrer\">HILO Y SANGRE&nbsp;del libro BURRADAS de CARMEN G\u00d3MEZ-FAYR\u00c9N DE LAS HERAS <\/a><\/span><a href='https:\/\/x.com\/intent\/tweet?url=https%3A%2F%2Fclubdepoesia.com%2Fcarmengomezfayrendelasheras%2Fpoesia%2F&#038;text=HILO%20Y%20SANGRE%C2%A0del%20libro%20BURRADAS%20de%20CARMEN%20G%C3%93MEZ-FAYR%C3%89N%20DE%20LAS%20HERAS&#038;via=poesiaerestu&#038;related=poesiaerestu' target='_blank' class='bctt-ctt-btn'rel=\"noopener noreferrer\">Compartir en X<\/a><\/span>[\/vc_column_text][\/vc_column][\/vc_row][vc_row][vc_column extend=&#8221;false&#8221;]<div class='gambit_parallax_row' data-bg-align='' data-direction='fixed' data-opacity='100' data-velocity='-0.3' data-mobile-enabled='' data-bg-height='768' data-bg-width='768' data-bg-image='https:\/\/clubdepoesia.com\/carmengomezfayrendelasheras\/files\/2019\/04\/IMG_20190315_184303_103_SSquare-Mediano.jpg' data-bg-repeat='false' data-id='' style='display: none'><\/div><div class=\"gambit_fullheight_row\" data-content-location=\"center\" style=\"display: none\"><\/div>[vc_column_text]\n<p style=\"text-align: center;\"><a class=\"fasc-button fasc-size-xlarge fasc-type-glossy fasc-rounded-medium\" style=\"background-color: #33809e; color: #ffffff;\" href=\"https:\/\/librodepoesia.com\/producto\/burradas-carmen-gomez-fayren-de-las-heras\/\">Comprar el libro<\/a><\/p>\n[\/vc_column_text][\/vc_column][\/vc_row][vc_row][vc_column extend=&#8221;false&#8221;][vc_column_text css=&#8221;.vc_custom_1549215104378{margin-top: -30000px !important;}&#8221;]\n<h1><strong><em><u>Poes\u00eda del libro BURRADAS de CARMEN G\u00d3MEZ-FAYR\u00c9N DE LAS HERAS. El escritor nos da una muestra tras publicar un libro.<\/u><\/em><\/strong><\/h1>\n<h2><strong><em><u>Poes\u00eda del libro BURRADAS de CARMEN G\u00d3MEZ-FAYR\u00c9N DE LAS HERAS El poeta nos da una muestra tras publicar un libro.<\/u><\/em><\/strong><\/h2>\n<h3><strong><em><u>Poes\u00eda del libro BURRADAS de CARMEN G\u00d3MEZ-FAYR\u00c9N DE LAS HERAS El autor nos da una muestra tras publicar un libro.<\/u><\/em><\/strong><\/h3>\n<h4><strong><em><u>Poes\u00eda del libro BURRADAS de CARMEN G\u00d3MEZ-FAYR\u00c9N DE LAS HERAS El autor nos da una muestra tras publicar un libro.<\/u><\/em><\/strong><\/h4>\n<h5><strong><em><u>Poes\u00eda del libro BURRADAS de CARMEN G\u00d3MEZ-FAYR\u00c9N DE LAS HERAS El autor nos da una muestra tras publicar un libro.<\/u><\/em><\/strong><\/h5>\n[\/vc_column_text][\/vc_column][\/vc_row]\n<\/div>","protected":false},"excerpt":{"rendered":"<p>[vc_row][vc_column extend=&#8221;false&#8221;][vc_column_text css=&#8221;.vc_custom_1553444585029{margin-top: -30000px !important;}&#8221;] Poes\u00eda del libro BURRADAS de CARMEN G\u00d3MEZ-FAYR\u00c9N DE LAS HERAS. El escritor nos da una muestra tras publicar un libro. Poes\u00eda del libro BURRADAS de CARMEN G\u00d3MEZ-FAYR\u00c9N DE LAS HERAS El poeta nos da una muestra tras publicar un libro. Poes\u00eda del libro BURRADAS de CARMEN G\u00d3MEZ-FAYR\u00c9N DE LAS HERAS [&hellip;]<\/p>\n","protected":false},"author":24,"featured_media":0,"parent":0,"menu_order":3,"comment_status":"closed","ping_status":"closed","template":"","meta":{"footnotes":"","_links_to":"","_links_to_target":""},"class_list":["post-118","page","type-page","status-publish","hentry"],"_links":{"self":[{"href":"https:\/\/clubdepoesia.com\/carmengomezfayrendelasheras\/wp-json\/wp\/v2\/pages\/118","targetHints":{"allow":["GET"]}}],"collection":[{"href":"https:\/\/clubdepoesia.com\/carmengomezfayrendelasheras\/wp-json\/wp\/v2\/pages"}],"about":[{"href":"https:\/\/clubdepoesia.com\/carmengomezfayrendelasheras\/wp-json\/wp\/v2\/types\/page"}],"author":[{"embeddable":true,"href":"https:\/\/clubdepoesia.com\/carmengomezfayrendelasheras\/wp-json\/wp\/v2\/users\/24"}],"replies":[{"embeddable":true,"href":"https:\/\/clubdepoesia.com\/carmengomezfayrendelasheras\/wp-json\/wp\/v2\/comments?post=118"}],"version-history":[{"count":0,"href":"https:\/\/clubdepoesia.com\/carmengomezfayrendelasheras\/wp-json\/wp\/v2\/pages\/118\/revisions"}],"wp:attachment":[{"href":"https:\/\/clubdepoesia.com\/carmengomezfayrendelasheras\/wp-json\/wp\/v2\/media?parent=118"}],"curies":[{"name":"wp","href":"https:\/\/api.w.org\/{rel}","templated":true}]}}