{"id":138,"date":"2017-06-18T21:06:36","date_gmt":"2017-06-18T20:06:36","guid":{"rendered":"http:\/\/clubdepoesia.com\/blancauriarte\/?page_id=138"},"modified":"2017-06-18T21:07:50","modified_gmt":"2017-06-18T20:07:50","slug":"sin-mando-distancia","status":"publish","type":"page","link":"https:\/\/clubdepoesia.com\/blancauriarte\/libros\/sin-mando-distancia\/","title":{"rendered":"SIN MANDO A DISTANCIA"},"content":{"rendered":"<p><strong><a href=\"https:\/\/clubdepoesia.com\/blancauriarte\/files\/2017\/06\/Portadasinmando.jpg\"><img fetchpriority=\"high\" decoding=\"async\" class=\"alignleft size-medium wp-image-139\" src=\"https:\/\/clubdepoesia.com\/blancauriarte\/files\/2017\/06\/Portadasinmando-194x300.jpg\" alt=\"\" width=\"194\" height=\"300\" srcset=\"https:\/\/clubdepoesia.com\/blancauriarte\/files\/2017\/06\/Portadasinmando-194x300.jpg 194w, https:\/\/clubdepoesia.com\/blancauriarte\/files\/2017\/06\/Portadasinmando-768x1189.jpg 768w, https:\/\/clubdepoesia.com\/blancauriarte\/files\/2017\/06\/Portadasinmando-661x1024.jpg 661w, https:\/\/clubdepoesia.com\/blancauriarte\/files\/2017\/06\/Portadasinmando.jpg 1465w\" sizes=\"(max-width: 194px) 100vw, 194px\" \/><\/a>T\u00edtulo:<\/strong> SIN MANDO A DISTANCIA<\/p>\n<p><strong>\u00a0<\/strong><strong>Autor:<\/strong> Blanca URIARTE<\/p>\n<p>A\u00f1o de Publicaci\u00f3n: 2015<\/p>\n<p>Colecci\u00f3n: Poes\u00eda<\/p>\n<p>ISBN-13: 978-84-941979-1-8<\/p>\n<p>Editorial: Rilke<\/p>\n<p>PVP:12 Euros (IVA Incluido).<\/p>\n<p>&nbsp;<\/p>\n<p><strong>\u00a0<\/strong><\/p>\n<p><strong>RESE\u00d1A:<\/strong><\/p>\n<p>&nbsp;<\/p>\n<p>S\u00f3lo el espejo puede aguantar la superficialidad que aplaudimos, la ignorancia de saber que vamos dejando abiertas las puertas de nuestra casa a un indigno enemigo.<\/p>\n<p>A pesar del derecho a la libre elecci\u00f3n, cruel met\u00e1fora la de una vida sin mando a distancia, poniendo a prueba nuestro escaso control de la diferencia entre la ficci\u00f3n y la realidad, lo banal y lo esencial.<\/p>\n<p>No venden la reflexi\u00f3n y la cultura, pero hoy, como ayer, podemos intentar modificar pautas y apre(he)nder a ser.<\/p>\n","protected":false},"excerpt":{"rendered":"<p>T\u00edtulo: SIN MANDO A DISTANCIA \u00a0Autor: Blanca URIARTE A\u00f1o de Publicaci\u00f3n: 2015 Colecci\u00f3n: Poes\u00eda ISBN-13: 978-84-941979-1-8 Editorial: Rilke PVP:12 Euros (IVA Incluido). &nbsp; \u00a0 RESE\u00d1A: &nbsp; S\u00f3lo el espejo puede aguantar la superficialidad que aplaudimos, la ignorancia de saber que vamos dejando abiertas las puertas de nuestra casa a un indigno enemigo. A pesar del [&hellip;]<\/p>\n","protected":false},"author":24,"featured_media":0,"parent":59,"menu_order":6,"comment_status":"closed","ping_status":"closed","template":"","meta":{"footnotes":"","_links_to":"","_links_to_target":""},"class_list":["post-138","page","type-page","status-publish","hentry"],"_links":{"self":[{"href":"https:\/\/clubdepoesia.com\/blancauriarte\/wp-json\/wp\/v2\/pages\/138","targetHints":{"allow":["GET"]}}],"collection":[{"href":"https:\/\/clubdepoesia.com\/blancauriarte\/wp-json\/wp\/v2\/pages"}],"about":[{"href":"https:\/\/clubdepoesia.com\/blancauriarte\/wp-json\/wp\/v2\/types\/page"}],"author":[{"embeddable":true,"href":"https:\/\/clubdepoesia.com\/blancauriarte\/wp-json\/wp\/v2\/users\/24"}],"replies":[{"embeddable":true,"href":"https:\/\/clubdepoesia.com\/blancauriarte\/wp-json\/wp\/v2\/comments?post=138"}],"version-history":[{"count":0,"href":"https:\/\/clubdepoesia.com\/blancauriarte\/wp-json\/wp\/v2\/pages\/138\/revisions"}],"up":[{"embeddable":true,"href":"https:\/\/clubdepoesia.com\/blancauriarte\/wp-json\/wp\/v2\/pages\/59"}],"wp:attachment":[{"href":"https:\/\/clubdepoesia.com\/blancauriarte\/wp-json\/wp\/v2\/media?parent=138"}],"curies":[{"name":"wp","href":"https:\/\/api.w.org\/{rel}","templated":true}]}}