{"id":69,"date":"2018-05-08T21:22:17","date_gmt":"2018-05-08T21:22:17","guid":{"rendered":"https:\/\/clubdepoesia.com\/armandonaralsina\/?page_id=69"},"modified":"2018-05-09T21:55:03","modified_gmt":"2018-05-09T21:55:03","slug":"poemas","status":"publish","type":"page","link":"https:\/\/clubdepoesia.com\/armandonaralsina\/poemas\/","title":{"rendered":"Poemas"},"content":{"rendered":"<div class=\"wpb-content-wrapper\">[vc_row][vc_column extend=&#8221;false&#8221;][vc_column_text css=&#8221;.vc_custom_1525813894202{margin-top: -30000px !important;}&#8221;]\n<h1><strong><em><u>Poes\u00eda del libro POEMAS PENDIENTES de . El escritor nos da una muestra tras publicar un libro.<\/u><\/em><\/strong><\/h1>\n<h2><strong><em><u>Poes\u00eda del libro POEMAS PENDIENTES de . El poeta nos da una muestra tras publicar un libro.<\/u><\/em><\/strong><\/h2>\n<h3><strong><em><u>Poes\u00eda del libro POEMAS PENDIENTES de . El autor nos da una muestra tras publicar un libro.<\/u><\/em><\/strong><\/h3>\n<h4><strong><em><u><img fetchpriority=\"high\" decoding=\"async\" class=\"aligncenter size-full wp-image-29\" src=\"https:\/\/clubdepoesia.com\/armandonaralsina\/files\/2018\/05\/book2Poemaspendientes.png\" alt=\"Poes\u00eda del libro Poemas pendientes de Armando Nar Alsina\" width=\"839\" height=\"794\" srcset=\"https:\/\/clubdepoesia.com\/armandonaralsina\/files\/2018\/05\/book2Poemaspendientes.png 839w, https:\/\/clubdepoesia.com\/armandonaralsina\/files\/2018\/05\/book2Poemaspendientes-300x284.png 300w, https:\/\/clubdepoesia.com\/armandonaralsina\/files\/2018\/05\/book2Poemaspendientes-768x727.png 768w\" sizes=\"(max-width: 839px) 100vw, 839px\" \/>Poes\u00eda del libro POEMAS PENDIENTES de . El autor nos da una muestra tras publicar un libro.<\/u><\/em><\/strong><\/h4>\n<h5><strong><em><u>Poes\u00eda del libro POEMAS PENDIENTES de . El autor nos da una muestra tras publicar un libro.<\/u><\/em><\/strong><\/h5>\n[\/vc_column_text][\/vc_column][\/vc_row][vc_row][vc_column extend=&#8221;false&#8221;]<div class='gambit_parallax_row' data-bg-align='' data-direction='fixed' data-opacity='100' data-velocity='-0.3' data-mobile-enabled='' data-bg-height='480' data-bg-width='640' data-bg-image='https:\/\/clubdepoesia.com\/armandonaralsina\/files\/2018\/05\/writing-1209121_1920-640480.jpg' data-bg-repeat='false' data-id='' style='display: none'><\/div><div class=\"gambit_fullheight_row\" data-content-location=\"center\" style=\"display: none\"><\/div>[\/vc_column][\/vc_row][vc_row][vc_column extend=&#8221;false&#8221;][vc_column_text]\n<h1><a name=\"_Toc512503027\"><\/a><strong>Poemas pendientes<\/strong><\/h1>\n<p>&nbsp;<\/p>\n<p>Traje una iron\u00eda y una carga poco frecuente,<\/p>\n<p>un par de prosas y un verso pendiente.<\/p>\n<p>Asum\u00ed la molestia de cargar con ella; una carga<\/p>\n<p>incompleta, en realidad vac\u00eda, pero creciente.<\/p>\n<p>&nbsp;<\/p>\n<p>Con el rigor flexible, algunas veces ambivalente,<\/p>\n<p>debo olvidar el tiempo y cargar con lo ausente.<\/p>\n<p>Resulta m\u00e1s pesado y complicado cazar la corriente<\/p>\n<p>que arrastra las musas sumergidas en mi mente.<\/p>\n<p>&nbsp;<\/p>\n<p>La carga vac\u00eda, pesada y pendiente,<\/p>\n<p>hace que sea, casi por pecado, en exceso paciente.<\/p>\n<p>Me sobran caf\u00e9s, musas y mujeres dolientes<\/p>\n<p>con algunas cosas bellas al amparo de tu vientre.<\/p>\n<p>&nbsp;<\/p>\n<p>Tengo aqu\u00ed, all\u00e1 y m\u00e1s all\u00e1, las palabras pertinentes<\/p>\n<p>para cada sentimiento poco frecuente.<\/p>\n<p>Tengo pendientes, tristes y dulces palabras urgentes,<\/p>\n<p>en suma, un millar de poemas pendientes.<\/p>\n<p>&nbsp;<\/p>\n<p>Madrid 2018<\/p>\n<p>&nbsp;<\/p>\n<p>&nbsp;<\/p>\n<span class='bctt-click-to-tweet'><span class='bctt-ctt-text'><a href='https:\/\/x.com\/intent\/tweet?url=https%3A%2F%2Fclubdepoesia.com%2Farmandonaralsina%2Fpoemas%2F&#038;text=Poemas%20pendientes%20del%20libro%20POEMAS%20PENDIENTES%20de%20ARMANDO%20NAR%20ALSINA&#038;via=poesiaerestu&#038;related=poesiaerestu' target='_blank'rel=\"noopener noreferrer\">Poemas pendientes del libro POEMAS PENDIENTES de ARMANDO NAR ALSINA <\/a><\/span><a href='https:\/\/x.com\/intent\/tweet?url=https%3A%2F%2Fclubdepoesia.com%2Farmandonaralsina%2Fpoemas%2F&#038;text=Poemas%20pendientes%20del%20libro%20POEMAS%20PENDIENTES%20de%20ARMANDO%20NAR%20ALSINA&#038;via=poesiaerestu&#038;related=poesiaerestu' target='_blank' class='bctt-ctt-btn'rel=\"noopener noreferrer\">Compartir en X<\/a><\/span>[\/vc_column_text][\/vc_column][\/vc_row][vc_row][vc_column extend=&#8221;false&#8221;]<div class='gambit_parallax_row' data-bg-align='' data-direction='fixed' data-opacity='100' data-velocity='-0.3' data-mobile-enabled='' data-bg-height='480' data-bg-width='640' data-bg-image='https:\/\/clubdepoesia.com\/armandonaralsina\/files\/2018\/05\/pen-2683078_1920-640480.jpg' data-bg-repeat='false' data-id='' style='display: none'><\/div><div class=\"gambit_fullheight_row\" data-content-location=\"center\" style=\"display: none\"><\/div>[\/vc_column][\/vc_row][vc_row][vc_column extend=&#8221;false&#8221;][vc_column_text]\n<h1><a name=\"_Toc507005053\"><\/a><\/h1>\n<h1><a name=\"_Toc512503036\"><\/a><strong>La locura<\/strong><\/h1>\n<p>&nbsp;<\/p>\n<p>Quien dice como es la locura,<\/p>\n<p>cual diccionario la define bien,<\/p>\n<p>es conflicto entre lo querido y tenido.<\/p>\n<p>\u00bfC\u00f3mo es amarte sin cura y t\u00fa a m\u00ed?<\/p>\n<p>\u00bfQu\u00e9 me ames igual o a\u00fan m\u00e1s?<\/p>\n<p>Es para nuestra mala comprensi\u00f3n;<\/p>\n<p>querernos con tanta separaci\u00f3n.<\/p>\n<p>&nbsp;<\/p>\n<p>Qu\u00e9 desquiciada es la l\u00f3gica cordura,<\/p>\n<p>que solo piensa en eso permitido.<\/p>\n<p>Hip\u00f3crita que acepta la tristeza y<\/p>\n<p>esa cordura tonta que me aleja.<\/p>\n<p>\u00bfQu\u00e9 es amar sin tener? \u00a1Es locura!<\/p>\n<p>Locura somos dos, debiendo ser pareja.<\/p>\n<p>&nbsp;<\/p>\n<p>Locura es privarse de uno mismo,<\/p>\n<p>de lo oscuro, del blanco y del gris.<\/p>\n<p>Locura es o\u00edr el error y castigar el amor,<\/p>\n<p>locura es estar solos, pero am\u00e1ndonos.<\/p>\n<p>&nbsp;<\/p>\n<p>La locura consiste en decir te amo,<\/p>\n<p>pero caminar en distinta direcci\u00f3n.<\/p>\n<p>&nbsp;<\/p>\n<p>MADRID 2018<\/p>\n<p>&nbsp;<\/p>\n<p>&nbsp;<\/p>\n<span class='bctt-click-to-tweet'><span class='bctt-ctt-text'><a href='https:\/\/x.com\/intent\/tweet?url=https%3A%2F%2Fclubdepoesia.com%2Farmandonaralsina%2Fpoemas%2F&#038;text=La%20locura%20del%20libro%20POEMAS%20PENDIENTES%20de%20ARMANDO%20NAR%20ALSINA&#038;via=poesiaerestu&#038;related=poesiaerestu' target='_blank'rel=\"noopener noreferrer\">La locura del libro POEMAS PENDIENTES de ARMANDO NAR ALSINA <\/a><\/span><a href='https:\/\/x.com\/intent\/tweet?url=https%3A%2F%2Fclubdepoesia.com%2Farmandonaralsina%2Fpoemas%2F&#038;text=La%20locura%20del%20libro%20POEMAS%20PENDIENTES%20de%20ARMANDO%20NAR%20ALSINA&#038;via=poesiaerestu&#038;related=poesiaerestu' target='_blank' class='bctt-ctt-btn'rel=\"noopener noreferrer\">Compartir en X<\/a><\/span>[\/vc_column_text][\/vc_column][\/vc_row][vc_row][vc_column extend=&#8221;false&#8221;]<div class='gambit_parallax_row' data-bg-align='' data-direction='fixed' data-opacity='100' data-velocity='-0.3' data-mobile-enabled='' data-bg-height='480' data-bg-width='705' data-bg-image='https:\/\/clubdepoesia.com\/armandonaralsina\/files\/2018\/05\/technology-3200401_1920-705480.jpg' data-bg-repeat='false' data-id='' style='display: none'><\/div><div class=\"gambit_fullheight_row\" data-content-location=\"center\" style=\"display: none\"><\/div>[\/vc_column][\/vc_row][vc_row][vc_column extend=&#8221;false&#8221;][vc_column_text]\n<h1><a name=\"_Toc512503044\"><\/a><strong>Mi querida<\/strong><\/h1>\n<p>&nbsp;<\/p>\n<p>La m\u00e1s querida, mi querida es tu lengua vac\u00eda,<\/p>\n<p>la quiero silenciosa, curiosa, inm\u00f3vil y solo m\u00eda,<\/p>\n<p>que me extra\u00f1e y que calle, que se quede vac\u00eda.<\/p>\n<p>&nbsp;<\/p>\n<p>Mi querida, el silencio vac\u00edo atrapado en tu boca<\/p>\n<p>lenguaje del querer que solo saben tu boca y la m\u00eda.<\/p>\n<p>Y aunque por estar lejos ahora no te veo, mi querida<\/p>\n<p>tus ojos se saben a lo lejos llorosos sin mi compa\u00f1\u00eda.<\/p>\n<p>&nbsp;<\/p>\n<p>Me gritas en silencio besando otros argumentos,<\/p>\n<p>m\u00e1s que vac\u00edos son intrascendentes para tu silencio;<\/p>\n<p>tu silencio que es solo m\u00edo, incluso cuando le hablas,<\/p>\n<p>tus ojos y tu silencio son m\u00edos, aqu\u00ed y al otro lado del tiempo.<\/p>\n<p>&nbsp;<\/p>\n<p>Madrid 2017<\/p>\n<p>&nbsp;<\/p>\n<span class='bctt-click-to-tweet'><span class='bctt-ctt-text'><a href='https:\/\/x.com\/intent\/tweet?url=https%3A%2F%2Fclubdepoesia.com%2Farmandonaralsina%2Fpoemas%2F&#038;text=Mi%20querida%20del%20libro%20POEMAS%20PENDIENTES%20de%20ARMANDO%20NAR%20ALSINA&#038;via=poesiaerestu&#038;related=poesiaerestu' target='_blank'rel=\"noopener noreferrer\">Mi querida del libro POEMAS PENDIENTES de ARMANDO NAR ALSINA <\/a><\/span><a href='https:\/\/x.com\/intent\/tweet?url=https%3A%2F%2Fclubdepoesia.com%2Farmandonaralsina%2Fpoemas%2F&#038;text=Mi%20querida%20del%20libro%20POEMAS%20PENDIENTES%20de%20ARMANDO%20NAR%20ALSINA&#038;via=poesiaerestu&#038;related=poesiaerestu' target='_blank' class='bctt-ctt-btn'rel=\"noopener noreferrer\">Compartir en X<\/a><\/span>[\/vc_column_text][\/vc_column][\/vc_row][vc_row][vc_column extend=&#8221;false&#8221;]<div class='gambit_parallax_row' data-bg-align='' data-direction='fixed' data-opacity='100' data-velocity='-0.3' data-mobile-enabled='' data-bg-height='480' data-bg-width='752' data-bg-image='https:\/\/clubdepoesia.com\/armandonaralsina\/files\/2018\/05\/pen-1245723_1920-752480.jpg' data-bg-repeat='false' data-id='' style='display: none'><\/div><div class=\"gambit_fullheight_row\" data-content-location=\"center\" style=\"display: none\"><\/div>[\/vc_column][\/vc_row][vc_row][vc_column extend=&#8221;false&#8221;][vc_column_text]\n<h1><a name=\"_Toc507948196\"><\/a><\/h1>\n<h1><a name=\"_Toc509157648\"><\/a><\/h1>\n<h1><a name=\"_Toc512503067\"><\/a><strong>De donde es uno<\/strong><\/h1>\n<p>&nbsp;<\/p>\n<p>Uno es de donde siempre quiere volver,<\/p>\n<p>del lugar donde una mirada lo hizo partir;<\/p>\n<p>tambi\u00e9n de donde se tiene miedo de ir y<\/p>\n<p>donde ning\u00fan pecado se puede absolver.<\/p>\n<p>&nbsp;<\/p>\n<p>Uno de es de ah\u00ed, donde se deja de ser uno<\/p>\n<p>para ser dos, \u00a1pues ser solo uno, es dividir!<\/p>\n<p>De donde uno va y ya no quiere morir,<\/p>\n<p>all\u00e1 de donde el coraz\u00f3n quiere pertenecer.<\/p>\n<p>&nbsp;<\/p>\n<p>Se es de aqu\u00ed, de all\u00e1, y de alg\u00fan atardecer,<\/p>\n<p>del exceso de soledad hasta dejar de sufrir.<\/p>\n<p>Se es del lugar que uno extra\u00f1a y quiere llorar<\/p>\n<p>pero que luego recuerda y solo puede sonre\u00edr.<\/p>\n<p>&nbsp;<\/p>\n<p>Se es de Madrid, Par\u00eds y Marrakech,<\/p>\n<p>forastero en Asunci\u00f3n, Corrientes o Santander.<\/p>\n<p>Soy de aquella patria o lugar que no se puede describir;<\/p>\n<p>de un coraz\u00f3n que no me puede volver a recibir.<\/p>\n<p>&nbsp;<\/p>\n<p>Madrid 2018<\/p>\n<h1><strong>\u00a0<\/strong><\/h1>\n<span class='bctt-click-to-tweet'><span class='bctt-ctt-text'><a href='https:\/\/x.com\/intent\/tweet?url=https%3A%2F%2Fclubdepoesia.com%2Farmandonaralsina%2Fpoemas%2F&#038;text=De%20donde%20es%20uno%20del%20libro%20POEMAS%20PENDIENTES%20de%20ARMANDO%20NAR%20ALSINA&#038;via=poesiaerestu&#038;related=poesiaerestu' target='_blank'rel=\"noopener noreferrer\">De donde es uno del libro POEMAS PENDIENTES de ARMANDO NAR ALSINA <\/a><\/span><a href='https:\/\/x.com\/intent\/tweet?url=https%3A%2F%2Fclubdepoesia.com%2Farmandonaralsina%2Fpoemas%2F&#038;text=De%20donde%20es%20uno%20del%20libro%20POEMAS%20PENDIENTES%20de%20ARMANDO%20NAR%20ALSINA&#038;via=poesiaerestu&#038;related=poesiaerestu' target='_blank' class='bctt-ctt-btn'rel=\"noopener noreferrer\">Compartir en X<\/a><\/span>[\/vc_column_text][\/vc_column][\/vc_row][vc_row][vc_column extend=&#8221;false&#8221;]<div class='gambit_parallax_row' data-bg-align='' data-direction='fixed' data-opacity='100' data-velocity='-0.3' data-mobile-enabled='' data-bg-height='480' data-bg-width='719' data-bg-image='https:\/\/clubdepoesia.com\/armandonaralsina\/files\/2018\/05\/pen-2589867_1920-719480.jpg' data-bg-repeat='false' data-id='' style='display: none'><\/div><div class=\"gambit_fullheight_row\" data-content-location=\"center\" style=\"display: none\"><\/div>[\/vc_column][\/vc_row][vc_row][vc_column extend=&#8221;false&#8221;][vc_column_text css=&#8221;.vc_custom_1525813894202{margin-top: -30000px !important;}&#8221;]\n<h1><strong><em><u>Poes\u00eda del libro POEMAS PENDIENTES de . El escritor nos da una muestra tras publicar un libro.<\/u><\/em><\/strong><\/h1>\n<h2><strong><em><u>Poes\u00eda del libro POEMAS PENDIENTES de . El poeta nos da una muestra tras publicar un libro.<\/u><\/em><\/strong><\/h2>\n<h3><strong><em><u>Poes\u00eda del libro POEMAS PENDIENTES de . El autor nos da una muestra tras publicar un libro.<\/u><\/em><\/strong><\/h3>\n<h4><strong><em><u><img fetchpriority=\"high\" decoding=\"async\" class=\"aligncenter size-full wp-image-29\" src=\"https:\/\/clubdepoesia.com\/armandonaralsina\/files\/2018\/05\/book2Poemaspendientes.png\" alt=\"Poes\u00eda del libro Poemas pendientes de Armando Nar Alsina\" width=\"839\" height=\"794\" srcset=\"https:\/\/clubdepoesia.com\/armandonaralsina\/files\/2018\/05\/book2Poemaspendientes.png 839w, https:\/\/clubdepoesia.com\/armandonaralsina\/files\/2018\/05\/book2Poemaspendientes-300x284.png 300w, https:\/\/clubdepoesia.com\/armandonaralsina\/files\/2018\/05\/book2Poemaspendientes-768x727.png 768w\" sizes=\"(max-width: 839px) 100vw, 839px\" \/>Poes\u00eda del libro POEMAS PENDIENTES de . El autor nos da una muestra tras publicar un libro.<\/u><\/em><\/strong><\/h4>\n<h5><strong><em><u>Poes\u00eda del libro POEMAS PENDIENTES de . El autor nos da una muestra tras publicar un libro.<\/u><\/em><\/strong><\/h5>\n[\/vc_column_text][\/vc_column][\/vc_row]\n<\/div>","protected":false},"excerpt":{"rendered":"<p>[vc_row][vc_column extend=&#8221;false&#8221;][vc_column_text css=&#8221;.vc_custom_1525813894202{margin-top: -30000px !important;}&#8221;] Poes\u00eda del libro POEMAS PENDIENTES de . El escritor nos da una muestra tras publicar un libro. Poes\u00eda del libro POEMAS PENDIENTES de . El poeta nos da una muestra tras publicar un libro. Poes\u00eda del libro POEMAS PENDIENTES de . El autor nos da una muestra tras publicar un [&hellip;]<\/p>\n","protected":false},"author":24,"featured_media":0,"parent":0,"menu_order":3,"comment_status":"closed","ping_status":"closed","template":"","meta":{"footnotes":"","_links_to":"","_links_to_target":""},"class_list":["post-69","page","type-page","status-publish","hentry"],"_links":{"self":[{"href":"https:\/\/clubdepoesia.com\/armandonaralsina\/wp-json\/wp\/v2\/pages\/69","targetHints":{"allow":["GET"]}}],"collection":[{"href":"https:\/\/clubdepoesia.com\/armandonaralsina\/wp-json\/wp\/v2\/pages"}],"about":[{"href":"https:\/\/clubdepoesia.com\/armandonaralsina\/wp-json\/wp\/v2\/types\/page"}],"author":[{"embeddable":true,"href":"https:\/\/clubdepoesia.com\/armandonaralsina\/wp-json\/wp\/v2\/users\/24"}],"replies":[{"embeddable":true,"href":"https:\/\/clubdepoesia.com\/armandonaralsina\/wp-json\/wp\/v2\/comments?post=69"}],"version-history":[{"count":0,"href":"https:\/\/clubdepoesia.com\/armandonaralsina\/wp-json\/wp\/v2\/pages\/69\/revisions"}],"wp:attachment":[{"href":"https:\/\/clubdepoesia.com\/armandonaralsina\/wp-json\/wp\/v2\/media?parent=69"}],"curies":[{"name":"wp","href":"https:\/\/api.w.org\/{rel}","templated":true}]}}