{"id":5,"date":"2012-06-28T18:21:19","date_gmt":"2012-06-28T18:21:19","guid":{"rendered":"http:\/\/clubdepoesia.com\/antoniogildezuniga\/?page_id=5"},"modified":"2017-08-09T08:47:18","modified_gmt":"2017-08-09T08:47:18","slug":"antonio-gil-de-zuniga","status":"publish","type":"page","link":"https:\/\/clubdepoesia.com\/antoniogildezuniga\/","title":{"rendered":"Antonio Gil de Zu\u00f1iga"},"content":{"rendered":"<div class=\"wpb-content-wrapper\">[vc_row][vc_column extend=&#8221;false&#8221;][vc_column_text css=&#8221;.vc_custom_1502268282505{margin-top: -30000px !important;}&#8221;]<span style=\"text-decoration: underline;\"><em><strong>Antonio Gil de Zu\u00f1iga<\/strong><\/em> es el <em><strong>escritor<\/strong><\/em><em> de <a href=\"https:\/\/clubdepoesia.com\/antoniogildezuniga\/palabras-para-este-tiempo\/\"><strong>Palabras para este tiempo<\/strong><\/a><\/em>.\u00a0<em><strong>Antonio Gil de Zu\u00f1iga<\/strong><\/em> acaba de <a href=\"http:\/\/publicarunlibro.gdn\"><em><strong>publicar un libro<\/strong><\/em><\/a>:\u00a0<em><a href=\"https:\/\/clubdepoesia.com\/antoniogildezuniga\/palabras-para-este-tiempo\/\"><strong>Palabras para este tiempo<\/strong><\/a><\/em> de poes\u00eda con la <em><strong>Editorial Poes\u00eda eres t\u00fa<\/strong><\/em><\/span><\/p>\n<h1><span style=\"text-decoration: underline;\"><em><strong><a href=\"https:\/\/clubdepoesia.com\/antoniogildezuniga\/files\/2012\/06\/CubiertasPalabras.jpg\"><img fetchpriority=\"high\" decoding=\"async\" class=\"aligncenter size-full wp-image-6\" src=\"https:\/\/clubdepoesia.com\/antoniogildezuniga\/files\/2012\/06\/CubiertasPalabras.jpg\" alt=\"Antonio Gil de Zu\u00f1iga es el escritor de Palabras para este tiempo. Antonio Gil de Zu\u00f1iga acaba de publicar un libro: Palabras para este tiempo de poes\u00eda con la Editorial Poes\u00eda eres t\u00fa\" width=\"572\" height=\"790\" srcset=\"https:\/\/clubdepoesia.com\/antoniogildezuniga\/files\/2012\/06\/CubiertasPalabras.jpg 572w, https:\/\/clubdepoesia.com\/antoniogildezuniga\/files\/2012\/06\/CubiertasPalabras-217x300.jpg 217w, https:\/\/clubdepoesia.com\/antoniogildezuniga\/files\/2012\/06\/CubiertasPalabras-250x345.jpg 250w\" sizes=\"(max-width: 572px) 100vw, 572px\" \/><\/a><a href=\"https:\/\/clubdepoesia.com\/antoniogildezuniga\/palabras-para-este-tiempo\/\">Palabras para este tiempo<\/a> ha sido escrito por <\/strong><\/em><em><strong>Antonio Gil de Zu\u00f1iga. Antonio Gil de Zu\u00f1iga acaba de <a href=\"http:\/\/publicarunlibro.ovh\">publicar un libro<\/a> de poes\u00eda con la Editorial Poes\u00eda eres t\u00fa<\/strong><\/em><\/span><\/h1>\n<h2><span style=\"text-decoration: underline;\"><em><strong>Antonio Gil de Zu\u00f1iga es el escritor de <\/strong><\/em><\/span><em><a href=\"https:\/\/clubdepoesia.com\/antoniogildezuniga\/palabras-para-este-tiempo\/\"><strong>Palabras para este tiempo<\/strong><\/a><\/em><span style=\"text-decoration: underline;\"><em><strong>. Antonio Gil de Zu\u00f1iga acaba de <a href=\"http:\/\/publicarunlibro.pro\">publicar un libro<\/a> de poes\u00eda con la Editorial Poes\u00eda eres t\u00fa<\/strong><\/em><\/span><\/h2>\n<h3><span style=\"text-decoration: underline;\"><em><strong>Antonio Gil de Zu\u00f1iga es el escritor de <\/strong><\/em><em><a href=\"https:\/\/clubdepoesia.com\/antoniogildezuniga\/palabras-para-este-tiempo\/\"><strong>Palabras para este tiempo<\/strong><\/a><\/em><em><strong>.\u00a0<\/strong><\/em><em><strong>Antonio Gil de Zu\u00f1iga <\/strong><\/em><em><strong>acaba de <a href=\"http:\/\/publicarunlibro.xyz\">publicar un libro<\/a> de poes\u00eda con la Editorial Poes\u00eda eres t\u00fa<\/strong><\/em><\/span><\/h3>\n<h3><span style=\"text-decoration: underline;\"><em><strong>Antonio Gil de Zu\u00f1iga es el escritor de <\/strong><\/em><em><a href=\"https:\/\/clubdepoesia.com\/antoniogildezuniga\/palabras-para-este-tiempo\/\"><strong>Palabras para este tiempo<\/strong><\/a><\/em><em><strong>. Antonio Gil de Zu\u00f1iga acaba de <a href=\"http:\/\/publicarunlibro.info\">publicar un libro<\/a> de poes\u00eda con la Editorial Poes\u00eda eres t\u00fa<\/strong><\/em><\/span><\/h3>\n<p>&nbsp;<\/p>\n<p><span style=\"text-decoration: underline;\"><em><strong>El <a href=\"http:\/\/grupoeditorialperezayala.com\">Grupo Editorial P\u00e9rez-Ayala<\/a>, est\u00e1 formado por los siguientes sellos <a href=\"http:\/\/editorialpoesia.com\" target=\"_blank\" rel=\"noopener noreferrer\">editoriales<\/a>: <a href=\"http:\/\/poesiaerestu.com\" target=\"_blank\" rel=\"noopener noreferrer\">Editorial Poes\u00eda eres t\u00fa<\/a>, <a href=\"http:\/\/edicionesrilke.com\" target=\"_blank\" rel=\"noopener noreferrer\">Ediciones Rilke<\/a> <a href=\"http:\/\/editorialpoesia.com\" target=\"_blank\" rel=\"noopener noreferrer\">Editorial poes\u00eda<\/a>, <a href=\"http:\/\/editorial.org.es\" target=\"_blank\" rel=\"noopener noreferrer\">Editorial<\/a> <a href=\"http:\/\/edicionesamaniel.com\" target=\"_blank\" rel=\"noopener noreferrer\">Ediciones Amaniel<\/a>, <a href=\"http:\/\/editorial.org.es\" target=\"_blank\" rel=\"noopener noreferrer\">Editorial<\/a> <a href=\"http:\/\/edicionesazorin.com\" target=\"_blank\" rel=\"noopener noreferrer\">Ediciones Azor\u00edn un sello regional para Alicante y Murcia<\/a>.<\/strong><\/em><\/span><\/p>\n<p><span style=\"text-decoration: underline;\"><em><strong>Para ayudar a la promoci\u00f3n de los libros contamos con diferentes plataformas en internet como <a href=\"http:\/\/poesiatv.com\" target=\"_blank\" rel=\"noopener noreferrer\">Poes\u00eda Televisi\u00f3n<\/a>, <a href=\"http:\/\/librodepoesia.com\" target=\"_blank\" rel=\"noopener noreferrer\">libro de poes\u00eda<\/a>, Club de poes\u00eda, Blog de escritor, Blog de poes\u00eda, <a href=\"https:\/\/agenciadellibro.com\" target=\"_blank\" rel=\"noopener noreferrer\">Agencia del libro<\/a>, Plataforma IV Centenario, Primer centenario, Nuestras librerias, <a href=\"http:\/\/publicarlibro.com.es\" target=\"_blank\" rel=\"noopener noreferrer\">Publicar libro<\/a> &#8211; <a href=\"http:\/\/publicarlibro.es\" target=\"_blank\" rel=\"noopener noreferrer\">Publicar un libro<\/a>, Revista Poes\u00eda eres t\u00fa, Antolog\u00edas po\u00e9ticas, <a href=\"http:\/\/poesiapoetas.com\" target=\"_blank\" rel=\"noopener noreferrer\">Poes\u00eda y poetas<\/a>, Gloria Fuertes, Blas de Otero, Rub\u00e9n Dar\u00edo<\/strong><\/em><\/span><\/p>\n<p><span style=\"text-decoration: underline;\"><em><strong>Trabajamos con distribuidoras de libros que acercan los libros a las librer\u00edas, pero contamos tambi\u00e9n con las siguientes librerias de apoyo en internet para que ning\u00fan lector se quede sin su <a href=\"http:\/\/librodepoesia.com\" target=\"_blank\" rel=\"noopener noreferrer\">libro de poes\u00eda<\/a>: Libreria GEPA, Libreria Website, La librer\u00eda del escritor, El rinc\u00f3n de los libros.<\/strong><\/em><\/span><\/p>\n<p><span style=\"text-decoration: underline;\"><em><strong>As\u00ed mismo colaboramos con la <a href=\"http:\/\/editorespoesia.com\">Asociaci\u00f3n de editores de poes\u00eda<\/a> y la <a href=\"http:\/\/escritoresycriticos.com\" target=\"_blank\" rel=\"noopener noreferrer\">Asociaci\u00f3n Madrile\u00f1a de escritores y cr\u00edticos literarios<\/a> (<a href=\"http:\/\/escritoresycriticos.com\" target=\"_blank\" rel=\"noopener noreferrer\">Cr\u00edtica de Madrid<\/a>).<\/strong><\/em><\/span><\/p>\n<p><span style=\"text-decoration: underline;\"><em><strong>Trabajamos con varias imprentas y contamos con nuestra propia <a href=\"http:\/\/artesgraficas.info\/\">imprenta<\/a> Herederos de Izquierdo y Madrid impresores.<\/strong><\/em><\/span><\/p>\n<p><span style=\"text-decoration: underline;\"><em><strong>Puedes conocernos en nuestra p\u00e1gina del Grupo Editorial. Contamos con una sede en Madrid y otra en Jumilla (Murcia)<\/strong><\/em><\/span><\/p>\n<p><span style=\"text-decoration: underline;\"><em><strong>Somos especialitas en la edici\u00f3n del <a href=\"http:\/\/libropoesia.com\/\" target=\"_blank\" rel=\"noopener noreferrer\">libro de poes\u00eda<\/a><\/strong><\/em><\/span>[\/vc_column_text][\/vc_column][\/vc_row][vc_row][vc_column extend=&#8221;false&#8221;][vc_column_text]<a href=\"https:\/\/clubdepoesia.com\/antoniogildezuniga\/files\/2012\/06\/Imagen.jpg\"><img decoding=\"async\" class=\"alignleft size-medium wp-image-7\" title=\"Imagen\" src=\"https:\/\/clubdepoesia.com\/antoniogildezuniga\/files\/2012\/06\/Imagen-214x300.jpg\" alt=\"\" width=\"214\" height=\"300\" srcset=\"https:\/\/clubdepoesia.com\/antoniogildezuniga\/files\/2012\/06\/Imagen-214x300.jpg 214w, https:\/\/clubdepoesia.com\/antoniogildezuniga\/files\/2012\/06\/Imagen.jpg 240w\" sizes=\"(max-width: 214px) 100vw, 214px\" \/><\/a>Antonio Gil de Z\u00fa\u00f1iga y Mu\u00f1oz, (Villar de Rena (Badajoz), 1941).<\/p>\n<p>&nbsp;<\/p>\n<p>Doctor en Filosof\u00eda (Madrid) y Licenciado en Teolog\u00eda (Salamanca).<\/p>\n<p>&nbsp;<\/p>\n<p>Catedr\u00e1tico (jubilado) de Bachillerato, en la especialidad de Filolog\u00eda Hisp\u00e1nica.<\/p>\n<p>&nbsp;<\/p>\n<p>En 1968 public\u00f3 <em>\u00bfEs posible la fraternidad humana? <\/em>(Editorial Euram\u00e9rica, Madrid), obra patrocinada por C\u00e1ritas Nacional; en 2011 <em>\u00c9tica y fenomenolog\u00eda religiosa en la po\u00e9tica de Blas de Otero<\/em> (Editorial ADG-N, Valencia), obra patrocinada por la Universidad Carlos III de Madrid. Editorialista y articulista de\u00a0 <em>Villaviciosa 616 <\/em>(www.villaviciosa616.org), articulista de <em>Libertarias <\/em>y de www.vecinosvilla.es. En el a\u00f1o 2012 publica su poemario Palabras para este teimpo en la Editorial Poes\u00eda eres t\u00fa.<\/p>\n<p>&nbsp;<\/p>\n<p>Entre sus proyectos m\u00e1s inmediatos est\u00e1 la defensa de la tesis doctoral de Teolog\u00eda y la obra, pendiente de publicaci\u00f3n, \u00c9tica laica, solidaridad <em>y\/o fraternidad.<\/em>[\/vc_column_text][\/vc_column][\/vc_row][vc_row][vc_column extend=&#8221;false&#8221;][vc_column_text css=&#8221;.vc_custom_1502268333883{margin-top: -30000px !important;}&#8221;]\n<p><span style=\"text-decoration: underline;\"><em><strong>El <a href=\"http:\/\/grupoeditorialperezayala.com\">Grupo Editorial P\u00e9rez-Ayala<\/a>, est\u00e1 formado por los siguientes sellos <a href=\"http:\/\/editorialpoesia.com\" target=\"_blank\" rel=\"noopener noreferrer\">editoriales<\/a>: <a href=\"http:\/\/poesiaerestu.com\" target=\"_blank\" rel=\"noopener noreferrer\">Editorial Poes\u00eda eres t\u00fa<\/a>, <a href=\"http:\/\/edicionesrilke.com\" target=\"_blank\" rel=\"noopener noreferrer\">Ediciones Rilke<\/a> <a href=\"http:\/\/editorialpoesia.com\" target=\"_blank\" rel=\"noopener noreferrer\">Editorial poes\u00eda<\/a>, <a href=\"http:\/\/editorial.org.es\" target=\"_blank\" rel=\"noopener noreferrer\">Editorial<\/a> <a href=\"http:\/\/edicionesamaniel.com\" target=\"_blank\" rel=\"noopener noreferrer\">Ediciones Amaniel<\/a>, <a href=\"http:\/\/editorial.org.es\" target=\"_blank\" rel=\"noopener noreferrer\">Editorial<\/a> <a href=\"http:\/\/edicionesazorin.com\" target=\"_blank\" rel=\"noopener noreferrer\">Ediciones Azor\u00edn un sello regional para Alicante y Murcia<\/a>.<\/strong><\/em><\/span><\/p>\n<p><span style=\"text-decoration: underline;\"><em><strong>Para ayudar a la promoci\u00f3n de los libros contamos con diferentes plataformas en internet como <a href=\"http:\/\/poesiatv.com\" target=\"_blank\" rel=\"noopener noreferrer\">Poes\u00eda Televisi\u00f3n<\/a>, <a href=\"http:\/\/librodepoesia.com\" target=\"_blank\" rel=\"noopener noreferrer\">libro de poes\u00eda<\/a>, Club de poes\u00eda, Blog de escritor, Blog de poes\u00eda, <a href=\"https:\/\/agenciadellibro.com\" target=\"_blank\" rel=\"noopener noreferrer\">Agencia del libro<\/a>, Plataforma IV Centenario, Primer centenario, Nuestras librerias, <a href=\"http:\/\/publicarlibro.com.es\" target=\"_blank\" rel=\"noopener noreferrer\">Publicar libro<\/a> &#8211; <a href=\"http:\/\/publicarlibro.es\" target=\"_blank\" rel=\"noopener noreferrer\">Publicar un libro<\/a>, Revista Poes\u00eda eres t\u00fa, Antolog\u00edas po\u00e9ticas, <a href=\"http:\/\/poesiapoetas.com\" target=\"_blank\" rel=\"noopener noreferrer\">Poes\u00eda y poetas<\/a>, Gloria Fuertes, Blas de Otero, Rub\u00e9n Dar\u00edo<\/strong><\/em><\/span><\/p>\n<p><span style=\"text-decoration: underline;\"><em><strong>Trabajamos con distribuidoras de libros que acercan los libros a las librer\u00edas, pero contamos tambi\u00e9n con las siguientes librerias de apoyo en internet para que ning\u00fan lector se quede sin su <a href=\"http:\/\/librodepoesia.com\" target=\"_blank\" rel=\"noopener noreferrer\">libro de poes\u00eda<\/a>: Libreria GEPA, Libreria Website, La librer\u00eda del escritor, El rinc\u00f3n de los libros.<\/strong><\/em><\/span><\/p>\n<p><span style=\"text-decoration: underline;\"><em><strong>As\u00ed mismo colaboramos con la <a href=\"http:\/\/editorespoesia.com\">Asociaci\u00f3n de editores de poes\u00eda<\/a> y la <a href=\"http:\/\/escritoresycriticos.com\" target=\"_blank\" rel=\"noopener noreferrer\">Asociaci\u00f3n Madrile\u00f1a de escritores y cr\u00edticos literarios<\/a> (<a href=\"http:\/\/escritoresycriticos.com\" target=\"_blank\" rel=\"noopener noreferrer\">Cr\u00edtica de Madrid<\/a>).<\/strong><\/em><\/span><\/p>\n<p><span style=\"text-decoration: underline;\"><em><strong>Trabajamos con varias imprentas y contamos con nuestra propia <a href=\"http:\/\/artesgraficas.info\/\">imprenta<\/a> Herederos de Izquierdo y Madrid impresores.<\/strong><\/em><\/span><\/p>\n<p><span style=\"text-decoration: underline;\"><em><strong>Puedes conocernos en nuestra p\u00e1gina del Grupo Editorial. Contamos con una sede en Madrid y otra en Jumilla (Murcia)<\/strong><\/em><\/span><\/p>\n<p><span style=\"text-decoration: underline;\"><em><strong>Somos especialitas en la edici\u00f3n del <a href=\"http:\/\/libropoesia.com\/\" target=\"_blank\" rel=\"noopener noreferrer\">libro de poes\u00eda<\/a><\/strong><\/em><\/span><\/p>\n<p><em><strong>Antonio Gil de Zu\u00f1iga<\/strong><\/em> es el <em><strong>escritor<\/strong><\/em><em> de <a href=\"https:\/\/clubdepoesia.com\/antoniogildezuniga\/palabras-para-este-tiempo\/\"><strong>Palabras para este tiempo<\/strong><\/a><\/em>.\u00a0<em><strong>Antonio Gil de Zu\u00f1iga<\/strong><\/em> acaba de <a href=\"http:\/\/publicarunlibro.gdn\"><em><strong>publicar un libro<\/strong><\/em><\/a>:\u00a0<em><a href=\"https:\/\/clubdepoesia.com\/antoniogildezuniga\/palabras-para-este-tiempo\/\"><strong>Palabras para este tiempo<\/strong><\/a><\/em> de poes\u00eda con la <em><strong>Editorial Poes\u00eda eres t\u00fa<\/strong><\/em><\/p>\n<h1><em><strong><a href=\"https:\/\/clubdepoesia.com\/antoniogildezuniga\/files\/2012\/06\/CubiertasPalabras.jpg\"><img fetchpriority=\"high\" decoding=\"async\" class=\"aligncenter size-full wp-image-6\" src=\"https:\/\/clubdepoesia.com\/antoniogildezuniga\/files\/2012\/06\/CubiertasPalabras.jpg\" alt=\"Antonio Gil de Zu\u00f1iga es el escritor de Palabras para este tiempo. Antonio Gil de Zu\u00f1iga acaba de publicar un libro: Palabras para este tiempo de poes\u00eda con la Editorial Poes\u00eda eres t\u00fa\" width=\"572\" height=\"790\" srcset=\"https:\/\/clubdepoesia.com\/antoniogildezuniga\/files\/2012\/06\/CubiertasPalabras.jpg 572w, https:\/\/clubdepoesia.com\/antoniogildezuniga\/files\/2012\/06\/CubiertasPalabras-217x300.jpg 217w, https:\/\/clubdepoesia.com\/antoniogildezuniga\/files\/2012\/06\/CubiertasPalabras-250x345.jpg 250w\" sizes=\"(max-width: 572px) 100vw, 572px\" \/><\/a><a href=\"https:\/\/clubdepoesia.com\/antoniogildezuniga\/palabras-para-este-tiempo\/\">Palabras para este tiempo<\/a> ha sido escrito por <\/strong><\/em><em><strong>Antonio Gil de Zu\u00f1iga. Antonio Gil de Zu\u00f1iga acaba de <a href=\"http:\/\/publicarunlibro.ovh\">publicar un libro<\/a> de poes\u00eda con la Editorial Poes\u00eda eres t\u00fa<\/strong><\/em><\/h1>\n<h2><em><strong>Antonio Gil de Zu\u00f1iga es el escritor de <\/strong><\/em><em><a href=\"https:\/\/clubdepoesia.com\/antoniogildezuniga\/palabras-para-este-tiempo\/\"><strong>Palabras para este tiempo<\/strong><\/a><\/em><em><strong>. Antonio Gil de Zu\u00f1iga acaba de <a href=\"http:\/\/publicarunlibro.pro\">publicar un libro<\/a> de poes\u00eda con la Editorial Poes\u00eda eres t\u00fa<\/strong><\/em><\/h2>\n<h3><em><strong>Antonio Gil de Zu\u00f1iga es el escritor de <\/strong><\/em><em><a href=\"https:\/\/clubdepoesia.com\/antoniogildezuniga\/palabras-para-este-tiempo\/\"><strong>Palabras para este tiempo<\/strong><\/a><\/em><em><strong>.\u00a0<\/strong><\/em><em><strong>Antonio Gil de Zu\u00f1iga <\/strong><\/em><em><strong>acaba de <a href=\"http:\/\/publicarunlibro.xyz\">publicar un libro<\/a> de poes\u00eda con la Editorial Poes\u00eda eres t\u00fa<\/strong><\/em><\/h3>\n<h3><em><strong>Antonio Gil de Zu\u00f1iga es el escritor de <\/strong><\/em><em><a href=\"https:\/\/clubdepoesia.com\/antoniogildezuniga\/palabras-para-este-tiempo\/\"><strong>Palabras para este tiempo<\/strong><\/a><\/em><em><strong>. Antonio Gil de Zu\u00f1iga acaba de <a href=\"http:\/\/publicarunlibro.info\">publicar un libro<\/a> de poes\u00eda con la Editorial Poes\u00eda eres t\u00fa<\/strong><\/em><\/h3>\n[\/vc_column_text][\/vc_column][\/vc_row]\n<\/div>","protected":false},"excerpt":{"rendered":"<p>[vc_row][vc_column extend=&#8221;false&#8221;][vc_column_text css=&#8221;.vc_custom_1502268282505{margin-top: -30000px !important;}&#8221;]Antonio Gil de Zu\u00f1iga es el escritor de Palabras para este tiempo.\u00a0Antonio Gil de Zu\u00f1iga acaba de publicar un libro:\u00a0Palabras para este tiempo de poes\u00eda con la Editorial Poes\u00eda eres t\u00fa Palabras para este tiempo ha sido escrito por Antonio Gil de Zu\u00f1iga. Antonio Gil de Zu\u00f1iga acaba de publicar un [&hellip;]<\/p>\n","protected":false},"author":24,"featured_media":0,"parent":0,"menu_order":0,"comment_status":"closed","ping_status":"closed","template":"","meta":{"footnotes":"","_links_to":"","_links_to_target":""},"class_list":["post-5","page","type-page","status-publish","hentry"],"_links":{"self":[{"href":"https:\/\/clubdepoesia.com\/antoniogildezuniga\/wp-json\/wp\/v2\/pages\/5","targetHints":{"allow":["GET"]}}],"collection":[{"href":"https:\/\/clubdepoesia.com\/antoniogildezuniga\/wp-json\/wp\/v2\/pages"}],"about":[{"href":"https:\/\/clubdepoesia.com\/antoniogildezuniga\/wp-json\/wp\/v2\/types\/page"}],"author":[{"embeddable":true,"href":"https:\/\/clubdepoesia.com\/antoniogildezuniga\/wp-json\/wp\/v2\/users\/24"}],"replies":[{"embeddable":true,"href":"https:\/\/clubdepoesia.com\/antoniogildezuniga\/wp-json\/wp\/v2\/comments?post=5"}],"version-history":[{"count":0,"href":"https:\/\/clubdepoesia.com\/antoniogildezuniga\/wp-json\/wp\/v2\/pages\/5\/revisions"}],"wp:attachment":[{"href":"https:\/\/clubdepoesia.com\/antoniogildezuniga\/wp-json\/wp\/v2\/media?parent=5"}],"curies":[{"name":"wp","href":"https:\/\/api.w.org\/{rel}","templated":true}]}}