{"id":48,"date":"2018-11-25T18:04:23","date_gmt":"2018-11-25T18:04:23","guid":{"rendered":"https:\/\/clubdepoesia.com\/antoniofernandezmontoya\/?page_id=48"},"modified":"2018-11-25T21:07:27","modified_gmt":"2018-11-25T21:07:27","slug":"poesia","status":"publish","type":"page","link":"https:\/\/clubdepoesia.com\/antoniofernandezmontoya\/poesia\/","title":{"rendered":"Poes\u00eda"},"content":{"rendered":"<div class=\"wpb-content-wrapper\">[vc_row][vc_column extend=&#8221;false&#8221;][vc_column_text css=&#8221;.vc_custom_1541972679710{margin-top: -30000px !important;}&#8221;]\n<h1><strong><em><u>Poes\u00eda del libro ESTRIANDO BAJO LA LUNA de ANTONIO FERN\u00c1NDEZ MONTOYA. El escritor nos da una muestra tras publicar un libro.<\/u><\/em><\/strong><\/h1>\n<h2><strong><em><u><img fetchpriority=\"high\" decoding=\"async\" class=\"alignleft size-medium wp-image-4\" src=\"https:\/\/clubdepoesia.com\/antoniofernandezmontoya\/files\/2018\/11\/Estriando-bajo-la-luna-libro-de-poesia-211x300.jpg\" alt=\"Estriando bajo la luna libro de poesia\" width=\"211\" height=\"300\" srcset=\"https:\/\/clubdepoesia.com\/antoniofernandezmontoya\/files\/2018\/11\/Estriando-bajo-la-luna-libro-de-poesia-211x300.jpg 211w, https:\/\/clubdepoesia.com\/antoniofernandezmontoya\/files\/2018\/11\/Estriando-bajo-la-luna-libro-de-poesia.jpg 559w\" sizes=\"(max-width: 211px) 100vw, 211px\" \/>Poes\u00eda del libro ESTRIANDO BAJO LA LUNA de ANTONIO FERN\u00c1NDEZ MONTOYA El poeta nos da una muestra tras publicar un libro.<\/u><\/em><\/strong><\/h2>\n<h3><strong><em><u>Poes\u00eda del libro ESTRIANDO BAJO LA LUNA de ANTONIO FERN\u00c1NDEZ MONTOYA El autor nos da una muestra tras publicar un libro.<\/u><\/em><\/strong><\/h3>\n<h4><strong><em><u>Poes\u00eda del libro ESTRIANDO BAJO LA LUNA de ANTONIO FERN\u00c1NDEZ MONTOYA El autor nos da una muestra tras publicar un libro.<\/u><\/em><\/strong><\/h4>\n<h5><strong><em><u>Poes\u00eda del libro ESTRIANDO BAJO LA LUNA de ANTONIO FERN\u00c1NDEZ MONTOYA El autor nos da una muestra tras publicar un libro.<\/u><\/em><\/strong><\/h5>\n[\/vc_column_text][\/vc_column][\/vc_row][vc_row][vc_column extend=&#8221;false&#8221;]<div class='gambit_parallax_row' data-bg-align='' data-direction='fixed' data-opacity='100' data-velocity='-0.3' data-mobile-enabled='' data-bg-height='1090' data-bg-width='768' data-bg-image='https:\/\/clubdepoesia.com\/antoniofernandezmontoya\/files\/2018\/11\/ColoryNegroEstriandobajolaluna-Mediano.jpg' data-bg-repeat='false' data-id='' style='display: none'><\/div><div class=\"gambit_fullheight_row\" data-content-location=\"center\" style=\"display: none\"><\/div>[\/vc_column][\/vc_row][vc_row][vc_column extend=&#8221;false&#8221;][vc_column_text]\n<h1>&nbsp;<\/h1>\n<h1><a name=\"_Toc526871150\"><\/a><strong>Corre<\/strong><\/h1>\n<p>&nbsp;<\/p>\n<p>Corre, compra, curra, paga.<\/p>\n<p>Trabaja m\u00e1s o naufraga,<\/p>\n<p>siempre tarde,<\/p>\n<p>nunca de balde.<\/p>\n<p>&nbsp;<\/p>\n<p>Vamos, compra un poco m\u00e1s<\/p>\n<p>no sea que tu vecino te deje atr\u00e1s.<\/p>\n<p>Paga si puedes tu deuda,<\/p>\n<p>y sigue tejiendo la hebra<\/p>\n<p>que volver\u00e1 para condenarte,<\/p>\n<p>qu\u00e9 triste, pobre hombre,<\/p>\n<p>no sabes vivir sin asfixiarte.<\/p>\n<p>&nbsp;<\/p>\n<p>Y de repente,<\/p>\n<p>sin causa aparente,<\/p>\n<p>paguen sus cuentas,<\/p>\n<p>vamos a cerrar.<\/p>\n<p>Fin de la partida,<\/p>\n<p>que levante la mano<\/p>\n<p>quien haya vivido su vida.<\/p>\n<p>.<\/p>\n<p>&nbsp;<\/p>\n<p>&nbsp;<\/p>\n<span class='bctt-click-to-tweet'><span class='bctt-ctt-text'><a href='https:\/\/x.com\/intent\/tweet?url=https%3A%2F%2Fclubdepoesia.com%2Fantoniofernandezmontoya%2Fpoesia%2F&#038;text=Corre%C2%A0del%20libro%20ESTRIANDO%20BAJO%20LA%20LUNA%20de%20ANTONIO%20FERN%C3%81NDEZ%20MONTOYA&#038;via=poesiaerestu&#038;related=poesiaerestu' target='_blank'rel=\"noopener noreferrer\">Corre&nbsp;del libro ESTRIANDO BAJO LA LUNA de ANTONIO FERN\u00c1NDEZ MONTOYA <\/a><\/span><a href='https:\/\/x.com\/intent\/tweet?url=https%3A%2F%2Fclubdepoesia.com%2Fantoniofernandezmontoya%2Fpoesia%2F&#038;text=Corre%C2%A0del%20libro%20ESTRIANDO%20BAJO%20LA%20LUNA%20de%20ANTONIO%20FERN%C3%81NDEZ%20MONTOYA&#038;via=poesiaerestu&#038;related=poesiaerestu' target='_blank' class='bctt-ctt-btn'rel=\"noopener noreferrer\">Compartir en X<\/a><\/span>[\/vc_column_text][\/vc_column][\/vc_row][vc_row][vc_column extend=&#8221;false&#8221;]<div class='gambit_parallax_row' data-bg-align='' data-direction='fixed' data-opacity='100' data-velocity='-0.3' data-mobile-enabled='' data-bg-height='1924' data-bg-width='1924' data-bg-image='https:\/\/clubdepoesia.com\/antoniofernandezmontoya\/files\/2018\/11\/Fotolia_80790594_L.jpg' data-bg-repeat='false' data-id='' style='display: none'><\/div><div class=\"gambit_fullheight_row\" data-content-location=\"center\" style=\"display: none\"><\/div>[\/vc_column][\/vc_row][vc_row][vc_column extend=&#8221;false&#8221;][vc_column_text]\n<h1><a name=\"_Toc526871157\"><\/a><strong>Mi reloj<\/strong><\/h1>\n<p>&nbsp;<\/p>\n<p>Tengo por vida un reloj que nunca quise portar<\/p>\n<p>y ahora, junto a un peque\u00f1o ordenador<\/p>\n<p>dicta tanto los latidos de mi coraz\u00f3n<\/p>\n<p>que hace tiempo que confundo los latidos con recados<\/p>\n<p>pues mi marchito coraz\u00f3n ya no sabe latir solo,<\/p>\n<p>y de mis emociones, apenas quedan vibraciones.<\/p>\n<p>&nbsp;<\/p>\n<p>Mi reloj es de bolsillo,<\/p>\n<p>y escondido, gobierna sin brillo,<\/p>\n<p>luego, se apodera de mi mano y desde ah\u00ed,<\/p>\n<p>toma el control sin dar respiro.<\/p>\n<p>&nbsp;<\/p>\n<p>Andamos los dos cortos de memoria,<\/p>\n<p>exhaustos presos del \u00faltimo lamento<\/p>\n<p>que sepulta mi empe\u00f1o por momentos<\/p>\n<p>que se pierden sin gloria,<\/p>\n<p>como antiguos viajes en una oxidada noria.<\/p>\n<p>&nbsp;<\/p>\n<p>Mi reloj es de cadenas<\/p>\n<p>que se enredan en mi cuello<\/p>\n<p>y comprimen mis cervicales<\/p>\n<p>al comp\u00e1s de un alma que se achica<\/p>\n<p>para escapar s\u00f3lo en la soledad de los bares impopulares.<\/p>\n<p>&nbsp;<\/p>\n<p>No me olvido de que me das de comer<\/p>\n<p>y sin embargo, quisiera verte arder,<\/p>\n<p>retorci\u00e9ndote del dolor<\/p>\n<p>que s\u00e9 que nunca sentir\u00e1s,<\/p>\n<p>ese que te ahoga<\/p>\n<p>sin dejarte mirar atr\u00e1s.<\/p>\n<p>&nbsp;<\/p>\n<p>Mi reloj es de arena,<\/p>\n<p>marca in crescendo mi pena<\/p>\n<p>y grano a grano, la vida se esfuma,<\/p>\n<p>entre una niebla de dudas,<\/p>\n<p>que gota a gota se lleva mi sangre,<\/p>\n<p>para tornarla en rojo vinagre.<\/p>\n<p>&nbsp;<\/p>\n<p>&nbsp;<\/p>\n<p>&nbsp;<\/p>\n<span class='bctt-click-to-tweet'><span class='bctt-ctt-text'><a href='https:\/\/x.com\/intent\/tweet?url=https%3A%2F%2Fclubdepoesia.com%2Fantoniofernandezmontoya%2Fpoesia%2F&#038;text=Mi%20reloj%20del%20libro%20ESTRIANDO%20BAJO%20LA%20LUNA%20de%20ANTONIO%20FERN%C3%81NDEZ%20MONTOYA&#038;via=poesiaerestu&#038;related=poesiaerestu' target='_blank'rel=\"noopener noreferrer\">Mi reloj del libro ESTRIANDO BAJO LA LUNA de ANTONIO FERN\u00c1NDEZ MONTOYA <\/a><\/span><a href='https:\/\/x.com\/intent\/tweet?url=https%3A%2F%2Fclubdepoesia.com%2Fantoniofernandezmontoya%2Fpoesia%2F&#038;text=Mi%20reloj%20del%20libro%20ESTRIANDO%20BAJO%20LA%20LUNA%20de%20ANTONIO%20FERN%C3%81NDEZ%20MONTOYA&#038;via=poesiaerestu&#038;related=poesiaerestu' target='_blank' class='bctt-ctt-btn'rel=\"noopener noreferrer\">Compartir en X<\/a><\/span>[\/vc_column_text][\/vc_column][\/vc_row][vc_row][vc_column extend=&#8221;false&#8221;]<div class='gambit_parallax_row' data-bg-align='' data-direction='fixed' data-opacity='100' data-velocity='-0.3' data-mobile-enabled='' data-bg-height='693' data-bg-width='693' data-bg-image='https:\/\/clubdepoesia.com\/antoniofernandezmontoya\/files\/2018\/11\/Fotolia_1107883_S.jpg' data-bg-repeat='false' data-id='' style='display: none'><\/div><div class=\"gambit_fullheight_row\" data-content-location=\"center\" style=\"display: none\"><\/div>[\/vc_column][\/vc_row][vc_row][vc_column extend=&#8221;false&#8221;][vc_column_text]\n<h1><a name=\"_Toc526871174\"><\/a><strong>Los idiotas<\/strong><\/h1>\n<p>&nbsp;<\/p>\n<p>El mejor truco de los idiotas<\/p>\n<p>fue hacernos creer que era segura nuestra derrota<\/p>\n<p>que mejor entre nosotros pisarnos<\/p>\n<p>que perder el tiempo en elevarnos.<\/p>\n<p>&nbsp;<\/p>\n<p>S\u00f3lo existe una soluci\u00f3n,<\/p>\n<p>pero ellos ya lo saben<\/p>\n<p>y a ti te vale madres,<\/p>\n<p>la postergada educaci\u00f3n.<\/p>\n<p>&nbsp;<\/p>\n<p>Ciudadanos o pollinos<\/p>\n<p>he ah\u00ed la cuesti\u00f3n,<\/p>\n<p>con todo mi respeto para los reales equinos burros<\/p>\n<p>que lo son por nacimiento y convicci\u00f3n<\/p>\n<p>no falt\u00e1ndoles por ello valor<\/p>\n<p>para gritar por males propios y prestados<\/p>\n<p>a los pies de un vetusto y sordo Juzgado<\/p>\n<p>que de tanto archivar<\/p>\n<p>perdi\u00f3 la costumbre de escuchar.<\/p>\n<p>&nbsp;<\/p>\n<p>Cuando las v\u00edctimas son simple estad\u00edstica<\/p>\n<p>y el circo lo monta el gran archivador,<\/p>\n<p>yo siempre alzo la vista<\/p>\n<p>buscando un fraternal rebuzno<\/p>\n<p>que en forma de oportuno recurso<\/p>\n<p>desnude los borricos fundamentos<\/p>\n<p>de los mayores esperpentos.<\/p>\n<p>&nbsp;<\/p>\n<p>&nbsp;<\/p>\n<p>&nbsp;<\/p>\n<p>M\u00e1s como la sinraz\u00f3n la impone el b\u00edpedo,<\/p>\n<p>muere de desaz\u00f3n el cuadr\u00fapedo,<\/p>\n<p>qued\u00e1ndole a \u00e9l al menos el consuelo<\/p>\n<p>de expresarse como yo no puedo.<\/p>\n<p>Pensar s\u00f3lo me queda<\/p>\n<p>ideas que a fuerza abruman:<\/p>\n<p>Si el bienhechor, por no currar,<\/p>\n<p>beneficia al malhechor<\/p>\n<p>dime: \u00bfQui\u00e9n rebuzna?<\/p>\n<p>&nbsp;<\/p>\n<span class='bctt-click-to-tweet'><span class='bctt-ctt-text'><a href='https:\/\/x.com\/intent\/tweet?url=https%3A%2F%2Fclubdepoesia.com%2Fantoniofernandezmontoya%2Fpoesia%2F&#038;text=Los%20idiotas%20de%20ESTRIANDO%20BAJO%20LA%20LUNA%20de%20ANTONIO%20FERN%C3%81NDEZ%20MONTOYA&#038;via=poesiaerestu&#038;related=poesiaerestu' target='_blank'rel=\"noopener noreferrer\">Los idiotas de ESTRIANDO BAJO LA LUNA de ANTONIO FERN\u00c1NDEZ MONTOYA <\/a><\/span><a href='https:\/\/x.com\/intent\/tweet?url=https%3A%2F%2Fclubdepoesia.com%2Fantoniofernandezmontoya%2Fpoesia%2F&#038;text=Los%20idiotas%20de%20ESTRIANDO%20BAJO%20LA%20LUNA%20de%20ANTONIO%20FERN%C3%81NDEZ%20MONTOYA&#038;via=poesiaerestu&#038;related=poesiaerestu' target='_blank' class='bctt-ctt-btn'rel=\"noopener noreferrer\">Compartir en X<\/a><\/span>[\/vc_column_text][\/vc_column][\/vc_row][vc_row][vc_column extend=&#8221;false&#8221;]<div class='gambit_parallax_row' data-bg-align='' data-direction='fixed' data-opacity='100' data-velocity='-0.3' data-mobile-enabled='' data-bg-height='660' data-bg-width='727' data-bg-image='https:\/\/clubdepoesia.com\/antoniofernandezmontoya\/files\/2018\/11\/Fotolia_10417614_S.jpg' data-bg-repeat='false' data-id='' style='display: none'><\/div><div class=\"gambit_fullheight_row\" data-content-location=\"center\" style=\"display: none\"><\/div>[\/vc_column][\/vc_row][vc_row][vc_column extend=&#8221;false&#8221;][vc_column_text]\n<h1><a name=\"_Toc526871194\"><\/a><strong>Estriando bajo la luna<\/strong><\/h1>\n<p>&nbsp;<\/p>\n<p>No sientas verg\u00fcenza,<\/p>\n<p>mu\u00e9strame tu estela,<\/p>\n<p>cristal de los sue\u00f1os rotos<\/p>\n<p>de los hombres buenos.<\/p>\n<p>&nbsp;<\/p>\n<p>So\u00f1emos, cuando est\u00e9s llena,<\/p>\n<p>que aun as\u00ed, merecen la pena,<\/p>\n<p>que los sue\u00f1os puros que expiran,<\/p>\n<p>antes prenden piras radiantes<\/p>\n<p>donde arden miedos cobardes,<\/p>\n<p>fuego de los justos que en vida murieron<\/p>\n<p>muestran el camino a los que reci\u00e9n nacieron.<\/p>\n<p>&nbsp;<\/p>\n<p>Lloremos, cuando menguas,<\/p>\n<p>por los difuntos sin lengua,<\/p>\n<p>cuyo \u00faltimo aliento nadie oy\u00f3,<\/p>\n<p>salvo t\u00fa, \u00fanico testigo, borr\u00f3n<\/p>\n<p>y siempre, luna nueva.<\/p>\n<p>&nbsp;<\/p>\n<p>M\u00e1s con aliento de serpiente<\/p>\n<p>yo anotar\u00e9 las fosas crecientes,<\/p>\n<p>y con la mirada perdida,<\/p>\n<p>jugaremos esta eterna partida,<\/p>\n<p>t\u00fa iluminar\u00e1s mis dudas,<\/p>\n<p>yo seguir\u00e9 estriando bajo la luna.<\/p>\n<p>&nbsp;<\/p>\n<h1>&nbsp;<\/h1>\n<span class='bctt-click-to-tweet'><span class='bctt-ctt-text'><a href='https:\/\/x.com\/intent\/tweet?url=https%3A%2F%2Fclubdepoesia.com%2Fantoniofernandezmontoya%2Fpoesia%2F&#038;text=Estriando%20bajo%20la%20luna%C2%A0del%20libro%20ESTRIANDO%20BAJO%20LA%20LUNA%20de%20ANTONIO%20FERN%C3%81NDEZ%20MONTOYA&#038;via=poesiaerestu&#038;related=poesiaerestu' target='_blank'rel=\"noopener noreferrer\">Estriando bajo la luna&nbsp;del libro ESTRIANDO BAJO LA LUNA de ANTONIO FERN\u00c1NDEZ MONTOYA <\/a><\/span><a href='https:\/\/x.com\/intent\/tweet?url=https%3A%2F%2Fclubdepoesia.com%2Fantoniofernandezmontoya%2Fpoesia%2F&#038;text=Estriando%20bajo%20la%20luna%C2%A0del%20libro%20ESTRIANDO%20BAJO%20LA%20LUNA%20de%20ANTONIO%20FERN%C3%81NDEZ%20MONTOYA&#038;via=poesiaerestu&#038;related=poesiaerestu' target='_blank' class='bctt-ctt-btn'rel=\"noopener noreferrer\">Compartir en X<\/a><\/span>[\/vc_column_text][\/vc_column][\/vc_row][vc_row][vc_column extend=&#8221;false&#8221;]<div class='gambit_parallax_row' data-bg-align='' data-direction='fixed' data-opacity='100' data-velocity='-0.3' data-mobile-enabled='' data-bg-height='1687' data-bg-width='1126' data-bg-image='https:\/\/clubdepoesia.com\/antoniofernandezmontoya\/files\/2018\/11\/Fotolia_126950730_M.jpg' data-bg-repeat='false' data-id='' style='display: none'><\/div><div class=\"gambit_fullheight_row\" data-content-location=\"center\" style=\"display: none\"><\/div>[vc_column_text]\n<p style=\"text-align: center;\"><a class=\"fasc-button fasc-size-xlarge fasc-type-glossy fasc-rounded-medium\" style=\"background-color: #33809e; color: #ffffff;\" href=\"https:\/\/librodepoesia.com\/producto\/estriando-bajo-la-luna-antonio-fernandez-montoya\/\">Comprar el libro<\/a><\/p>\n[\/vc_column_text][\/vc_column][\/vc_row][vc_row][vc_column extend=&#8221;false&#8221;][vc_column_text css=&#8221;.vc_custom_1541972679710{margin-top: -30000px !important;}&#8221;]\n<h1><strong><em><u>Poes\u00eda del libro ESTRIANDO BAJO LA LUNA de ANTONIO FERN\u00c1NDEZ MONTOYA. El escritor nos da una muestra tras publicar un libro.<\/u><\/em><\/strong><\/h1>\n<h2><strong><em><u><img fetchpriority=\"high\" decoding=\"async\" class=\"alignleft size-medium wp-image-4\" src=\"https:\/\/clubdepoesia.com\/antoniofernandezmontoya\/files\/2018\/11\/Estriando-bajo-la-luna-libro-de-poesia-211x300.jpg\" alt=\"Estriando bajo la luna libro de poesia\" width=\"211\" height=\"300\" srcset=\"https:\/\/clubdepoesia.com\/antoniofernandezmontoya\/files\/2018\/11\/Estriando-bajo-la-luna-libro-de-poesia-211x300.jpg 211w, https:\/\/clubdepoesia.com\/antoniofernandezmontoya\/files\/2018\/11\/Estriando-bajo-la-luna-libro-de-poesia.jpg 559w\" sizes=\"(max-width: 211px) 100vw, 211px\" \/>Poes\u00eda del libro ESTRIANDO BAJO LA LUNA de ANTONIO FERN\u00c1NDEZ MONTOYA El poeta nos da una muestra tras publicar un libro.<\/u><\/em><\/strong><\/h2>\n<h3><strong><em><u>Poes\u00eda del libro ESTRIANDO BAJO LA LUNA de ANTONIO FERN\u00c1NDEZ MONTOYA El autor nos da una muestra tras publicar un libro.<\/u><\/em><\/strong><\/h3>\n<h4><strong><em><u>Poes\u00eda del libro ESTRIANDO BAJO LA LUNA de ANTONIO FERN\u00c1NDEZ MONTOYA El autor nos da una muestra tras publicar un libro.<\/u><\/em><\/strong><\/h4>\n<h5><strong><em><u>Poes\u00eda del libro ESTRIANDO BAJO LA LUNA de ANTONIO FERN\u00c1NDEZ MONTOYA El autor nos da una muestra tras publicar un libro.<\/u><\/em><\/strong><\/h5>\n[\/vc_column_text][\/vc_column][\/vc_row]\n<\/div>","protected":false},"excerpt":{"rendered":"<p>[vc_row][vc_column extend=&#8221;false&#8221;][vc_column_text css=&#8221;.vc_custom_1541972679710{margin-top: -30000px !important;}&#8221;] Poes\u00eda del libro ESTRIANDO BAJO LA LUNA de ANTONIO FERN\u00c1NDEZ MONTOYA. El escritor nos da una muestra tras publicar un libro. Poes\u00eda del libro ESTRIANDO BAJO LA LUNA de ANTONIO FERN\u00c1NDEZ MONTOYA El poeta nos da una muestra tras publicar un libro. Poes\u00eda del libro ESTRIANDO BAJO LA LUNA de [&hellip;]<\/p>\n","protected":false},"author":24,"featured_media":0,"parent":0,"menu_order":3,"comment_status":"closed","ping_status":"closed","template":"","meta":{"footnotes":"","_links_to":"","_links_to_target":""},"class_list":["post-48","page","type-page","status-publish","hentry"],"_links":{"self":[{"href":"https:\/\/clubdepoesia.com\/antoniofernandezmontoya\/wp-json\/wp\/v2\/pages\/48","targetHints":{"allow":["GET"]}}],"collection":[{"href":"https:\/\/clubdepoesia.com\/antoniofernandezmontoya\/wp-json\/wp\/v2\/pages"}],"about":[{"href":"https:\/\/clubdepoesia.com\/antoniofernandezmontoya\/wp-json\/wp\/v2\/types\/page"}],"author":[{"embeddable":true,"href":"https:\/\/clubdepoesia.com\/antoniofernandezmontoya\/wp-json\/wp\/v2\/users\/24"}],"replies":[{"embeddable":true,"href":"https:\/\/clubdepoesia.com\/antoniofernandezmontoya\/wp-json\/wp\/v2\/comments?post=48"}],"version-history":[{"count":0,"href":"https:\/\/clubdepoesia.com\/antoniofernandezmontoya\/wp-json\/wp\/v2\/pages\/48\/revisions"}],"wp:attachment":[{"href":"https:\/\/clubdepoesia.com\/antoniofernandezmontoya\/wp-json\/wp\/v2\/media?parent=48"}],"curies":[{"name":"wp","href":"https:\/\/api.w.org\/{rel}","templated":true}]}}