{"id":4,"date":"2015-05-03T19:58:21","date_gmt":"2015-05-03T19:58:21","guid":{"rendered":"http:\/\/clubdepoesia.com\/antoliniglesias\/?page_id=4"},"modified":"2017-08-09T08:36:03","modified_gmt":"2017-08-09T08:36:03","slug":"portada","status":"publish","type":"page","link":"https:\/\/clubdepoesia.com\/antoliniglesias\/","title":{"rendered":"Portada"},"content":{"rendered":"<div class=\"wpb-content-wrapper\">[vc_row][vc_column extend=&#8221;false&#8221;][vc_column_text css=&#8221;.vc_custom_1502267695891{margin-top: -30000px !important;}&#8221;]<span style=\"text-decoration: underline;\"><em><strong>Antol\u00edn Iglesias Paramo<\/strong><\/em> es el <em><strong>escritor<\/strong><\/em><em> de <strong>El rio no encontraba el mar<\/strong>\u00a0<\/em><em><strong>Antol\u00edn Iglesias Paramo<\/strong><\/em> acaba de <a href=\"http:\/\/publicarunlibro.gdn\"><em><strong>publicar un libro<\/strong><\/em><\/a>:\u00a0<em><strong>El rio no encontraba el mar<\/strong><\/em> de poes\u00eda con la <em><strong>Editorial Poes\u00eda eres t\u00fa<\/strong><\/em><\/span><\/p>\n<h1><em><strong><span style=\"text-decoration: underline;\"><a href=\"https:\/\/clubdepoesia.com\/antoliniglesias\/files\/2015\/05\/PortadaElrioqueno_Alta.jpg\"><img fetchpriority=\"high\" decoding=\"async\" class=\"aligncenter size-full wp-image-34\" src=\"https:\/\/clubdepoesia.com\/antoliniglesias\/files\/2015\/05\/PortadaElrioqueno_Alta.jpg\" alt=\"Antol\u00edn Iglesias P\u00e1ramo es el escritor de El rio no encontraba el mar . Antol\u00edn Iglesias P\u00e1ramo acaba de publicar un libro: El rio no encontraba el mar de poes\u00eda con la Editorial Poes\u00eda eres t\u00fa\" width=\"1473\" height=\"2268\" srcset=\"https:\/\/clubdepoesia.com\/antoliniglesias\/files\/2015\/05\/PortadaElrioqueno_Alta.jpg 1473w, https:\/\/clubdepoesia.com\/antoliniglesias\/files\/2015\/05\/PortadaElrioqueno_Alta-195x300.jpg 195w, https:\/\/clubdepoesia.com\/antoliniglesias\/files\/2015\/05\/PortadaElrioqueno_Alta-665x1024.jpg 665w\" sizes=\"(max-width: 1473px) 100vw, 1473px\" \/><\/a>El rio no encontraba el mar ha sido escrito por<\/span> <\/strong><\/em><span style=\"text-decoration: underline;\"><em><strong>Antol\u00edn Iglesias Paramo. Antol\u00edn Iglesias Paramo acaba de <a href=\"http:\/\/publicarunlibro.ovh\">publicar un libro<\/a> de poes\u00eda con la Editorial Poes\u00eda eres t\u00fa<\/strong><\/em><\/span><\/h1>\n<h2><span style=\"text-decoration: underline;\"><em><strong>Antol\u00edn Iglesias Paramo es el escritor de <\/strong><\/em><em><strong>El rio no encontraba el mar<\/strong><\/em><em><strong>. Antol\u00edn Iglesias Paramo acaba de <a href=\"http:\/\/publicarunlibro.pro\">publicar un libro<\/a> de poes\u00eda con la Editorial Poes\u00eda eres t\u00fa<\/strong><\/em><\/span><\/h2>\n<h3><span style=\"text-decoration: underline;\"><em><strong>Antol\u00edn Iglesias Paramo es el escritor de <\/strong><\/em><em><strong>El rio no encontraba el mar<\/strong><\/em><em><strong>.\u00a0<\/strong><\/em><em><strong>Antol\u00edn Iglesias Paramo<\/strong><\/em><\/span><\/h3>\n<h3><span style=\"text-decoration: underline;\"><em><strong>acaba de <a href=\"http:\/\/publicarunlibro.xyz\">publicar un libro<\/a> de poes\u00eda con la Editorial Poes\u00eda eres t\u00fa<\/strong><\/em><\/span><\/h3>\n<h3><span style=\"text-decoration: underline;\"><em><strong>Antol\u00edn Iglesias Paramo es el escritor de <\/strong><\/em><em><strong>El rio no encontraba el mar<\/strong><\/em><em><strong>. <\/strong><\/em><em><strong>Antol\u00edn Iglesias Paramo <\/strong><\/em><em><strong>acaba de <a href=\"http:\/\/publicarunlibro.info\">publicar un libro<\/a> de poes\u00eda con la Editorial Poes\u00eda eres t\u00fa<\/strong><\/em><\/span><\/h3>\n<p>&nbsp;<\/p>\n<p><span style=\"text-decoration: underline;\"><em><strong>El <a href=\"http:\/\/grupoeditorialperezayala.com\">Grupo Editorial P\u00e9rez-Ayala<\/a>, est\u00e1 formado por los siguientes sellos <a href=\"http:\/\/editorialpoesia.com\" target=\"_blank\" rel=\"noopener noreferrer\">editoriales<\/a>: <a href=\"http:\/\/poesiaerestu.com\" target=\"_blank\" rel=\"noopener noreferrer\">Editorial Poes\u00eda eres t\u00fa<\/a>, <a href=\"http:\/\/edicionesrilke.com\" target=\"_blank\" rel=\"noopener noreferrer\">Ediciones Rilke<\/a> <a href=\"http:\/\/editorialpoesia.com\" target=\"_blank\" rel=\"noopener noreferrer\">Editorial poes\u00eda<\/a>, <a href=\"http:\/\/editorial.org.es\" target=\"_blank\" rel=\"noopener noreferrer\">Editorial<\/a> <a href=\"http:\/\/edicionesamaniel.com\" target=\"_blank\" rel=\"noopener noreferrer\">Ediciones Amaniel<\/a>, <a href=\"http:\/\/editorial.org.es\" target=\"_blank\" rel=\"noopener noreferrer\">Editorial<\/a> <a href=\"http:\/\/edicionesazorin.com\" target=\"_blank\" rel=\"noopener noreferrer\">Ediciones Azor\u00edn un sello regional para Alicante y Murcia<\/a>.<\/strong><\/em><\/span><\/p>\n<p><span style=\"text-decoration: underline;\"><em><strong>Para ayudar a la promoci\u00f3n de los libros contamos con diferentes plataformas en internet como <a href=\"http:\/\/poesiatv.com\" target=\"_blank\" rel=\"noopener noreferrer\">Poes\u00eda Televisi\u00f3n<\/a>, <a href=\"http:\/\/librodepoesia.com\" target=\"_blank\" rel=\"noopener noreferrer\">libro de poes\u00eda<\/a>, Club de poes\u00eda, Blog de escritor, Blog de poes\u00eda, <a href=\"https:\/\/agenciadellibro.com\" target=\"_blank\" rel=\"noopener noreferrer\">Agencia del libro<\/a>, Plataforma IV Centenario, Primer centenario, Nuestras librerias, <a href=\"http:\/\/publicarlibro.com.es\" target=\"_blank\" rel=\"noopener noreferrer\">Publicar libro<\/a> &#8211; <a href=\"http:\/\/publicarlibro.es\" target=\"_blank\" rel=\"noopener noreferrer\">Publicar un libro<\/a>, Revista Poes\u00eda eres t\u00fa, Antolog\u00edas po\u00e9ticas, <a href=\"http:\/\/poesiapoetas.com\" target=\"_blank\" rel=\"noopener noreferrer\">Poes\u00eda y poetas<\/a>, Gloria Fuertes, Blas de Otero, Rub\u00e9n Dar\u00edo<\/strong><\/em><\/span><\/p>\n<p><span style=\"text-decoration: underline;\"><em><strong>Trabajamos con distribuidoras de libros que acercan los libros a las librer\u00edas, pero contamos tambi\u00e9n con las siguientes librerias de apoyo en internet para que ning\u00fan lector se quede sin su <a href=\"http:\/\/librodepoesia.com\" target=\"_blank\" rel=\"noopener noreferrer\">libro de poes\u00eda<\/a>: Libreria GEPA, Libreria Website, La librer\u00eda del escritor, El rinc\u00f3n de los libros.<\/strong><\/em><\/span><\/p>\n<p><span style=\"text-decoration: underline;\"><em><strong>As\u00ed mismo colaboramos con la <a href=\"http:\/\/editorespoesia.com\">Asociaci\u00f3n de editores de poes\u00eda<\/a> y la <a href=\"http:\/\/escritoresycriticos.com\" target=\"_blank\" rel=\"noopener noreferrer\">Asociaci\u00f3n Madrile\u00f1a de escritores y cr\u00edticos literarios<\/a> (<a href=\"http:\/\/escritoresycriticos.com\" target=\"_blank\" rel=\"noopener noreferrer\">Cr\u00edtica de Madrid<\/a>).<\/strong><\/em><\/span><\/p>\n<p><span style=\"text-decoration: underline;\"><em><strong>Trabajamos con varias imprentas y contamos con nuestra propia <a href=\"http:\/\/artesgraficas.info\/\">imprenta<\/a> Herederos de Izquierdo y Madrid impresores.<\/strong><\/em><\/span><\/p>\n<p><span style=\"text-decoration: underline;\"><em><strong>Puedes conocernos en nuestra p\u00e1gina del Grupo Editorial. Contamos con una sede en Madrid y otra en Jumilla (Murcia)<\/strong><\/em><\/span><\/p>\n<p><span style=\"text-decoration: underline;\"><em><strong>Somos especialitas en la edici\u00f3n del <a href=\"http:\/\/libropoesia.com\/\" target=\"_blank\" rel=\"noopener noreferrer\">libro de poes\u00eda<\/a><\/strong><\/em><\/span>[\/vc_column_text][\/vc_column][\/vc_row][vc_row][vc_column extend=&#8221;false&#8221;][layerslider_vc id=&#8221;2&#8243;][\/vc_column][\/vc_row][vc_row][vc_column extend=&#8221;false&#8221;]<div id=\"ultib3-211811039469deb2740f605\" class=\" ultb3-box ult-adjust-bottom-margin  \" style=\"\"><div id=\"Info-banner-wrap2526\" class=\"ultb3-info ib3-info-center\" data-animation=\"flipInX\" data-animation-delay=\"03\"><div class=\"ultb3-title ult-responsive\"  data-ultimate-target='#Info-banner-wrap2526 .ultb3-title'  data-responsive-json-new='{\"font-size\":\"\",\"line-height\":\"\"}'  style=\"font-weight:normal;\">Librerias<\/div><div class=\"ultb3-desc ult-responsive\"  data-ultimate-target='#Info-banner-wrap2526 .ultb3-desc'  data-responsive-json-new='{\"font-size\":\"\",\"line-height\":\"\"}'  style=\"font-weight:normal;\">Puedes adquirir el libro en librerias Troya y Merced<\/p>\n<p>La Merced<br \/>\nLibrer\u00eda<br \/>\nDirecci\u00f3n: Calle Libreros, 5, 28004 Madrid<br \/>\nTel\u00e9fono:915 31 68 78<\/p>\n<p>La Casa de Troya<br \/>\nLibrer\u00eda<br \/>\nDirecci\u00f3n: C\/ Libreros, 6, 28004 Madrid<br \/>\nTel\u00e9fono:915 21 94 10<\/div><\/div><\/div><style>\n\t\t\t\t\t#ultib3-211811039469deb2740f605 {\n\t\t\t\t\t\tmin-height:50px;\n\t\t\t\t\t}\n\t\t\t\t\t#ultib3-211811039469deb2740f605 img.ultb3-img {\n\t\t\t\t\t\theight: px;\n\t\t\t\t\t}\n\t\t\t\t\t#ultib3-211811039469deb2740f605 .ultb3-btn {\n\t\t\t\t\t\tborder:2px solid #1e73be;border-radius:50px;color:#898989;\n\t\t\t\t\t}\n\t\t\t\t\t#ultib3-211811039469deb2740f605 .ultb3-btn:hover {\n\t\t\t\t\t\tbackground:#1e73be;color:#ffffff;\n\t\t\t\t\t}\n\t\t\t\t\t#ultib3-211811039469deb2740f605 .ultb3-btn:focus {\n\t\t\t\t\t\toutline: 2px solid #005fcc;\n\t\t\t\t\t\toutline-offset: 2px;\n\t\t\t\t\t}\n\t\t\t\t<\/style>[\/vc_column][\/vc_row][vc_row][vc_column extend=&#8221;false&#8221;][vc_column_text css=&#8221;.vc_custom_1502267679553{margin-top: -30000px !important;}&#8221;]<span style=\"text-decoration: underline;\"><em><strong>El <a href=\"http:\/\/grupoeditorialperezayala.com\">Grupo Editorial P\u00e9rez-Ayala<\/a>, est\u00e1 formado por los siguientes sellos <a href=\"http:\/\/editorialpoesia.com\" target=\"_blank\" rel=\"noopener noreferrer\">editoriales<\/a>: <a href=\"http:\/\/poesiaerestu.com\" target=\"_blank\" rel=\"noopener noreferrer\">Editorial Poes\u00eda eres t\u00fa<\/a>, <a href=\"http:\/\/edicionesrilke.com\" target=\"_blank\" rel=\"noopener noreferrer\">Ediciones Rilke<\/a> <a href=\"http:\/\/editorialpoesia.com\" target=\"_blank\" rel=\"noopener noreferrer\">Editorial poes\u00eda<\/a>, <a href=\"http:\/\/editorial.org.es\" target=\"_blank\" rel=\"noopener noreferrer\">Editorial<\/a> <a href=\"http:\/\/edicionesamaniel.com\" target=\"_blank\" rel=\"noopener noreferrer\">Ediciones Amaniel<\/a>, <a href=\"http:\/\/editorial.org.es\" target=\"_blank\" rel=\"noopener noreferrer\">Editorial<\/a> <a href=\"http:\/\/edicionesazorin.com\" target=\"_blank\" rel=\"noopener noreferrer\">Ediciones Azor\u00edn un sello regional para Alicante y Murcia<\/a>.<\/strong><\/em><\/span><\/p>\n<p><span style=\"text-decoration: underline;\"><em><strong>Para ayudar a la promoci\u00f3n de los libros contamos con diferentes plataformas en internet como <a href=\"http:\/\/poesiatv.com\" target=\"_blank\" rel=\"noopener noreferrer\">Poes\u00eda Televisi\u00f3n<\/a>, <a href=\"http:\/\/librodepoesia.com\" target=\"_blank\" rel=\"noopener noreferrer\">libro de poes\u00eda<\/a>, Club de poes\u00eda, Blog de escritor, Blog de poes\u00eda, <a href=\"https:\/\/agenciadellibro.com\" target=\"_blank\" rel=\"noopener noreferrer\">Agencia del libro<\/a>, Plataforma IV Centenario, Primer centenario, Nuestras librerias, <a href=\"http:\/\/publicarlibro.com.es\" target=\"_blank\" rel=\"noopener noreferrer\">Publicar libro<\/a> &#8211; <a href=\"http:\/\/publicarlibro.es\" target=\"_blank\" rel=\"noopener noreferrer\">Publicar un libro<\/a>, Revista Poes\u00eda eres t\u00fa, Antolog\u00edas po\u00e9ticas, <a href=\"http:\/\/poesiapoetas.com\" target=\"_blank\" rel=\"noopener noreferrer\">Poes\u00eda y poetas<\/a>, Gloria Fuertes, Blas de Otero, Rub\u00e9n Dar\u00edo<\/strong><\/em><\/span><\/p>\n<p><span style=\"text-decoration: underline;\"><em><strong>Trabajamos con distribuidoras de libros que acercan los libros a las librer\u00edas, pero contamos tambi\u00e9n con las siguientes librerias de apoyo en internet para que ning\u00fan lector se quede sin su <a href=\"http:\/\/librodepoesia.com\" target=\"_blank\" rel=\"noopener noreferrer\">libro de poes\u00eda<\/a>: Libreria GEPA, Libreria Website, La librer\u00eda del escritor, El rinc\u00f3n de los libros.<\/strong><\/em><\/span><\/p>\n<p><span style=\"text-decoration: underline;\"><em><strong>As\u00ed mismo colaboramos con la <a href=\"http:\/\/editorespoesia.com\">Asociaci\u00f3n de editores de poes\u00eda<\/a> y la <a href=\"http:\/\/escritoresycriticos.com\" target=\"_blank\" rel=\"noopener noreferrer\">Asociaci\u00f3n Madrile\u00f1a de escritores y cr\u00edticos literarios<\/a> (<a href=\"http:\/\/escritoresycriticos.com\" target=\"_blank\" rel=\"noopener noreferrer\">Cr\u00edtica de Madrid<\/a>).<\/strong><\/em><\/span><\/p>\n<p><span style=\"text-decoration: underline;\"><em><strong>Trabajamos con varias imprentas y contamos con nuestra propia <a href=\"http:\/\/artesgraficas.info\/\">imprenta<\/a> Herederos de Izquierdo y Madrid impresores.<\/strong><\/em><\/span><\/p>\n<p><span style=\"text-decoration: underline;\"><em><strong>Puedes conocernos en nuestra p\u00e1gina del Grupo Editorial. Contamos con una sede en Madrid y otra en Jumilla (Murcia)<\/strong><\/em><\/span><\/p>\n<p><span style=\"text-decoration: underline;\"><em><strong>Somos especialitas en la edici\u00f3n del <a href=\"http:\/\/libropoesia.com\/\" target=\"_blank\" rel=\"noopener noreferrer\">libro de poes\u00eda<\/a><\/strong><\/em><\/span><\/p>\n<p>&nbsp;<\/p>\n<p><span style=\"text-decoration: underline;\"><em><strong>Antol\u00edn Iglesias Paramo<\/strong><\/em> es el <em><strong>escritor<\/strong><\/em><em> de <strong>El rio no encontraba el mar<\/strong>\u00a0<\/em><em><strong>Antol\u00edn Iglesias Paramo<\/strong><\/em> acaba de <a href=\"http:\/\/edicionesamaniel.com\"><em><strong>publicar un libro<\/strong><\/em><\/a>:\u00a0<em><strong>El rio no encontraba el mar<\/strong><\/em> de poes\u00eda con la <em><strong>Editorial Poes\u00eda eres t\u00fa<\/strong><\/em><\/span><\/p>\n<h1><em><strong><span style=\"text-decoration: underline;\"><a href=\"https:\/\/clubdepoesia.com\/antoliniglesias\/files\/2015\/05\/PortadaElrioqueno_Alta.jpg\"><img fetchpriority=\"high\" decoding=\"async\" class=\"aligncenter size-full wp-image-34\" src=\"https:\/\/clubdepoesia.com\/antoliniglesias\/files\/2015\/05\/PortadaElrioqueno_Alta.jpg\" alt=\"Antol\u00edn Iglesias P\u00e1ramo es el escritor de El rio no encontraba el mar . Antol\u00edn Iglesias P\u00e1ramo acaba de publicar un libro: El rio no encontraba el mar de poes\u00eda con la Editorial Poes\u00eda eres t\u00fa\" width=\"1473\" height=\"2268\" srcset=\"https:\/\/clubdepoesia.com\/antoliniglesias\/files\/2015\/05\/PortadaElrioqueno_Alta.jpg 1473w, https:\/\/clubdepoesia.com\/antoliniglesias\/files\/2015\/05\/PortadaElrioqueno_Alta-195x300.jpg 195w, https:\/\/clubdepoesia.com\/antoliniglesias\/files\/2015\/05\/PortadaElrioqueno_Alta-665x1024.jpg 665w\" sizes=\"(max-width: 1473px) 100vw, 1473px\" \/><\/a>El rio no encontraba el mar ha sido escrito por<\/span> <\/strong><\/em><span style=\"text-decoration: underline;\"><em><strong>Antol\u00edn Iglesias Paramo. Antol\u00edn Iglesias Paramo acaba de <a href=\"http:\/\/edicionesrilke.com\">publicar un libro<\/a> de poes\u00eda con la Editorial Poes\u00eda eres t\u00fa<\/strong><\/em><\/span><\/h1>\n<h2><span style=\"text-decoration: underline;\"><em><strong>Antol\u00edn Iglesias Paramo es el escritor de <\/strong><\/em><em><strong>El rio no encontraba el mar<\/strong><\/em><em><strong>. Antol\u00edn Iglesias Paramo acaba de <a href=\"http:\/\/poesiaerestu.com\">publicar un libro<\/a> de poes\u00eda con la Editorial Poes\u00eda eres t\u00fa<\/strong><\/em><\/span><\/h2>\n<h3><span style=\"text-decoration: underline;\"><em><strong>Antol\u00edn Iglesias Paramo es el escritor de <\/strong><\/em><em><strong>El rio no encontraba el mar<\/strong><\/em><em><strong>.\u00a0<\/strong><\/em><em><strong>Antol\u00edn Iglesias Paramo<\/strong><\/em><\/span><\/h3>\n<h3><span style=\"text-decoration: underline;\"><em><strong>acaba de <a href=\"http:\/\/edicionesazorin.com\">publicar un libro<\/a> de poes\u00eda con la Editorial Poes\u00eda eres t\u00fa<\/strong><\/em><\/span><\/h3>\n<h3><span style=\"text-decoration: underline;\"><em><strong>Antol\u00edn Iglesias Paramo es el escritor de <\/strong><\/em><em><strong>El rio no encontraba el mar<\/strong><\/em><em><strong>. <\/strong><\/em><em><strong>Antol\u00edn Iglesias Paramo <\/strong><\/em><em><strong>acaba de <a href=\"https:\/\/agenciadellibro.com\">publicar un libro<\/a> de poes\u00eda con la Editorial Poes\u00eda eres t\u00fa<\/strong><\/em><\/span><\/h3>\n<p>&nbsp;<\/p>\n[\/vc_column_text][\/vc_column][\/vc_row]\n<\/div>","protected":false},"excerpt":{"rendered":"<p>[vc_row][vc_column extend=&#8221;false&#8221;][vc_column_text css=&#8221;.vc_custom_1502267695891{margin-top: -30000px !important;}&#8221;]Antol\u00edn Iglesias Paramo es el escritor de El rio no encontraba el mar\u00a0Antol\u00edn Iglesias Paramo acaba de publicar un libro:\u00a0El rio no encontraba el mar de poes\u00eda con la Editorial Poes\u00eda eres t\u00fa El rio no encontraba el mar ha sido escrito por Antol\u00edn Iglesias Paramo. Antol\u00edn Iglesias Paramo acaba de [&hellip;]<\/p>\n","protected":false},"author":24,"featured_media":0,"parent":0,"menu_order":0,"comment_status":"closed","ping_status":"closed","template":"","meta":{"footnotes":"","_links_to":"","_links_to_target":""},"class_list":["post-4","page","type-page","status-publish","hentry"],"_links":{"self":[{"href":"https:\/\/clubdepoesia.com\/antoliniglesias\/wp-json\/wp\/v2\/pages\/4","targetHints":{"allow":["GET"]}}],"collection":[{"href":"https:\/\/clubdepoesia.com\/antoliniglesias\/wp-json\/wp\/v2\/pages"}],"about":[{"href":"https:\/\/clubdepoesia.com\/antoliniglesias\/wp-json\/wp\/v2\/types\/page"}],"author":[{"embeddable":true,"href":"https:\/\/clubdepoesia.com\/antoliniglesias\/wp-json\/wp\/v2\/users\/24"}],"replies":[{"embeddable":true,"href":"https:\/\/clubdepoesia.com\/antoliniglesias\/wp-json\/wp\/v2\/comments?post=4"}],"version-history":[{"count":0,"href":"https:\/\/clubdepoesia.com\/antoliniglesias\/wp-json\/wp\/v2\/pages\/4\/revisions"}],"wp:attachment":[{"href":"https:\/\/clubdepoesia.com\/antoliniglesias\/wp-json\/wp\/v2\/media?parent=4"}],"curies":[{"name":"wp","href":"https:\/\/api.w.org\/{rel}","templated":true}]}}