{"id":92,"date":"2017-09-24T16:31:33","date_gmt":"2017-09-24T16:31:33","guid":{"rendered":"http:\/\/clubdepoesia.com\/andrespbroncano\/?page_id=92"},"modified":"2017-09-24T16:43:44","modified_gmt":"2017-09-24T16:43:44","slug":"audios-del-libro-del-libro-de-poesia-rutas-como-lacres-de-la-tierra-de-andres-p-broncano","status":"publish","type":"page","link":"https:\/\/clubdepoesia.com\/andrespbroncano\/audios-del-libro-del-libro-de-poesia-rutas-como-lacres-de-la-tierra-de-andres-p-broncano\/","title":{"rendered":"Audios del libro del libro de poes\u00eda Rutas como lacres de la tierra de Andr\u00e9s P. Broncano"},"content":{"rendered":"<div class=\"wpb-content-wrapper\">[vc_row][vc_column extend=&#8221;false&#8221;][vc_column_text css=&#8221;.vc_custom_1506271122637{margin-top: -30000px !important;}&#8221;]<span style=\"text-decoration: underline;\"><em><strong>Poemas recitados por <a href=\"https:\/\/clubdepoesia.com\/andrespbroncano\/\">Andres P. Broncano<\/a> del libro de poes\u00eda &#8220;<a href=\"https:\/\/clubdepoesia.com\/andrespbroncano\/rutas-lacres-la-tierra\/\">Rutas como lacres de la tierra<\/a>&#8221; publicado por la <a href=\"http:\/\/poesiaerestu.com\">Editorial Poes\u00eda eres t\u00fa<\/a> en el a\u00f1o 2017.<\/strong><\/em><\/span><\/p>\n<h1><span style=\"text-decoration: underline;\"><em><strong><img fetchpriority=\"high\" decoding=\"async\" class=\"aligncenter size-medium wp-image-40\" src=\"https:\/\/clubdepoesia.com\/andrespbroncano\/files\/2017\/09\/book2Rutascomolacres-300x284.png\" alt=\"\" width=\"300\" height=\"284\" srcset=\"https:\/\/clubdepoesia.com\/andrespbroncano\/files\/2017\/09\/book2Rutascomolacres-300x284.png 300w, https:\/\/clubdepoesia.com\/andrespbroncano\/files\/2017\/09\/book2Rutascomolacres-768x727.png 768w, https:\/\/clubdepoesia.com\/andrespbroncano\/files\/2017\/09\/book2Rutascomolacres.png 839w\" sizes=\"(max-width: 300px) 100vw, 300px\" \/>Poemas recitados por <a href=\"https:\/\/clubdepoesia.com\/andrespbroncano\/\">Andres P. Broncano<\/a> del libro de poes\u00eda &#8220;<a href=\"https:\/\/clubdepoesia.com\/andrespbroncano\/rutas-lacres-la-tierra\/\">Rutas como lacres de la tierra<\/a>&#8221; publicado por la <a href=\"http:\/\/poesiaerestu.com\">Editorial Poes\u00eda eres t\u00fa<\/a> en el a\u00f1o 2017.<\/strong><\/em><\/span><\/h1>\n<h2><span style=\"text-decoration: underline;\"><em><strong>Poemas recitados por <a href=\"https:\/\/clubdepoesia.com\/andrespbroncano\/\">Andres P. Broncano<\/a> del libro de poes\u00eda &#8220;<a href=\"https:\/\/clubdepoesia.com\/andrespbroncano\/rutas-lacres-la-tierra\/\">Rutas como lacres de la tierra<\/a>&#8221; publicado por la <a href=\"http:\/\/poesiaerestu.com\">Editorial Poes\u00eda eres t\u00fa<\/a> en el a\u00f1o 2017.<\/strong><\/em><\/span><\/h2>\n<h3><span style=\"text-decoration: underline;\"><em><strong>Poemas recitados por <a href=\"https:\/\/clubdepoesia.com\/andrespbroncano\/\">Andres P. Broncano<\/a> del libro de poes\u00eda &#8220;<a href=\"https:\/\/clubdepoesia.com\/andrespbroncano\/rutas-lacres-la-tierra\/\">Rutas como lacres de la tierra<\/a>&#8221; publicado por la <a href=\"http:\/\/poesiaerestu.com\">Editorial Poes\u00eda eres t\u00fa<\/a> en el a\u00f1o 2017.<\/strong><\/em><\/span><\/h3>\n[\/vc_column_text][\/vc_column][\/vc_row][vc_row][vc_column extend=&#8221;false&#8221;][vc_column_text]\n<audio class=\"wp-audio-shortcode\" id=\"audio-92-1\" preload=\"none\" style=\"width: 100%;\" controls=\"controls\"><source type=\"audio\/mpeg\" src=\"https:\/\/clubdepoesia.com\/andrespbroncano\/files\/2017\/09\/Senda-y-recorrido.mp3?_=1\" \/><a href=\"https:\/\/clubdepoesia.com\/andrespbroncano\/files\/2017\/09\/Senda-y-recorrido.mp3\">https:\/\/clubdepoesia.com\/andrespbroncano\/files\/2017\/09\/Senda-y-recorrido.mp3<\/a><\/audio>\n<span class='bctt-click-to-tweet'><span class='bctt-ctt-text'><a href='https:\/\/x.com\/intent\/tweet?url=https%3A%2F%2Fclubdepoesia.com%2Fandrespbroncano%2Faudios-del-libro-del-libro-de-poesia-rutas-como-lacres-de-la-tierra-de-andres-p-broncano%2F&#038;text=Poema%20Senda%20y%20recorrido%20del%20libro%20de%20poes%C3%ADa%20Rutas%20como%20Lacres%20de%20la%20tierra%20de%20Andres%20P.%20Broncano%20&#038;via=poesiaerestu&#038;related=poesiaerestu' target='_blank'rel=\"noopener noreferrer\">Poema Senda y recorrido del libro de poes\u00eda Rutas como Lacres de la tierra de Andres P. Broncano  <\/a><\/span><a href='https:\/\/x.com\/intent\/tweet?url=https%3A%2F%2Fclubdepoesia.com%2Fandrespbroncano%2Faudios-del-libro-del-libro-de-poesia-rutas-como-lacres-de-la-tierra-de-andres-p-broncano%2F&#038;text=Poema%20Senda%20y%20recorrido%20del%20libro%20de%20poes%C3%ADa%20Rutas%20como%20Lacres%20de%20la%20tierra%20de%20Andres%20P.%20Broncano%20&#038;via=poesiaerestu&#038;related=poesiaerestu' target='_blank' class='bctt-ctt-btn'rel=\"noopener noreferrer\">Compartir en X<\/a><\/span>\n<h1><a name=\"_Toc492288305\"><\/a><a name=\"_Toc466807447\"><\/a>Senda y recorrido<\/h1>\n<p>&nbsp;<\/p>\n<p>El vag\u00f3n, ruidoso y veloz,<\/p>\n<p>rasga de manera violenta<\/p>\n<p>el raso campo de bronceada luz.<\/p>\n<p>El contraste,<\/p>\n<p>el acero y el sol, la tormenta gloriosa,<\/p>\n<p>la espada y la azada, la charla desenfadada<\/p>\n<p>y la sensaci\u00f3n de perturbar algo sagrado<\/p>\n<p>a nuestro paso.[\/vc_column_text][\/vc_column][\/vc_row][vc_row][vc_column extend=&#8221;false&#8221;][vc_column_text css=&#8221;.vc_custom_1506271217074{margin-top: -30000px !important;}&#8221;]<span style=\"text-decoration: underline;\"><em><strong>Poemas recitados por <a href=\"https:\/\/clubdepoesia.com\/andrespbroncano\/\">Andres P. Broncano<\/a> del libro de poes\u00eda &#8220;<a href=\"https:\/\/clubdepoesia.com\/andrespbroncano\/rutas-lacres-la-tierra\/\">Rutas como lacres de la tierra<\/a>&#8221; publicado por la <a href=\"http:\/\/poesiaerestu.com\">Editorial Poes\u00eda eres t\u00fa<\/a> en el a\u00f1o 2017.<\/strong><\/em><\/span><\/p>\n<p><em><strong>El <a href=\"http:\/\/grupoeditorialperezayala.com\">Grupo Editorial P\u00e9rez-Ayala<\/a>, est\u00e1 formado por los siguientes sellos <a href=\"http:\/\/editorialpoesia.com\" target=\"_blank\" rel=\"noopener noreferrer\">editoriales<\/a>: <a href=\"http:\/\/poesiaerestu.com\" target=\"_blank\" rel=\"noopener noreferrer\">Editorial Poes\u00eda eres t\u00fa<\/a>, <a href=\"http:\/\/edicionesrilke.com\" target=\"_blank\" rel=\"noopener noreferrer\">Ediciones Rilke<\/a> <a href=\"http:\/\/editorialpoesia.com\" target=\"_blank\" rel=\"noopener noreferrer\">Editorial poes\u00eda<\/a>, <a href=\"http:\/\/editorial.org.es\" target=\"_blank\" rel=\"noopener noreferrer\">Editorial<\/a> <a href=\"http:\/\/edicionesamaniel.com\" target=\"_blank\" rel=\"noopener noreferrer\">Ediciones Amaniel<\/a>, <a href=\"http:\/\/editorial.org.es\" target=\"_blank\" rel=\"noopener noreferrer\">Editorial<\/a> <a href=\"http:\/\/edicionesazorin.com\" target=\"_blank\" rel=\"noopener noreferrer\">Ediciones Azor\u00edn un sello regional para Alicante y Murcia<\/a>.<\/strong><\/em><\/p>\n<p><em><strong>Para ayudar a la promoci\u00f3n de los libros contamos con diferentes plataformas en internet como <a href=\"http:\/\/poesiatv.com\" target=\"_blank\" rel=\"noopener noreferrer\">Poes\u00eda Televisi\u00f3n<\/a>, <a href=\"http:\/\/librodepoesia.com\" target=\"_blank\" rel=\"noopener noreferrer\">libro de poes\u00eda<\/a>, Club de poes\u00eda, Blog de escritor, Blog de poes\u00eda, <a href=\"https:\/\/agenciadellibro.com\" target=\"_blank\" rel=\"noopener noreferrer\">Agencia del libro<\/a>, Plataforma IV Centenario, Primer centenario, Nuestras librerias, <a href=\"http:\/\/publicarlibro.com.es\" target=\"_blank\" rel=\"noopener noreferrer\">Publicar libro<\/a> &#8211; <a href=\"http:\/\/publicarlibro.es\" target=\"_blank\" rel=\"noopener noreferrer\">Publicar un libro<\/a>, Revista Poes\u00eda eres t\u00fa, Antolog\u00edas po\u00e9ticas, <a href=\"http:\/\/poesiapoetas.com\" target=\"_blank\" rel=\"noopener noreferrer\">Poes\u00eda y poetas<\/a>, Gloria Fuertes, Blas de Otero, Rub\u00e9n Dar\u00edo<\/strong><\/em><\/p>\n<p><em><strong>Trabajamos con distribuidoras de libros que acercan los libros a las librer\u00edas, pero contamos tambi\u00e9n con las siguientes librerias de apoyo en internet para que ning\u00fan lector se quede sin su <a href=\"http:\/\/librodepoesia.com\" target=\"_blank\" rel=\"noopener noreferrer\">libro de poes\u00eda<\/a>: Libreria GEPA, Libreria Website, La librer\u00eda del escritor, El rinc\u00f3n de los libros.<\/strong><\/em><\/p>\n<p><em><strong>Informamos de como publicar un libro y el precio de publicar un libro<\/strong><\/em><\/p>\n<p><em><strong>As\u00ed mismo colaboramos con la <a href=\"http:\/\/editorespoesia.com\">Asociaci\u00f3n de editores de poes\u00eda<\/a> y la <a href=\"http:\/\/escritoresycriticos.com\" target=\"_blank\" rel=\"noopener noreferrer\">Asociaci\u00f3n Madrile\u00f1a de escritores y cr\u00edticos literarios<\/a> (<a href=\"http:\/\/escritoresycriticos.com\" target=\"_blank\" rel=\"noopener noreferrer\">Cr\u00edtica de Madrid<\/a>).<\/strong><\/em><\/p>\n<p><em><strong>Trabajamos con varias imprentas y contamos con nuestra propia <a href=\"http:\/\/artesgraficas.info\/\">imprenta<\/a> Herederos de Izquierdo y Madrid impresores.<\/strong><\/em><\/p>\n<p><em><strong>Puedes conocernos en nuestra p\u00e1gina del Grupo Editorial. Contamos con una sede en Madrid y otra en Jumilla (Murcia)<\/strong><\/em><\/p>\n<p><em><strong>Somos especialitas en la edici\u00f3n del <a href=\"http:\/\/libropoesia.com\/\" target=\"_blank\" rel=\"noopener noreferrer\">libro de poes\u00eda<\/a><\/strong><\/em><\/p>\n<h1><span style=\"text-decoration: underline;\"><em><strong>Poemas recitados por <a href=\"https:\/\/clubdepoesia.com\/andrespbroncano\/\">Andres P. Broncano<\/a> del libro de poes\u00eda &#8220;<a href=\"https:\/\/clubdepoesia.com\/andrespbroncano\/rutas-lacres-la-tierra\/\">Rutas como lacres de la tierra<\/a>&#8221; publicado por la <a href=\"http:\/\/poesiaerestu.com\">Editorial Poes\u00eda eres t\u00fa<\/a> en el a\u00f1o 2017.<\/strong><\/em><\/span><\/h1>\n<h2><span style=\"text-decoration: underline;\"><em><strong>Poemas recitados por <a href=\"https:\/\/clubdepoesia.com\/andrespbroncano\/\">Andres P. Broncano<\/a> del libro de poes\u00eda &#8220;<a href=\"https:\/\/clubdepoesia.com\/andrespbroncano\/rutas-lacres-la-tierra\/\">Rutas como lacres de la tierra<\/a>&#8221; publicado por la <a href=\"http:\/\/poesiaerestu.com\">Editorial Poes\u00eda eres t\u00fa<\/a> en el a\u00f1o 2017.<\/strong><\/em><\/span><\/h2>\n<h3><span style=\"text-decoration: underline;\"><em><strong>Poemas recitados por <a href=\"https:\/\/clubdepoesia.com\/andrespbroncano\/\">Andres P. Broncano<\/a> del libro de poes\u00eda &#8220;<a href=\"https:\/\/clubdepoesia.com\/andrespbroncano\/rutas-lacres-la-tierra\/\">Rutas como lacres de la tierra<\/a>&#8221; publicado por la <a href=\"http:\/\/poesiaerestu.com\">Editorial Poes\u00eda eres t\u00fa<\/a> en el a\u00f1o 2017.<\/strong><\/em><\/span><\/h3>\n[\/vc_column_text][\/vc_column][\/vc_row]\n<\/div>","protected":false},"excerpt":{"rendered":"<p>[vc_row][vc_column extend=&#8221;false&#8221;][vc_column_text css=&#8221;.vc_custom_1506271122637{margin-top: -30000px !important;}&#8221;]Poemas recitados por Andres P. Broncano del libro de poes\u00eda &#8220;Rutas como lacres de la tierra&#8221; publicado por la Editorial Poes\u00eda eres t\u00fa en el a\u00f1o 2017. Poemas recitados por Andres P. Broncano del libro de poes\u00eda &#8220;Rutas como lacres de la tierra&#8221; publicado por la Editorial Poes\u00eda eres t\u00fa en [&hellip;]<\/p>\n","protected":false},"author":24,"featured_media":0,"parent":0,"menu_order":6,"comment_status":"closed","ping_status":"closed","template":"","meta":{"footnotes":"","_links_to":"","_links_to_target":""},"class_list":["post-92","page","type-page","status-publish","hentry"],"_links":{"self":[{"href":"https:\/\/clubdepoesia.com\/andrespbroncano\/wp-json\/wp\/v2\/pages\/92","targetHints":{"allow":["GET"]}}],"collection":[{"href":"https:\/\/clubdepoesia.com\/andrespbroncano\/wp-json\/wp\/v2\/pages"}],"about":[{"href":"https:\/\/clubdepoesia.com\/andrespbroncano\/wp-json\/wp\/v2\/types\/page"}],"author":[{"embeddable":true,"href":"https:\/\/clubdepoesia.com\/andrespbroncano\/wp-json\/wp\/v2\/users\/24"}],"replies":[{"embeddable":true,"href":"https:\/\/clubdepoesia.com\/andrespbroncano\/wp-json\/wp\/v2\/comments?post=92"}],"version-history":[{"count":0,"href":"https:\/\/clubdepoesia.com\/andrespbroncano\/wp-json\/wp\/v2\/pages\/92\/revisions"}],"wp:attachment":[{"href":"https:\/\/clubdepoesia.com\/andrespbroncano\/wp-json\/wp\/v2\/media?parent=92"}],"curies":[{"name":"wp","href":"https:\/\/api.w.org\/{rel}","templated":true}]}}