{"id":84,"date":"2017-12-23T07:29:32","date_gmt":"2017-12-23T07:29:32","guid":{"rendered":"http:\/\/clubdepoesia.com\/alejandroojedaperez\/?page_id=84"},"modified":"2017-12-23T15:52:40","modified_gmt":"2017-12-23T15:52:40","slug":"alejandro-ojeda-perez-acaba-publicar-libro-uno-tres-pasando-ti-lo-escribi-llegabas","status":"publish","type":"page","link":"https:\/\/clubdepoesia.com\/alejandroojedaperez\/","title":{"rendered":"Alejandro Ojeda P\u00e9rez acaba de publicar un libro: DE UNO A TRES PASANDO POR TI"},"content":{"rendered":"<div class=\"wpb-content-wrapper\">[vc_row][vc_column extend=&#8221;false&#8221;][vc_column_text css=&#8221;.vc_custom_1514032682344{margin-top: -30000px !important;}&#8221;]\n<figure id=\"attachment_85\" aria-describedby=\"caption-attachment-85\" style=\"width: 211px\" class=\"wp-caption aligncenter\"><img fetchpriority=\"high\" decoding=\"async\" class=\"wp-image-85 size-medium\" title=\"ALEJANDRO OJEDA P\u00c9REZ\u00a0es el escritor de DE UNO A TRES PASANDO POR TI. Lo que escrib\u00ed mientras llegabas. El poeta acaba de publicar un libro de poes\u00eda con la Editorial de Murcia Ediciones Azor\u00edn\" src=\"https:\/\/clubdepoesia.com\/alejandroojedaperez\/files\/2017\/12\/0_Portadadeunoatrespsandoporti-211x300.jpg\" alt=\"ALEJANDRO OJEDA P\u00c9REZ\u00a0es el escritor de DE UNO A TRES PASANDO POR TI. Lo que escrib\u00ed mientras llegabas. El poeta acaba de publicar un libro de poes\u00eda con la Editorial de Murcia Ediciones Azor\u00edn\" width=\"211\" height=\"300\" srcset=\"https:\/\/clubdepoesia.com\/alejandroojedaperez\/files\/2017\/12\/0_Portadadeunoatrespsandoporti-211x300.jpg 211w, https:\/\/clubdepoesia.com\/alejandroojedaperez\/files\/2017\/12\/0_Portadadeunoatrespsandoporti.jpg 559w\" sizes=\"(max-width: 211px) 100vw, 211px\" \/><figcaption id=\"caption-attachment-85\" class=\"wp-caption-text\">ALEJANDRO OJEDA P\u00c9REZ\u00a0es el escritor de DE UNO A TRES PASANDO POR TI. Lo que escrib\u00ed mientras llegabas. El poeta acaba de publicar un libro de poes\u00eda con la Editorial de Murcia Ediciones Azor\u00edn<\/figcaption><\/figure>\n<p><span style=\"text-decoration: underline;\"><em style=\"text-decoration-line: underline;\"><strong>ALEJANDRO OJEDA P\u00c9REZ<\/strong><\/em><u>\u00a0es el <\/u><em style=\"text-decoration-line: underline;\"><strong>escritor<\/strong><\/em><em><u> de <a href=\"https:\/\/clubdepoesia.com\/alejandroojedaperez\/de-uno-a-tres-pasando-ti\/\">DE UNO A TRES PASANDO POR TI<\/a>. Lo que escrib\u00ed mientras llegabas<\/u><\/em><u>. <\/u><em style=\"text-decoration-line: underline;\"><strong>El poeta <\/strong><\/em><u>acaba de <\/u><a style=\"text-decoration-line: underline;\" href=\"http:\/\/publicarunlibro.gdn\"><em><strong>publicar un libro <\/strong><\/em><\/a><u>de poes\u00eda con la <\/u><a href=\"https:\/\/edicionesazorin.com\"><em style=\"text-decoration-line: underline;\"><strong>Editorial de Murcia Ediciones Azor\u00edn<\/strong><\/em><\/a><\/span><\/p>\n<p>&nbsp;<\/p>\n<h1><\/h1>\n<h1><\/h1>\n<h1><span style=\"text-decoration: underline;\"><em><strong><b><u>DE UNO A TRES PASANDO POR TI. Lo que escrib\u00ed mientras llegabas. <\/u><\/b>ha sido escrito por <em style=\"text-decoration-line: underline;\">ALEJANDRO OJEDA P\u00c9REZ<\/em><u>\u00a0<\/u><\/strong><\/em><em><strong>. La escritora sabe como <a href=\"http:\/\/publicarunlibro.ovh\">publicar un libro<\/a> de poes\u00eda con la Editorial Poes\u00eda eres t\u00fa<\/strong><\/em><\/span><\/h1>\n<p><em><strong>Trabajamos con distribuidoras de libros que acercan los libros a las librer\u00edas, pero contamos tambi\u00e9n con las siguientes librerias de apoyo en internet para que ning\u00fan lector se quede sin su <a href=\"http:\/\/librodepoesia.com\" target=\"_blank\" rel=\"noopener noreferrer\">libro de poes\u00eda<\/a>: Libreria GEPA, Libreria Website, La librer\u00eda del escritor, El rinc\u00f3n de los libros.<\/strong><\/em><\/p>\n<p><em><strong>Informamos de como publicar un libro y el precio de publicar un libro<\/strong><\/em><\/p>\n<p><em><strong>As\u00ed mismo colaboramos con la <a href=\"http:\/\/editorespoesia.com\">Asociaci\u00f3n de editores de poes\u00eda<\/a> y la <a href=\"http:\/\/escritoresycriticos.com\" target=\"_blank\" rel=\"noopener noreferrer\">Asociaci\u00f3n Madrile\u00f1a de escritores y cr\u00edticos literarios<\/a> (<a href=\"http:\/\/escritoresycriticos.com\" target=\"_blank\" rel=\"noopener noreferrer\">Cr\u00edtica de Madrid<\/a>).<\/strong><\/em><\/p>\n<p><em><strong>Trabajamos con varias imprentas y contamos con nuestra propia <a href=\"http:\/\/artesgraficas.info\/\">imprenta<\/a> Herederos de Izquierdo y Madrid impresores.<\/strong><\/em><\/p>\n<p><em><strong>Puedes conocernos en nuestra p\u00e1gina del Grupo Editorial. Contamos con una sede en Madrid y otra en Jumilla (Murcia)<\/strong><\/em><\/p>\n<p><em><strong>Somos especialitas en la edici\u00f3n del <a href=\"http:\/\/libropoesia.com\/\" target=\"_blank\" rel=\"noopener noreferrer\">libro de poes\u00eda<\/a><\/strong><\/em><\/p>\n<h2><span style=\"text-decoration: underline;\"><em><strong><em style=\"text-decoration-line: underline;\">ALEJANDRO OJEDA P\u00c9REZ<\/em><u>\u00a0<\/u> es la escritor de DE UNO A TRES PASANDO POR TI. Lo que escrib\u00ed mientras llegabas<\/strong><\/em><\/span><span style=\"text-decoration: underline;\"><em><strong>. El poeta conoce el precio de <a href=\"http:\/\/publicarunlibro.pro\">publicar un libro<\/a> de poes\u00eda con la Editorial Poes\u00eda eres t\u00fa<\/strong><\/em><\/span><\/h2>\n<h3><span style=\"text-decoration: underline;\"><em><strong><em style=\"text-decoration-line: underline;\">ALEJANDRO OJEDA P\u00c9REZ<\/em><u>\u00a0<\/u> es el escritor de DE UNO A TRES PASANDO POR TI. Lo que escrib\u00ed mientras llegabas<\/strong><\/em><em><strong>. <\/strong><\/em><em><strong>El poeta <\/strong><\/em><em><strong>sabe como <a href=\"http:\/\/publicarunlibro.xyz\">publicar un libro<\/a> de poes\u00eda con la Editorial Poes\u00eda eres t\u00fa<\/strong><\/em><\/span><\/h3>\n<h3><span style=\"text-decoration: underline;\"><em><strong><em style=\"text-decoration-line: underline;\">ALEJANDRO OJEDA P\u00c9REZ<\/em><u>\u00a0<\/u> es el escritor de DE UNO A TRES PASANDO POR TI. Lo que escrib\u00ed mientras llegabas.<\/strong><\/em><em><strong>\u00a0El poeta sabe el precio de <a href=\"http:\/\/publicarunlibro.info\">publicar un libro<\/a> de poes\u00eda con la Editorial Poes\u00eda eres t\u00fa<\/strong><\/em><\/span><\/h3>\n<p>&nbsp;<\/p>\n<p><span style=\"text-decoration: underline;\"><em><strong>El <a href=\"http:\/\/grupoeditorialperezayala.com\">Grupo Editorial P\u00e9rez-Ayala<\/a>, est\u00e1 formado por los siguientes sellos <a href=\"http:\/\/editorialpoesia.com\" target=\"_blank\" rel=\"noopener noreferrer\">editoriales<\/a>: <a href=\"http:\/\/poesiaerestu.com\" target=\"_blank\" rel=\"noopener noreferrer\">Editorial Poes\u00eda eres t\u00fa<\/a>, <a href=\"http:\/\/edicionesrilke.com\" target=\"_blank\" rel=\"noopener noreferrer\">Ediciones Rilke<\/a> <a href=\"http:\/\/editorialpoesia.com\" target=\"_blank\" rel=\"noopener noreferrer\">Editorial poes\u00eda<\/a>, <a href=\"http:\/\/editorial.org.es\" target=\"_blank\" rel=\"noopener noreferrer\">Editorial<\/a> <a href=\"http:\/\/edicionesamaniel.com\" target=\"_blank\" rel=\"noopener noreferrer\">Ediciones Amaniel<\/a>, <a href=\"http:\/\/editorial.org.es\" target=\"_blank\" rel=\"noopener noreferrer\">Editorial<\/a> <a href=\"http:\/\/edicionesazorin.com\" target=\"_blank\" rel=\"noopener noreferrer\">Ediciones Azor\u00edn un sello regional para Alicante y Murcia<\/a>.<\/strong><\/em><\/span><\/p>\n<p><span style=\"text-decoration: underline;\"><em><strong>Para ayudar a la promoci\u00f3n de los libros contamos con diferentes plataformas en internet como <a href=\"http:\/\/poesiatv.com\" target=\"_blank\" rel=\"noopener noreferrer\">Poes\u00eda Televisi\u00f3n<\/a>, <a href=\"http:\/\/librodepoesia.com\" target=\"_blank\" rel=\"noopener noreferrer\">libro de poes\u00eda<\/a>, Club de poes\u00eda, Blog de escritor, Blog de poes\u00eda, <a href=\"https:\/\/agenciadellibro.com\" target=\"_blank\" rel=\"noopener noreferrer\">Agencia del libro<\/a>, Plataforma IV Centenario, Primer centenario, Nuestras librerias, <a href=\"http:\/\/publicarlibro.com.es\" target=\"_blank\" rel=\"noopener noreferrer\">Publicar libro<\/a> &#8211; <a href=\"http:\/\/publicarlibro.es\" target=\"_blank\" rel=\"noopener noreferrer\">Publicar un libro<\/a>, Revista Poes\u00eda eres t\u00fa, Antolog\u00edas po\u00e9ticas, <a href=\"http:\/\/poesiapoetas.com\" target=\"_blank\" rel=\"noopener noreferrer\">Poes\u00eda y poetas<\/a>, Gloria Fuertes, Blas de Otero, Rub\u00e9n Dar\u00edo<\/strong><\/em><\/span>[\/vc_column_text][\/vc_column][\/vc_row][vc_row][vc_column extend=&#8221;false&#8221;][layerslider_vc id=&#8221;1&#8243;][\/vc_column][\/vc_row][vc_row][vc_column extend=&#8221;false&#8221; width=&#8221;1\/2&#8243;]<div class=\"ult-content-box-container \" >\t\t<div class=\"ult-content-box\" style=\"background-color:rgba(255,255,255,0.49);box-shadow: px px 8px px #f2f2f2 none;border-style:none;-webkit-transition: all 700ms ease;-moz-transition: all 700ms ease;-ms-transition: all 700ms ease;-o-transition: all 700ms ease;transition: all 700ms ease;\"  data-hover_box_shadow=\"none\"     data-bg=\"rgba(255,255,255,0.49)\"  data-border_color=\"\" >[vc_column_text css=&#8221;.vc_custom_1514013592690{padding-top: 15% !important;padding-right: 15% !important;padding-bottom: 15% !important;padding-left: 15% !important;}&#8221;]Nacido en M\u00e1laga, vivi\u00f3 en diferentes lugares de Espa\u00f1a durante su infancia y adolescencia, hasta que regres\u00f3 a su tierra natal.<\/p>\n<p>Cantautor y escritor aficionado desde ni\u00f1o, ha ido recopilando las canciones, poemas y textos que durante su vida cre\u00f3. Padre de una preciosa ni\u00f1a, y esposo de la mejor persona que nadie pueda imaginar, la persona que conoci\u00f3 en Sevilla y le hizo asentarse en Murcia definitivamente. Enfermero especialista en obstetricia y ginecolog\u00eda (matr\u00f3n). Colaborador de la p\u00e1gina SerPadres, donde escribe art\u00edculos sobre el embarazo el parto y la pa-maternidad. Activo en redes sociales como Alejando Matr\u00f3n, donde comparte inquietudes, reflexiones y conocimientos, sobre el proceso de la maternidad, la paternidad y la vida en general.<\/p>\n<p>&nbsp;<\/p>\n<span class='bctt-click-to-tweet'><span class='bctt-ctt-text'><a href='https:\/\/x.com\/intent\/tweet?url=https%3A%2F%2Fclubdepoesia.com%2Falejandroojedaperez%2F&#038;text=Alejandro%20Ojeda%2C%20Cantautor%20y%20escritor&#038;related' target='_blank'rel=\"noopener noreferrer\">Alejandro Ojeda, Cantautor y escritor <\/a><\/span><a href='https:\/\/x.com\/intent\/tweet?url=https%3A%2F%2Fclubdepoesia.com%2Falejandroojedaperez%2F&#038;text=Alejandro%20Ojeda%2C%20Cantautor%20y%20escritor&#038;related' target='_blank' class='bctt-ctt-btn'rel=\"noopener noreferrer\">Compartir en X<\/a><\/span>[\/vc_column_text]\t\t<\/div><\/div>[\/vc_column][vc_column extend=&#8221;false&#8221; width=&#8221;1\/2&#8243;][vc_single_image image=&#8221;86&#8243; img_size=&#8221;large&#8221; alignment=&#8221;center&#8221;][\/vc_column][\/vc_row][vc_row][vc_column extend=&#8221;false&#8221;]<div class=\"gambit_fullheight_row\" data-content-location=\"center\" style=\"display: none\"><\/div><div class='gambit_parallax_row' data-bg-align='' data-direction='fixed' data-opacity='100' data-velocity='-0.3' data-mobile-enabled='parallax-enable-mobile' data-bg-height='3448' data-bg-width='4592' data-bg-image='https:\/\/clubdepoesia.com\/alejandroojedaperez\/files\/2017\/12\/92.jpg' data-bg-repeat='false' data-id='' style='display: none'><\/div>[\/vc_column][\/vc_row][vc_row][vc_column extend=&#8221;false&#8221;]<div class=\"gambit_fullheight_row\" data-content-location=\"center\" style=\"display: none\"><\/div><div id=\"uvc-type-wrap-1368\"  data-ultimate-target='#uvc-type-wrap-1368'  data-responsive-json-new='{\"font-size\":\"\",\"line-height\":\"\"}'  class=\"uvc-type-wrap vc_custom_1514013920657 ult-adjust-bottom-margin ult-responsive  uvc-type-align-center uvc-type-no-prefix uvc-wrap-149142199769f88b87da302\" style=\"text-align:center;\"><span id=\"typed-149142199769f88b87da302\" class=\"ultimate-typed-main \" style=\" font-weight:normal; text-transform: unset;\"><\/span><script type=\"text\/javascript\">\n\t\t\t\t\t\tjQuery(function($){ \n\t\t\t\t\t\t\t$(document).ready(function(){\n\t\t\t\t\t\t\t\tif( typeof jQuery(\"#typed-149142199769f88b87da302\").typed == \"function\"){\n\t\t\t\t\t\t\t\t\t$(\"#typed-149142199769f88b87da302\").typed({\n\t\t\t\t\t\t\t\t\t\tstrings: [\"Yo cre\u00eda que el amor deb\u00eda doler, que el amor sin medida y feliz era solo cosa de cuentos. He logrado descubrir que eso no es as\u00ed, se puede amar y ser feliz, y en ese camino reflexionar y encontrarse con uno mismo. Por eso este libro no ser\u00e1 un libro triste, de desamor y sufrimiento, creo que el mundo necesita entender que el combustible m\u00e1s poderoso, el verdadero motor que mueve al ser humano, debe ser el amor verdadero.\",\"Una historia de amor, que abarca todo el proceso, desde que se conoce a la persona adecuada, pasando por la decisi\u00f3n de ser padres, el embarazo, el parto, y que desemboca en la paternidad. Un espejo donde muchos padres se pueden sentir reflejados, y donde muchas mujeres disfrutar\u00e1n mir\u00e1ndose.\",\"Aqu\u00ed re\u00fano los textos, poemas y canciones que han ido surgiendo en ese trayecto, reflexiones sobre la vida y todo aquello que sent\u00ed mientras me convert\u00eda en un padre enamorado.\",\"\"],\n\t\t\t\t\t\t\t\t\t\ttypeSpeed: 35,\n\t\t\t\t\t\t\t\t\t\tbackSpeed: 0,\n\t\t\t\t\t\t\t\t\t\tstartDelay: \"200\",\n\t\t\t\t\t\t\t\t\t\tbackDelay: \"1500\",\n\t\t\t\t\t\t\t\t\t\tloop: true,\n\t\t\t\t\t\t\t\t\t\tloopCount: false,\n\t\t\t\t\t\t\t\t\t\tshowCursor: true,\n\t\t\t\t\t\t\t\t\t\tcursorChar: \"|\",\n\t\t\t\t\t\t\t\t\t\tattr: null\n\t\t\t\t\t\t\t\t\t});\n\t\t\t\t\t\t\t\t}\n\t\t\t\t\t\t\t});\n\t\t\t\t\t\t});\n\t\t\t\t\t<\/script><\/div>[\/vc_column][\/vc_row][vc_row][vc_column extend=&#8221;false&#8221;]<div class=\"gambit_fullheight_row\" data-content-location=\"center\" style=\"display: none\"><\/div><div class='gambit_parallax_row' data-bg-align='' data-direction='fixed' data-opacity='100' data-velocity='-0.3' data-mobile-enabled='parallax-enable-mobile' data-bg-height='3448' data-bg-width='4592' data-bg-image='https:\/\/clubdepoesia.com\/alejandroojedaperez\/files\/2017\/12\/83.jpg' data-bg-repeat='false' data-id='' style='display: none'><\/div>[\/vc_column][\/vc_row][vc_row][vc_column extend=&#8221;false&#8221;][vc_column_text css=&#8221;.vc_custom_1514013428769{margin-top: -30000px !important;}&#8221;]<span style=\"text-decoration: underline;\"><em><strong>El <a href=\"http:\/\/grupoeditorialperezayala.com\">Grupo Editorial P\u00e9rez-Ayala<\/a>, est\u00e1 formado por los siguientes sellos <a href=\"http:\/\/editorialpoesia.com\" target=\"_blank\" rel=\"noopener noreferrer\">editoriales<\/a>: <a href=\"http:\/\/poesiaerestu.com\" target=\"_blank\" rel=\"noopener noreferrer\">Editorial Poes\u00eda eres t\u00fa<\/a>, <a href=\"http:\/\/edicionesrilke.com\" target=\"_blank\" rel=\"noopener noreferrer\">Ediciones Rilke<\/a> <a href=\"http:\/\/editorialpoesia.com\" target=\"_blank\" rel=\"noopener noreferrer\">Editorial poes\u00eda<\/a>, <a href=\"http:\/\/editorial.org.es\" target=\"_blank\" rel=\"noopener noreferrer\">Editorial<\/a> <a href=\"http:\/\/edicionesamaniel.com\" target=\"_blank\" rel=\"noopener noreferrer\">Ediciones Amaniel<\/a>, <a href=\"http:\/\/editorial.org.es\" target=\"_blank\" rel=\"noopener noreferrer\">Editorial<\/a> <a href=\"http:\/\/edicionesazorin.com\" target=\"_blank\" rel=\"noopener noreferrer\">Ediciones Azor\u00edn un sello regional para Alicante y Murcia<\/a>.<\/strong><\/em><\/span><\/p>\n<p><span style=\"text-decoration: underline;\"><em><strong>Para ayudar a la promoci\u00f3n de los libros contamos con diferentes plataformas en internet como <a href=\"http:\/\/poesiatv.com\" target=\"_blank\" rel=\"noopener noreferrer\">Poes\u00eda Televisi\u00f3n<\/a>, <a href=\"http:\/\/librodepoesia.com\" target=\"_blank\" rel=\"noopener noreferrer\">libro de poes\u00eda<\/a>, Club de poes\u00eda, Blog de escritor, Blog de poes\u00eda, <a href=\"https:\/\/agenciadellibro.com\" target=\"_blank\" rel=\"noopener noreferrer\">Agencia del libro<\/a>, Plataforma IV Centenario, Primer centenario, Nuestras librerias, <a href=\"http:\/\/publicarlibro.com.es\" target=\"_blank\" rel=\"noopener noreferrer\">Publicar libro<\/a> &#8211; <a href=\"http:\/\/publicarlibro.es\" target=\"_blank\" rel=\"noopener noreferrer\">Publicar un libro<\/a>, Revista Poes\u00eda eres t\u00fa, Antolog\u00edas po\u00e9ticas, <a href=\"http:\/\/poesiapoetas.com\" target=\"_blank\" rel=\"noopener noreferrer\">Poes\u00eda y poetas<\/a>, Gloria Fuertes, Blas de Otero, Rub\u00e9n Dar\u00edo<\/strong><\/em><\/span><\/p>\n<figure id=\"attachment_85\" aria-describedby=\"caption-attachment-85\" style=\"width: 211px\" class=\"wp-caption aligncenter\"><img fetchpriority=\"high\" decoding=\"async\" class=\"wp-image-85 size-medium\" title=\"ALEJANDRO OJEDA P\u00c9REZ\u00a0es el escritor de DE UNO A TRES PASANDO POR TI. Lo que escrib\u00ed mientras llegabas. El poeta acaba de publicar un libro de poes\u00eda con la Editorial de Murcia Ediciones Azor\u00edn\" src=\"https:\/\/clubdepoesia.com\/alejandroojedaperez\/files\/2017\/12\/0_Portadadeunoatrespsandoporti-211x300.jpg\" alt=\"ALEJANDRO OJEDA P\u00c9REZ\u00a0es el escritor de DE UNO A TRES PASANDO POR TI. Lo que escrib\u00ed mientras llegabas. El poeta acaba de publicar un libro de poes\u00eda con la Editorial de Murcia Ediciones Azor\u00edn\" width=\"211\" height=\"300\" srcset=\"https:\/\/clubdepoesia.com\/alejandroojedaperez\/files\/2017\/12\/0_Portadadeunoatrespsandoporti-211x300.jpg 211w, https:\/\/clubdepoesia.com\/alejandroojedaperez\/files\/2017\/12\/0_Portadadeunoatrespsandoporti.jpg 559w\" sizes=\"(max-width: 211px) 100vw, 211px\" \/><figcaption id=\"caption-attachment-85\" class=\"wp-caption-text\">ALEJANDRO OJEDA P\u00c9REZ\u00a0es el escritor de DE UNO A TRES PASANDO POR TI. Lo que escrib\u00ed mientras llegabas. El poeta acaba de publicar un libro de poes\u00eda con la Editorial de Murcia Ediciones Azor\u00edn<\/figcaption><\/figure>\n<p><span style=\"text-decoration: underline;\"><em style=\"text-decoration-line: underline;\"><strong>ALEJANDRO OJEDA P\u00c9REZ<\/strong><\/em><u>\u00a0es el <\/u><em style=\"text-decoration-line: underline;\"><strong>escritor<\/strong><\/em><em><u> de DE UNO A TRES PASANDO POR TI. Lo que escrib\u00ed mientras llegabas<\/u><\/em><u>. <\/u><em style=\"text-decoration-line: underline;\"><strong>El poeta <\/strong><\/em><u>acaba de <\/u><a style=\"text-decoration-line: underline;\" href=\"http:\/\/publicarunlibro.gdn\"><em><strong>publicar un libro <\/strong><\/em><\/a><u>de poes\u00eda con la <\/u><em style=\"text-decoration-line: underline;\"><strong>Editorial de Murcia Ediciones Azor\u00edn<\/strong><\/em><\/span><\/p>\n<p>&nbsp;<\/p>\n<h1><\/h1>\n<h1><\/h1>\n<h1><span style=\"text-decoration: underline;\"><em><strong><b><u>DE UNO A TRES PASANDO POR TI. Lo que escrib\u00ed mientras llegabas. <\/u><\/b>ha sido escrito por <em style=\"text-decoration-line: underline;\">ALEJANDRO OJEDA P\u00c9REZ<\/em><u>\u00a0<\/u><\/strong><\/em><em><strong>. La escritora sabe como <a href=\"http:\/\/publicarunlibro.ovh\">publicar un libro<\/a> de poes\u00eda con la Editorial Poes\u00eda eres t\u00fa<\/strong><\/em><\/span><\/h1>\n<p><em><strong>Trabajamos con distribuidoras de libros que acercan los libros a las librer\u00edas, pero contamos tambi\u00e9n con las siguientes librerias de apoyo en internet para que ning\u00fan lector se quede sin su <a href=\"http:\/\/librodepoesia.com\" target=\"_blank\" rel=\"noopener noreferrer\">libro de poes\u00eda<\/a>: Libreria GEPA, Libreria Website, La librer\u00eda del escritor, El rinc\u00f3n de los libros.<\/strong><\/em><\/p>\n<p><em><strong>Informamos de como publicar un libro y el precio de publicar un libro<\/strong><\/em><\/p>\n<p><em><strong>As\u00ed mismo colaboramos con la <a href=\"http:\/\/editorespoesia.com\">Asociaci\u00f3n de editores de poes\u00eda<\/a> y la <a href=\"http:\/\/escritoresycriticos.com\" target=\"_blank\" rel=\"noopener noreferrer\">Asociaci\u00f3n Madrile\u00f1a de escritores y cr\u00edticos literarios<\/a> (<a href=\"http:\/\/escritoresycriticos.com\" target=\"_blank\" rel=\"noopener noreferrer\">Cr\u00edtica de Madrid<\/a>).<\/strong><\/em><\/p>\n<p><em><strong>Trabajamos con varias imprentas y contamos con nuestra propia <a href=\"http:\/\/artesgraficas.info\/\">imprenta<\/a> Herederos de Izquierdo y Madrid impresores.<\/strong><\/em><\/p>\n<p><em><strong>Puedes conocernos en nuestra p\u00e1gina del Grupo Editorial. Contamos con una sede en Madrid y otra en Jumilla (Murcia)<\/strong><\/em><\/p>\n<p><em><strong>Somos especialitas en la edici\u00f3n del <a href=\"http:\/\/libropoesia.com\/\" target=\"_blank\" rel=\"noopener noreferrer\">libro de poes\u00eda<\/a><\/strong><\/em><\/p>\n<h2><span style=\"text-decoration: underline;\"><em><strong><em style=\"text-decoration-line: underline;\">ALEJANDRO OJEDA P\u00c9REZ<\/em><u>\u00a0<\/u> es la escritor de DE UNO A TRES PASANDO POR TI. Lo que escrib\u00ed mientras llegabas<\/strong><\/em><\/span><span style=\"text-decoration: underline;\"><em><strong>. El poeta conoce el precio de <a href=\"http:\/\/publicarunlibro.pro\">publicar un libro<\/a> de poes\u00eda con la Editorial Poes\u00eda eres t\u00fa<\/strong><\/em><\/span><\/h2>\n<h3><span style=\"text-decoration: underline;\"><em><strong><em style=\"text-decoration-line: underline;\">ALEJANDRO OJEDA P\u00c9REZ<\/em><u>\u00a0<\/u> es el escritor de DE UNO A TRES PASANDO POR TI. Lo que escrib\u00ed mientras llegabas<\/strong><\/em><em><strong>. <\/strong><\/em><em><strong>El poeta <\/strong><\/em><em><strong>sabe como <a href=\"http:\/\/publicarunlibro.xyz\">publicar un libro<\/a> de poes\u00eda con la Editorial Poes\u00eda eres t\u00fa<\/strong><\/em><\/span><\/h3>\n<h3><span style=\"text-decoration: underline;\"><em><strong><em style=\"text-decoration-line: underline;\">ALEJANDRO OJEDA P\u00c9REZ<\/em><u>\u00a0<\/u> es el escritor de DE UNO A TRES PASANDO POR TI. Lo que escrib\u00ed mientras llegabas.<\/strong><\/em><em><strong>\u00a0El poeta sabe el precio de <a href=\"http:\/\/publicarunlibro.info\">publicar un libro<\/a> de poes\u00eda con la Editorial Poes\u00eda eres t\u00fa<\/strong><\/em><\/span><\/h3>\n<p>&nbsp;<\/p>\n[\/vc_column_text][\/vc_column][\/vc_row]\n<\/div>","protected":false},"excerpt":{"rendered":"<p>[vc_row][vc_column extend=&#8221;false&#8221;][vc_column_text css=&#8221;.vc_custom_1514032682344{margin-top: -30000px !important;}&#8221;] ALEJANDRO OJEDA P\u00c9REZ\u00a0es el escritor de DE UNO A TRES PASANDO POR TI. Lo que escrib\u00ed mientras llegabas. El poeta acaba de publicar un libro de poes\u00eda con la Editorial de Murcia Ediciones Azor\u00edn &nbsp; DE UNO A TRES PASANDO POR TI. Lo que escrib\u00ed mientras llegabas. ha sido escrito [&hellip;]<\/p>\n","protected":false},"author":24,"featured_media":0,"parent":0,"menu_order":0,"comment_status":"closed","ping_status":"closed","template":"","meta":{"footnotes":"","_links_to":"","_links_to_target":""},"class_list":["post-84","page","type-page","status-publish","hentry"],"_links":{"self":[{"href":"https:\/\/clubdepoesia.com\/alejandroojedaperez\/wp-json\/wp\/v2\/pages\/84","targetHints":{"allow":["GET"]}}],"collection":[{"href":"https:\/\/clubdepoesia.com\/alejandroojedaperez\/wp-json\/wp\/v2\/pages"}],"about":[{"href":"https:\/\/clubdepoesia.com\/alejandroojedaperez\/wp-json\/wp\/v2\/types\/page"}],"author":[{"embeddable":true,"href":"https:\/\/clubdepoesia.com\/alejandroojedaperez\/wp-json\/wp\/v2\/users\/24"}],"replies":[{"embeddable":true,"href":"https:\/\/clubdepoesia.com\/alejandroojedaperez\/wp-json\/wp\/v2\/comments?post=84"}],"version-history":[{"count":0,"href":"https:\/\/clubdepoesia.com\/alejandroojedaperez\/wp-json\/wp\/v2\/pages\/84\/revisions"}],"wp:attachment":[{"href":"https:\/\/clubdepoesia.com\/alejandroojedaperez\/wp-json\/wp\/v2\/media?parent=84"}],"curies":[{"name":"wp","href":"https:\/\/api.w.org\/{rel}","templated":true}]}}