{"id":6,"date":"2011-11-27T13:26:43","date_gmt":"2011-11-27T13:26:43","guid":{"rendered":"http:\/\/clubdepoesia.com\/albertogomezvaquero\/?page_id=6"},"modified":"2011-11-27T18:50:41","modified_gmt":"2011-11-27T18:50:41","slug":"libros","status":"publish","type":"page","link":"https:\/\/clubdepoesia.com\/albertogomezvaquero\/libros\/","title":{"rendered":"Libros"},"content":{"rendered":"<p>&nbsp;<\/p>\n<p>&nbsp;<\/p>\n<p><strong><a href=\"https:\/\/clubdepoesia.com\/albertogomezvaquero\/files\/2011\/11\/Portada2Edici%C3%B3n.jpg\"><img fetchpriority=\"high\" decoding=\"async\" class=\"alignleft size-medium wp-image-22\" title=\"Portada2Edici\u00f3n\" src=\"https:\/\/clubdepoesia.com\/albertogomezvaquero\/files\/2011\/11\/Portada2Edici%C3%B3n-212x300.jpg\" alt=\"\" width=\"212\" height=\"300\" \/><\/a>T\u00edtulo:<\/strong> ENTRE DIOSES Y PEONES<\/p>\n<p><strong>Autor:<\/strong> Alberto G\u00d3MEZ VAQUERO<\/p>\n<p>ISBN-13: 978-84-936295-9-9<\/p>\n<p>Dep\u00f3sito Legal: SE-1862-2010<\/p>\n<p>Editorial: Ediciones Amaniel<\/p>\n<p><a href=\"http:\/\/www.edicionesamaniel.com\/\">http:\/\/www.edicionesamaniel.com<\/a><\/p>\n<p>Hay un asesino en serie suelto en la ciudad. Y Ra\u00fal Hedior, el inspector encargado de atraparlo, no pasa por su mejor momento.<\/p>\n<p>Cr\u00edmenes, relaciones amorosas, decepciones y reglas ocultas se a\u00fanan en esta novela para dar forma a una reflexi\u00f3n sobre la oscura condici\u00f3n del ser humano.\u00a0 Todo ello en el marco de una ciudad peque\u00f1a y asustada que sirve de tablero en una complicada partida entre un criminal que se cree Dios y unos perseguidores que a veces se sienten como meros peones.<\/p>\n<p>El autor consigue en este libro una buena mezcla entre la novela policiaca y el psico-thriller, al tiempo que invita al lector a hacer una reflexi\u00f3n sobre la violencia y sus or\u00edgenes.<\/p>\n<p>.<\/p>\n<p>.<\/p>\n<p>.<\/p>\n<p>.<\/p>\n<p>.<\/p>\n<p>&nbsp;<\/p>\n<p><strong><a href=\"https:\/\/clubdepoesia.com\/albertogomezvaquero\/files\/2011\/11\/Manualdelascosasirreparables.jpg\"><img decoding=\"async\" class=\"alignleft size-medium wp-image-21\" title=\"Manual sobre cosas irreparables\" src=\"https:\/\/clubdepoesia.com\/albertogomezvaquero\/files\/2011\/11\/Manualdelascosasirreparables-211x300.jpg\" alt=\"\" width=\"211\" height=\"300\" \/><\/a><\/strong><\/p>\n<p><strong>T\u00edtulo:<\/strong> MANUAL SOBRE COSAS IRREPARABLES<\/p>\n<p><strong>Autor:<\/strong> Alberto GOMEZ VAQUERO<\/p>\n<p>A\u00f1o de Publicaci\u00f3n: 2011<\/p>\n<p>Colecci\u00f3n: Poes\u00eda<\/p>\n<p>ISBN-13: 978-84-15006-20-6<\/p>\n<p>D\u00e9posito Legal:<\/p>\n<p>Editorial: Poes\u00eda eres t\u00fa<\/p>\n<p><a href=\"http:\/\/www.poesiaerestu.com\/\">http:\/\/www.poesiaerestu.com<\/a><\/p>\n<p>PVP:12 Euros (IVA Incluido). 11,54 Euros (Sin IVA)<\/p>\n","protected":false},"excerpt":{"rendered":"<p>&nbsp; &nbsp; T\u00edtulo: ENTRE DIOSES Y PEONES Autor: Alberto G\u00d3MEZ VAQUERO ISBN-13: 978-84-936295-9-9 Dep\u00f3sito Legal: SE-1862-2010 Editorial: Ediciones Amaniel http:\/\/www.edicionesamaniel.com Hay un asesino en serie suelto en la ciudad. Y Ra\u00fal Hedior, el inspector encargado de atraparlo, no pasa por su mejor momento. Cr\u00edmenes, relaciones amorosas, decepciones y reglas ocultas se a\u00fanan en esta novela [&hellip;]<\/p>\n","protected":false},"author":1,"featured_media":0,"parent":0,"menu_order":2,"comment_status":"open","ping_status":"open","template":"","meta":{"footnotes":"","_links_to":"","_links_to_target":""},"class_list":["post-6","page","type-page","status-publish","hentry"],"_links":{"self":[{"href":"https:\/\/clubdepoesia.com\/albertogomezvaquero\/wp-json\/wp\/v2\/pages\/6","targetHints":{"allow":["GET"]}}],"collection":[{"href":"https:\/\/clubdepoesia.com\/albertogomezvaquero\/wp-json\/wp\/v2\/pages"}],"about":[{"href":"https:\/\/clubdepoesia.com\/albertogomezvaquero\/wp-json\/wp\/v2\/types\/page"}],"author":[{"embeddable":true,"href":"https:\/\/clubdepoesia.com\/albertogomezvaquero\/wp-json\/wp\/v2\/users\/1"}],"replies":[{"embeddable":true,"href":"https:\/\/clubdepoesia.com\/albertogomezvaquero\/wp-json\/wp\/v2\/comments?post=6"}],"version-history":[{"count":0,"href":"https:\/\/clubdepoesia.com\/albertogomezvaquero\/wp-json\/wp\/v2\/pages\/6\/revisions"}],"wp:attachment":[{"href":"https:\/\/clubdepoesia.com\/albertogomezvaquero\/wp-json\/wp\/v2\/media?parent=6"}],"curies":[{"name":"wp","href":"https:\/\/api.w.org\/{rel}","templated":true}]}}