{"id":25,"date":"2015-10-03T11:05:32","date_gmt":"2015-10-03T11:05:32","guid":{"rendered":"http:\/\/clubdepoesia.com\/albertocuencaserrano\/?page_id=25"},"modified":"2022-12-13T10:53:42","modified_gmt":"2022-12-13T10:53:42","slug":"portada","status":"publish","type":"page","link":"https:\/\/clubdepoesia.com\/albertocuencaserrano\/","title":{"rendered":"Portada"},"content":{"rendered":"<div class=\"wpb-content-wrapper\">[vc_row][vc_column extend=&#8221;false&#8221;]\n\t\t<div id=\"rfbwp_69dc0c4f181b8\" class=\"rfbwp-shelf rfbwp-shelf-style-classic\">\n\t\t<div class=\"rfbwp-shelf-books\">\n\t\t\t<a href=\"#momentos_del_alma_completo\" data-fb-id=\"momentos_del_alma_completo\" data-fb-w=\"1480\" data-fb-h=\"2100\" data-fb-r=\"0.7047619047619\" data-fb-p=\"0\" data-fb-n=\"72\" data-fb-fs=\"#ededed|95|true\" class=\"rfbwp-shelf-book\" style=\"\"><img decoding=\"async\" class=\"rfbwp-image\" src=\"https:\/\/clubdepoesia.com\/albertocuencaserrano\/files\/2015\/10\/9788416480050.jpg\"><\/a><a href=\"#talcualmelosusurra\" data-fb-id=\"talcualmelosusurra\" data-fb-w=\"352\" data-fb-h=\"500\" data-fb-r=\"0.704\" data-fb-p=\"0\" data-fb-n=\"72\" data-fb-fs=\"#ededed|95|true\" class=\"rfbwp-shelf-book\" style=\"\"><img decoding=\"async\" class=\"rfbwp-image\" src=\"https:\/\/clubdepoesia.com\/albertocuencaserrano\/files\/2015\/11\/0Portadatalcual.jpg\"><\/a><a href=\"#elamoreslodemas\" data-fb-id=\"elamoreslodemas\" data-fb-w=\"422\" data-fb-h=\"600\" data-fb-r=\"0.70333333333333\" data-fb-p=\"0\" data-fb-n=\"72\" data-fb-fs=\"#ededed|95|true\" class=\"rfbwp-shelf-book\" style=\"\"><img decoding=\"async\" class=\"rfbwp-image\" src=\"https:\/\/clubdepoesia.com\/albertocuencaserrano\/files\/2017\/01\/Portadaelamoreslodemas.jpg\"><\/a><a href=\"#mujer_tenias_que_ser\" data-fb-id=\"mujer_tenias_que_ser\" data-fb-w=\"422\" data-fb-h=\"600\" data-fb-r=\"0.70333333333333\" data-fb-p=\"0\" data-fb-n=\"72\" data-fb-fs=\"#ededed|95|true\" class=\"rfbwp-shelf-book\" style=\"\"><img decoding=\"async\" class=\"rfbwp-image\" src=\"https:\/\/clubdepoesia.com\/albertocuencaserrano\/files\/2017\/01\/0portadaMujerteniasqueser.jpg\"><\/a>\t\t<\/div>\n\t\t<div class=\"rfbwp-shelf-box\"><a href=\"#\" class=\"rfbwp-close\"><\/a><div class=\"rfbwp-shelf-wrap\"><\/div><\/div>\n\t\t<div class=\"rfbwp-shelf-cache\"><\/div>\t\t<div class=\"rfbwp-shelf-display\">\n\t\t\t<div class=\"rfbwp-shelf-front\"><\/div>\n\t\t\t<div class=\"rfbwp-shelf-front-gradient\"><\/div>\n\t\t\t<div class=\"rfbwp-shelf-top\"><\/div>\n\t\t\t<div class=\"rfbwp-shelf-top-gradient\"><\/div>\n\t\t\t<div class=\"rfbwp-shelf-shadow\"><\/div>\n\t\t<\/div>\n\t<\/div>\n\n\t[\/vc_column][\/vc_row][vc_row][vc_column extend=&#8221;false&#8221;][vc_column_text]Alberto Cuenca Serrano, nacido en Madrid, Diplomado en Magisterio por la Universidad Complutense de Madrid, amante de los viajes, para descubrir en otras culturas esa poes\u00eda que envuelve el mundo.<\/p>\n<p>Actualmente reside en Humanes de Madrid, casado y con una ni\u00f1a llamada &#8220;Alma&#8221;, palabra que define muy bien lo que implica su poes\u00eda. Ganador de varios cert\u00e1menes de poes\u00eda y lector apasionado de los libros relacionados con este g\u00e9nero. Es autor de los libros &#8220;Momentos del alma&#8221;, &#8220;Tal cual me lo susurra mi piel&#8221;, &#8220;El amor es lo de m\u00e1s&#8221; y &#8220;Mujer ten\u00edas que ser&#8221;[\/vc_column_text][\/vc_column][\/vc_row]\n<\/div>","protected":false},"excerpt":{"rendered":"<p>[vc_row][vc_column extend=&#8221;false&#8221;][\/vc_column][\/vc_row][vc_row][vc_column extend=&#8221;false&#8221;][vc_column_text]Alberto Cuenca Serrano, nacido en Madrid, Diplomado en Magisterio por la Universidad Complutense de Madrid, amante de los viajes, para descubrir en otras culturas esa poes\u00eda que envuelve el mundo. Actualmente reside en Humanes de Madrid, casado y con una ni\u00f1a llamada &#8220;Alma&#8221;, palabra que define muy bien lo que implica su poes\u00eda. [&hellip;]<\/p>\n","protected":false},"author":24,"featured_media":0,"parent":0,"menu_order":0,"comment_status":"closed","ping_status":"closed","template":"","meta":{"footnotes":"","_links_to":"","_links_to_target":""},"class_list":["post-25","page","type-page","status-publish","hentry"],"_links":{"self":[{"href":"https:\/\/clubdepoesia.com\/albertocuencaserrano\/wp-json\/wp\/v2\/pages\/25","targetHints":{"allow":["GET"]}}],"collection":[{"href":"https:\/\/clubdepoesia.com\/albertocuencaserrano\/wp-json\/wp\/v2\/pages"}],"about":[{"href":"https:\/\/clubdepoesia.com\/albertocuencaserrano\/wp-json\/wp\/v2\/types\/page"}],"author":[{"embeddable":true,"href":"https:\/\/clubdepoesia.com\/albertocuencaserrano\/wp-json\/wp\/v2\/users\/24"}],"replies":[{"embeddable":true,"href":"https:\/\/clubdepoesia.com\/albertocuencaserrano\/wp-json\/wp\/v2\/comments?post=25"}],"version-history":[{"count":0,"href":"https:\/\/clubdepoesia.com\/albertocuencaserrano\/wp-json\/wp\/v2\/pages\/25\/revisions"}],"wp:attachment":[{"href":"https:\/\/clubdepoesia.com\/albertocuencaserrano\/wp-json\/wp\/v2\/media?parent=25"}],"curies":[{"name":"wp","href":"https:\/\/api.w.org\/{rel}","templated":true}]}}